{"id":54,"date":"2021-10-13T09:35:12","date_gmt":"2021-10-13T07:35:12","guid":{"rendered":"https:\/\/doma.melonberries.sk\/?page_id=54"},"modified":"2025-05-24T21:28:24","modified_gmt":"2025-05-24T19:28:24","slug":"o-nas","status":"publish","type":"page","link":"https:\/\/domadesign.nl\/sk\/o-nas\/","title":{"rendered":"O n\u00e1s"},"content":{"rendered":"\t\t<div data-elementor-type=\"wp-page\" data-elementor-id=\"54\" class=\"elementor elementor-54\" data-elementor-post-type=\"page\">\n\t\t\t\t\t\t\t\t\t<section class=\"elementor-section elementor-top-section elementor-element elementor-element-110fd982 elementor-section-boxed elementor-section-height-default elementor-section-height-default\" data-id=\"110fd982\" data-element_type=\"section\" data-settings=\"{&quot;background_background&quot;:&quot;slideshow&quot;,&quot;background_slideshow_gallery&quot;:[{&quot;id&quot;:502,&quot;url&quot;:&quot;https:\\\/\\\/domadesign.nl\\\/\\\/wp-content\\\/uploads\\\/2021\\\/10\\\/bg4.jpg&quot;}],&quot;background_slideshow_loop&quot;:&quot;yes&quot;,&quot;background_slideshow_slide_duration&quot;:5000,&quot;background_slideshow_slide_transition&quot;:&quot;fade&quot;,&quot;background_slideshow_transition_duration&quot;:500}\">\n\t\t\t\t\t\t<div class=\"elementor-container elementor-column-gap-default\">\n\t\t\t\t\t<div class=\"elementor-column elementor-col-50 elementor-top-column elementor-element elementor-element-1891b950\" data-id=\"1891b950\" data-element_type=\"column\">\n\t\t\t<div class=\"elementor-widget-wrap elementor-element-populated\">\n\t\t\t\t\t\t\t\t<div class=\"elementor-element elementor-element-253fcfb7 elementor-widget elementor-widget-heading\" data-id=\"253fcfb7\" data-element_type=\"widget\" data-widget_type=\"heading.default\">\n\t\t\t\t<div class=\"elementor-widget-container\">\n\t\t\t<style>\/*! elementor - v3.15.0 - 09-08-2023 *\/\n.elementor-heading-title{padding:0;margin:0;line-height:1}.elementor-widget-heading .elementor-heading-title[class*=elementor-size-]>a{color:inherit;font-size:inherit;line-height:inherit}.elementor-widget-heading .elementor-heading-title.elementor-size-small{font-size:15px}.elementor-widget-heading .elementor-heading-title.elementor-size-medium{font-size:19px}.elementor-widget-heading .elementor-heading-title.elementor-size-large{font-size:29px}.elementor-widget-heading .elementor-heading-title.elementor-size-xl{font-size:39px}.elementor-widget-heading .elementor-heading-title.elementor-size-xxl{font-size:59px}<\/style><h1 class=\"elementor-heading-title elementor-size-default\">O n\u00e1s<\/h1>\t\t<\/div>\n\t\t\t\t<\/div>\n\t\t\t\t\t<\/div>\n\t\t<\/div>\n\t\t\t\t<div class=\"elementor-column elementor-col-50 elementor-top-column elementor-element elementor-element-192d0f90\" data-id=\"192d0f90\" data-element_type=\"column\">\n\t\t\t<div class=\"elementor-widget-wrap\">\n\t\t\t\t\t\t\t\t\t<\/div>\n\t\t<\/div>\n\t\t\t\t\t\t\t<\/div>\n\t\t<\/section>\n\t\t\t\t<section class=\"elementor-section elementor-top-section elementor-element elementor-element-3d9b6017 elementor-section-content-middle elementor-reverse-mobile elementor-section-boxed elementor-section-height-default elementor-section-height-default\" data-id=\"3d9b6017\" data-element_type=\"section\">\n\t\t\t\t\t\t<div class=\"elementor-container elementor-column-gap-default\">\n\t\t\t\t\t<div class=\"elementor-column elementor-col-50 elementor-top-column elementor-element elementor-element-2d5c7e3a\" data-id=\"2d5c7e3a\" data-element_type=\"column\">\n\t\t\t<div class=\"elementor-widget-wrap elementor-element-populated\">\n\t\t\t\t\t\t\t\t<section class=\"elementor-section elementor-inner-section elementor-element elementor-element-131859c5 elementor-section-boxed elementor-section-height-default elementor-section-height-default\" data-id=\"131859c5\" data-element_type=\"section\">\n\t\t\t\t\t\t<div class=\"elementor-container elementor-column-gap-default\">\n\t\t\t\t\t<div class=\"elementor-column elementor-col-50 elementor-inner-column elementor-element elementor-element-221ace12\" data-id=\"221ace12\" data-element_type=\"column\">\n\t\t\t<div class=\"elementor-widget-wrap elementor-element-populated\">\n\t\t\t\t\t\t\t\t<div class=\"elementor-element elementor-element-4b833fa9 elementor-widget elementor-widget-image\" data-id=\"4b833fa9\" data-element_type=\"widget\" data-widget_type=\"image.default\">\n\t\t\t\t<div class=\"elementor-widget-container\">\n\t\t\t<style>\/*! elementor - v3.15.0 - 09-08-2023 *\/\n.elementor-widget-image{text-align:center}.elementor-widget-image a{display:inline-block}.elementor-widget-image a img[src$=\".svg\"]{width:48px}.elementor-widget-image img{vertical-align:middle;display:inline-block}<\/style>\t\t\t\t\t\t\t\t\t\t\t\t<img loading=\"lazy\" decoding=\"async\" width=\"718\" height=\"718\" src=\"https:\/\/domadesign.nl\/wp-content\/uploads\/2021\/10\/49314180_2146359272088693_5513755907957194752_n.jpg\" class=\"attachment-large size-large wp-image-189\" alt=\"\" srcset=\"https:\/\/domadesign.nl\/wp-content\/uploads\/2021\/10\/49314180_2146359272088693_5513755907957194752_n.jpg 718w, https:\/\/domadesign.nl\/wp-content\/uploads\/2021\/10\/49314180_2146359272088693_5513755907957194752_n-400x400.jpg 400w, https:\/\/domadesign.nl\/wp-content\/uploads\/2021\/10\/49314180_2146359272088693_5513755907957194752_n-100x100.jpg 100w, https:\/\/domadesign.nl\/wp-content\/uploads\/2021\/10\/49314180_2146359272088693_5513755907957194752_n-150x150.jpg 150w, https:\/\/domadesign.nl\/wp-content\/uploads\/2021\/10\/49314180_2146359272088693_5513755907957194752_n-300x300.jpg 300w\" sizes=\"auto, (max-width: 718px) 100vw, 718px\" \/>\t\t\t\t\t\t\t\t\t\t\t\t\t\t\t<\/div>\n\t\t\t\t<\/div>\n\t\t\t\t<div class=\"elementor-element elementor-element-38074230 elementor-widget elementor-widget-image\" data-id=\"38074230\" data-element_type=\"widget\" data-widget_type=\"image.default\">\n\t\t\t\t<div class=\"elementor-widget-container\">\n\t\t\t\t\t\t\t\t\t\t\t\t\t\t\t<img loading=\"lazy\" decoding=\"async\" width=\"800\" height=\"800\" src=\"https:\/\/domadesign.nl\/wp-content\/uploads\/2021\/10\/202337048_4247840138607252_5817996338706312674_n.jpg\" class=\"attachment-large size-large wp-image-192\" alt=\"\" srcset=\"https:\/\/domadesign.nl\/wp-content\/uploads\/2021\/10\/202337048_4247840138607252_5817996338706312674_n.jpg 1000w, https:\/\/domadesign.nl\/wp-content\/uploads\/2021\/10\/202337048_4247840138607252_5817996338706312674_n-400x400.jpg 400w, https:\/\/domadesign.nl\/wp-content\/uploads\/2021\/10\/202337048_4247840138607252_5817996338706312674_n-100x100.jpg 100w, https:\/\/domadesign.nl\/wp-content\/uploads\/2021\/10\/202337048_4247840138607252_5817996338706312674_n-150x150.jpg 150w, https:\/\/domadesign.nl\/wp-content\/uploads\/2021\/10\/202337048_4247840138607252_5817996338706312674_n-300x300.jpg 300w, https:\/\/domadesign.nl\/wp-content\/uploads\/2021\/10\/202337048_4247840138607252_5817996338706312674_n-768x768.jpg 768w\" sizes=\"auto, (max-width: 800px) 100vw, 800px\" \/>\t\t\t\t\t\t\t\t\t\t\t\t\t\t\t<\/div>\n\t\t\t\t<\/div>\n\t\t\t\t\t<\/div>\n\t\t<\/div>\n\t\t\t\t<div class=\"elementor-column elementor-col-50 elementor-inner-column elementor-element elementor-element-17e1ab76\" data-id=\"17e1ab76\" data-element_type=\"column\">\n\t\t\t<div class=\"elementor-widget-wrap elementor-element-populated\">\n\t\t\t\t\t\t\t\t<div class=\"elementor-element elementor-element-476ffff elementor-widget elementor-widget-image\" data-id=\"476ffff\" data-element_type=\"widget\" data-widget_type=\"image.default\">\n\t\t\t\t<div class=\"elementor-widget-container\">\n\t\t\t\t\t\t\t\t\t\t\t\t\t\t\t<img loading=\"lazy\" decoding=\"async\" width=\"800\" height=\"800\" src=\"https:\/\/domadesign.nl\/wp-content\/uploads\/2021\/10\/138057116_3782677255123545_2161848193149405788_n-1024x1024.jpg\" class=\"attachment-large size-large wp-image-190\" alt=\"\" srcset=\"https:\/\/domadesign.nl\/wp-content\/uploads\/2021\/10\/138057116_3782677255123545_2161848193149405788_n-1024x1024.jpg 1024w, https:\/\/domadesign.nl\/wp-content\/uploads\/2021\/10\/138057116_3782677255123545_2161848193149405788_n-400x400.jpg 400w, https:\/\/domadesign.nl\/wp-content\/uploads\/2021\/10\/138057116_3782677255123545_2161848193149405788_n-100x100.jpg 100w, https:\/\/domadesign.nl\/wp-content\/uploads\/2021\/10\/138057116_3782677255123545_2161848193149405788_n-150x150.jpg 150w, https:\/\/domadesign.nl\/wp-content\/uploads\/2021\/10\/138057116_3782677255123545_2161848193149405788_n-300x300.jpg 300w, https:\/\/domadesign.nl\/wp-content\/uploads\/2021\/10\/138057116_3782677255123545_2161848193149405788_n-768x768.jpg 768w, https:\/\/domadesign.nl\/wp-content\/uploads\/2021\/10\/138057116_3782677255123545_2161848193149405788_n.jpg 1536w\" sizes=\"auto, (max-width: 800px) 100vw, 800px\" \/>\t\t\t\t\t\t\t\t\t\t\t\t\t\t\t<\/div>\n\t\t\t\t<\/div>\n\t\t\t\t<div class=\"elementor-element elementor-element-76ef8f7d elementor-widget elementor-widget-image\" data-id=\"76ef8f7d\" data-element_type=\"widget\" data-widget_type=\"image.default\">\n\t\t\t\t<div class=\"elementor-widget-container\">\n\t\t\t\t\t\t\t\t\t\t\t\t\t\t\t<img loading=\"lazy\" decoding=\"async\" width=\"800\" height=\"800\" src=\"https:\/\/domadesign.nl\/wp-content\/uploads\/2021\/10\/181941828_4247839355273997_1225807064536872436_n.jpg\" class=\"attachment-large size-large wp-image-191\" alt=\"\" srcset=\"https:\/\/domadesign.nl\/wp-content\/uploads\/2021\/10\/181941828_4247839355273997_1225807064536872436_n.jpg 1000w, https:\/\/domadesign.nl\/wp-content\/uploads\/2021\/10\/181941828_4247839355273997_1225807064536872436_n-400x400.jpg 400w, https:\/\/domadesign.nl\/wp-content\/uploads\/2021\/10\/181941828_4247839355273997_1225807064536872436_n-100x100.jpg 100w, https:\/\/domadesign.nl\/wp-content\/uploads\/2021\/10\/181941828_4247839355273997_1225807064536872436_n-150x150.jpg 150w, https:\/\/domadesign.nl\/wp-content\/uploads\/2021\/10\/181941828_4247839355273997_1225807064536872436_n-300x300.jpg 300w, https:\/\/domadesign.nl\/wp-content\/uploads\/2021\/10\/181941828_4247839355273997_1225807064536872436_n-768x768.jpg 768w\" sizes=\"auto, (max-width: 800px) 100vw, 800px\" \/>\t\t\t\t\t\t\t\t\t\t\t\t\t\t\t<\/div>\n\t\t\t\t<\/div>\n\t\t\t\t\t<\/div>\n\t\t<\/div>\n\t\t\t\t\t\t\t<\/div>\n\t\t<\/section>\n\t\t\t\t\t<\/div>\n\t\t<\/div>\n\t\t\t\t<div class=\"elementor-column elementor-col-50 elementor-top-column elementor-element elementor-element-6bb53761\" data-id=\"6bb53761\" data-element_type=\"column\">\n\t\t\t<div class=\"elementor-widget-wrap elementor-element-populated\">\n\t\t\t\t\t\t\t\t<div class=\"elementor-element elementor-element-d9fcfbd elementor-widget elementor-widget-heading\" data-id=\"d9fcfbd\" data-element_type=\"widget\" data-widget_type=\"heading.default\">\n\t\t\t\t<div class=\"elementor-widget-container\">\n\t\t\t<h2 class=\"elementor-heading-title elementor-size-default\">Idea vzniku<\/h2>\t\t<\/div>\n\t\t\t\t<\/div>\n\t\t\t\t<div class=\"elementor-element elementor-element-cce679d elementor-widget elementor-widget-text-editor\" data-id=\"cce679d\" data-element_type=\"widget\" data-widget_type=\"text-editor.default\">\n\t\t\t\t<div class=\"elementor-widget-container\">\n\t\t\t<style>\/*! elementor - v3.15.0 - 09-08-2023 *\/\n.elementor-widget-text-editor.elementor-drop-cap-view-stacked .elementor-drop-cap{background-color:#69727d;color:#fff}.elementor-widget-text-editor.elementor-drop-cap-view-framed .elementor-drop-cap{color:#69727d;border:3px solid;background-color:transparent}.elementor-widget-text-editor:not(.elementor-drop-cap-view-default) .elementor-drop-cap{margin-top:8px}.elementor-widget-text-editor:not(.elementor-drop-cap-view-default) .elementor-drop-cap-letter{width:1em;height:1em}.elementor-widget-text-editor .elementor-drop-cap{float:left;text-align:center;line-height:1;font-size:50px}.elementor-widget-text-editor .elementor-drop-cap-letter{display:inline-block}<\/style>\t\t\t\t<p>U\u017e viac ako dve desa\u0165ro\u010dia sa venujem rekon\u0161trukci\u00e1m interi\u00e9rov, preva\u017ene v Holandsku. Po\u010das t\u00fdchto rokov som mal mo\u017enos\u0165 vidie\u0165 mno\u017estvo kr\u00e1snych interi\u00e9rov, n\u00e1bytkov a bytov\u00fdch doplnkov od r\u00f4znych dizajn\u00e9rov a zna\u010diek.<\/p><p>Napriek tejto bohatej in\u0161pir\u00e1cii ver\u00edm, \u017ee tu st\u00e1le existuje priestor na nie\u010do nov\u00e9. Pr\u00e1ve z tejto my\u0161lienky vznikol n\u00e1pad vytvori\u0165 str\u00e1nku domadesign.nl, ktorou chcem predstavi\u0165 nie\u010do in\u00e9 a origin\u00e1lne.<\/p>\t\t\t\t\t\t<\/div>\n\t\t\t\t<\/div>\n\t\t\t\t<div class=\"elementor-element elementor-element-0ba8bd7 elementor-widget elementor-widget-heading\" data-id=\"0ba8bd7\" data-element_type=\"widget\" data-widget_type=\"heading.default\">\n\t\t\t\t<div class=\"elementor-widget-container\">\n\t\t\t<h5 class=\"elementor-heading-title elementor-size-default\">DOMINIK MATFIAK<\/h5>\t\t<\/div>\n\t\t\t\t<\/div>\n\t\t\t\t\t<\/div>\n\t\t<\/div>\n\t\t\t\t\t\t\t<\/div>\n\t\t<\/section>\n\t\t\t\t<section class=\"elementor-section elementor-top-section elementor-element elementor-element-7c1b042 elementor-section-content-middle elementor-section-boxed elementor-section-height-default elementor-section-height-default\" data-id=\"7c1b042\" data-element_type=\"section\">\n\t\t\t\t\t\t<div class=\"elementor-container elementor-column-gap-default\">\n\t\t\t\t\t<div class=\"elementor-column elementor-col-50 elementor-top-column elementor-element elementor-element-2436ea5\" data-id=\"2436ea5\" data-element_type=\"column\">\n\t\t\t<div class=\"elementor-widget-wrap elementor-element-populated\">\n\t\t\t\t\t\t\t\t<div class=\"elementor-element elementor-element-9756167 elementor-widget elementor-widget-heading\" data-id=\"9756167\" data-element_type=\"widget\" data-widget_type=\"heading.default\">\n\t\t\t\t<div class=\"elementor-widget-container\">\n\t\t\t<h2 class=\"elementor-heading-title elementor-size-default\">Kvalitn\u00ed remeseln\u00edci z v\u00fdchodu<\/h2>\t\t<\/div>\n\t\t\t\t<\/div>\n\t\t\t\t<div class=\"elementor-element elementor-element-2e8cf88 elementor-widget elementor-widget-text-editor\" data-id=\"2e8cf88\" data-element_type=\"widget\" data-widget_type=\"text-editor.default\">\n\t\t\t\t<div class=\"elementor-widget-container\">\n\t\t\t\t\t\t\t<p>Moje korene poch\u00e1dzaj\u00fa zo Slovenska, kde som spoznal mnoho zru\u010dn\u00fdch remeseln\u00edkov, ktor\u00ed nie s\u00fa zn\u00e1mi svojou tvorbou na z\u00e1pade. Pod zna\u010dkou DOMA Design chcem t\u00fdchto \u0161ikovn\u00fdch remeseln\u00edkov spropagova\u0165 a predstavi\u0165 ich kvalitu pr\u00e1ce, ktor\u00e1 sa vyrovn\u00e1 svetov\u00fdm zna\u010dk\u00e1m.<\/p>\t\t\t\t\t\t<\/div>\n\t\t\t\t<\/div>\n\t\t\t\t<div class=\"elementor-element elementor-element-872ad80 elementor-mobile-align-center elementor-widget elementor-widget-button\" data-id=\"872ad80\" data-element_type=\"widget\" data-widget_type=\"button.default\">\n\t\t\t\t<div class=\"elementor-widget-container\">\n\t\t\t\t\t<div class=\"elementor-button-wrapper\">\n\t\t\t<a class=\"elementor-button elementor-button-link elementor-size-sm\" href=\"https:\/\/domadesign.nl\/sk\/znacky\/\">\n\t\t\t\t\t\t<span class=\"elementor-button-content-wrapper\">\n\t\t\t\t\t\t<span class=\"elementor-button-text\">Zobrazi\u0165 zna\u010dky<\/span>\n\t\t<\/span>\n\t\t\t\t\t<\/a>\n\t\t<\/div>\n\t\t\t\t<\/div>\n\t\t\t\t<\/div>\n\t\t\t\t\t<\/div>\n\t\t<\/div>\n\t\t\t\t<div class=\"elementor-column elementor-col-50 elementor-top-column elementor-element elementor-element-31b4458\" data-id=\"31b4458\" data-element_type=\"column\">\n\t\t\t<div class=\"elementor-widget-wrap elementor-element-populated\">\n\t\t\t\t\t\t\t\t<section class=\"elementor-section elementor-inner-section elementor-element elementor-element-2925a80 elementor-section-boxed elementor-section-height-default elementor-section-height-default\" data-id=\"2925a80\" data-element_type=\"section\">\n\t\t\t\t\t\t<div class=\"elementor-container elementor-column-gap-default\">\n\t\t\t\t\t<div class=\"elementor-column elementor-col-50 elementor-inner-column elementor-element elementor-element-2b43ade\" data-id=\"2b43ade\" data-element_type=\"column\">\n\t\t\t<div class=\"elementor-widget-wrap elementor-element-populated\">\n\t\t\t\t\t\t\t\t<div class=\"elementor-element elementor-element-70a51e8d elementor-widget elementor-widget-image\" data-id=\"70a51e8d\" data-element_type=\"widget\" data-widget_type=\"image.default\">\n\t\t\t\t<div class=\"elementor-widget-container\">\n\t\t\t\t\t\t\t\t\t\t\t\t\t\t\t<img loading=\"lazy\" decoding=\"async\" width=\"800\" height=\"808\" src=\"https:\/\/domadesign.nl\/wp-content\/uploads\/2022\/05\/4.relief-big-cream-200cm-.jpg\" class=\"attachment-large size-large wp-image-951\" alt=\"\" srcset=\"https:\/\/domadesign.nl\/wp-content\/uploads\/2022\/05\/4.relief-big-cream-200cm-.jpg 950w, https:\/\/domadesign.nl\/wp-content\/uploads\/2022\/05\/4.relief-big-cream-200cm--100x100.jpg 100w, https:\/\/domadesign.nl\/wp-content\/uploads\/2022\/05\/4.relief-big-cream-200cm--400x404.jpg 400w, https:\/\/domadesign.nl\/wp-content\/uploads\/2022\/05\/4.relief-big-cream-200cm--297x300.jpg 297w, https:\/\/domadesign.nl\/wp-content\/uploads\/2022\/05\/4.relief-big-cream-200cm--768x776.jpg 768w, https:\/\/domadesign.nl\/wp-content\/uploads\/2022\/05\/4.relief-big-cream-200cm--600x606.jpg 600w\" sizes=\"auto, (max-width: 800px) 100vw, 800px\" \/>\t\t\t\t\t\t\t\t\t\t\t\t\t\t\t<\/div>\n\t\t\t\t<\/div>\n\t\t\t\t<div class=\"elementor-element elementor-element-4c0dc9eb elementor-widget elementor-widget-image\" data-id=\"4c0dc9eb\" data-element_type=\"widget\" data-widget_type=\"image.default\">\n\t\t\t\t<div class=\"elementor-widget-container\">\n\t\t\t\t\t\t\t\t\t\t\t\t\t\t\t<img decoding=\"async\" src=\"https:\/\/domadesign.nl\/wp-content\/uploads\/elementor\/thumbs\/stvol-pg5cz1rh33515245q4typ8gqjonqlzzxnqy2nn9mt4.jpg\" title=\"stvol\" alt=\"stvol\" loading=\"lazy\" \/>\t\t\t\t\t\t\t\t\t\t\t\t\t\t\t<\/div>\n\t\t\t\t<\/div>\n\t\t\t\t\t<\/div>\n\t\t<\/div>\n\t\t\t\t<div class=\"elementor-column elementor-col-50 elementor-inner-column elementor-element elementor-element-d61fedb\" data-id=\"d61fedb\" data-element_type=\"column\">\n\t\t\t<div class=\"elementor-widget-wrap elementor-element-populated\">\n\t\t\t\t\t\t\t\t<div class=\"elementor-element elementor-element-74d4345d elementor-widget elementor-widget-image\" data-id=\"74d4345d\" data-element_type=\"widget\" data-widget_type=\"image.default\">\n\t\t\t\t<div class=\"elementor-widget-container\">\n\t\t\t\t\t\t\t\t\t\t\t\t\t\t\t<img decoding=\"async\" src=\"https:\/\/domadesign.nl\/wp-content\/uploads\/elementor\/thumbs\/milos-ostrolucky-pehzo9rszma051sji715kh68kptdsci6ccwewr39o8.jpg\" title=\"milos-ostrolucky\" alt=\"milos-ostrolucky\" loading=\"lazy\" \/>\t\t\t\t\t\t\t\t\t\t\t\t\t\t\t<\/div>\n\t\t\t\t<\/div>\n\t\t\t\t<div class=\"elementor-element elementor-element-70f83c25 elementor-widget elementor-widget-image\" data-id=\"70f83c25\" data-element_type=\"widget\" data-widget_type=\"image.default\">\n\t\t\t\t<div class=\"elementor-widget-container\">\n\t\t\t\t\t\t\t\t\t\t\t\t\t\t\t<img decoding=\"async\" src=\"https:\/\/domadesign.nl\/wp-content\/uploads\/elementor\/thumbs\/polacek-1-pg5cshtzfo626xmuzsulte01fyylxyzb3b7776zg6w.jpg\" title=\"polacek\" alt=\"polacek\" loading=\"lazy\" \/>\t\t\t\t\t\t\t\t\t\t\t\t\t\t\t<\/div>\n\t\t\t\t<\/div>\n\t\t\t\t\t<\/div>\n\t\t<\/div>\n\t\t\t\t\t\t\t<\/div>\n\t\t<\/section>\n\t\t\t\t\t<\/div>\n\t\t<\/div>\n\t\t\t\t\t\t\t<\/div>\n\t\t<\/section>\n\t\t\t\t\t\t\t<\/div>\n\t\t","protected":false},"excerpt":{"rendered":"<p>O n\u00e1s Idea vzniku U\u017e viac ako dve desa\u0165ro\u010dia sa venujem rekon\u0161trukci\u00e1m interi\u00e9rov, preva\u017ene v Holandsku. Po\u010das t\u00fdchto rokov som mal mo\u017enos\u0165 vidie\u0165 mno\u017estvo kr\u00e1snych interi\u00e9rov, n\u00e1bytkov a bytov\u00fdch doplnkov od r\u00f4znych dizajn\u00e9rov a zna\u010diek. Napriek tejto bohatej in\u0161pir\u00e1cii ver\u00edm, \u017ee tu st\u00e1le existuje priestor na nie\u010do nov\u00e9. Pr\u00e1ve z tejto my\u0161lienky vznikol n\u00e1pad vytvori\u0165 [&hellip;]<\/p>\n","protected":false},"author":1,"featured_media":0,"parent":0,"menu_order":0,"comment_status":"closed","ping_status":"closed","template":"","meta":{"footnotes":""},"class_list":["post-54","page","type-page","status-publish","hentry"],"yoast_head":"<!-- This site is optimized with the Yoast SEO plugin v20.13 - https:\/\/yoast.com\/wordpress\/plugins\/seo\/ -->\n<title>O n\u00e1s - DOMA<\/title>\n<meta name=\"robots\" content=\"index, follow, max-snippet:-1, max-image-preview:large, max-video-preview:-1\" \/>\n<link rel=\"canonical\" href=\"https:\/\/domadesign.nl\/sk\/o-nas\/\" \/>\n<meta property=\"og:locale\" content=\"sk_SK\" \/>\n<meta property=\"og:type\" content=\"article\" \/>\n<meta property=\"og:title\" content=\"O n\u00e1s - DOMA\" \/>\n<meta property=\"og:description\" content=\"O n\u00e1s Idea vzniku U\u017e viac ako dve desa\u0165ro\u010dia sa venujem rekon\u0161trukci\u00e1m interi\u00e9rov, preva\u017ene v Holandsku. Po\u010das t\u00fdchto rokov som mal mo\u017enos\u0165 vidie\u0165 mno\u017estvo kr\u00e1snych interi\u00e9rov, n\u00e1bytkov a bytov\u00fdch doplnkov od r\u00f4znych dizajn\u00e9rov a zna\u010diek. Napriek tejto bohatej in\u0161pir\u00e1cii ver\u00edm, \u017ee tu st\u00e1le existuje priestor na nie\u010do nov\u00e9. Pr\u00e1ve z tejto my\u0161lienky vznikol n\u00e1pad vytvori\u0165 [&hellip;]\" \/>\n<meta property=\"og:url\" content=\"https:\/\/domadesign.nl\/sk\/o-nas\/\" \/>\n<meta property=\"og:site_name\" content=\"DOMA\" \/>\n<meta property=\"article:modified_time\" content=\"2025-05-24T19:28:24+00:00\" \/>\n<meta property=\"og:image\" content=\"https:\/\/domadesign.nl\/wp-content\/uploads\/2021\/10\/49314180_2146359272088693_5513755907957194752_n.jpg\" \/>\n<meta name=\"twitter:card\" content=\"summary_large_image\" \/>\n<meta name=\"twitter:label1\" content=\"Predpokladan\u00fd \u010das \u010d\u00edtania\" \/>\n\t<meta name=\"twitter:data1\" content=\"3 min\u00faty\" \/>\n<script type=\"application\/ld+json\" class=\"yoast-schema-graph\">{\"@context\":\"https:\/\/schema.org\",\"@graph\":[{\"@type\":\"WebPage\",\"@id\":\"https:\/\/domadesign.nl\/sk\/o-nas\/\",\"url\":\"https:\/\/domadesign.nl\/sk\/o-nas\/\",\"name\":\"O n\u00e1s - DOMA\",\"isPartOf\":{\"@id\":\"https:\/\/domadesign.nl\/#website\"},\"datePublished\":\"2021-10-13T07:35:12+00:00\",\"dateModified\":\"2025-05-24T19:28:24+00:00\",\"breadcrumb\":{\"@id\":\"https:\/\/domadesign.nl\/sk\/o-nas\/#breadcrumb\"},\"inLanguage\":\"sk-SK\",\"potentialAction\":[{\"@type\":\"ReadAction\",\"target\":[\"https:\/\/domadesign.nl\/sk\/o-nas\/\"]}]},{\"@type\":\"BreadcrumbList\",\"@id\":\"https:\/\/domadesign.nl\/sk\/o-nas\/#breadcrumb\",\"itemListElement\":[{\"@type\":\"ListItem\",\"position\":1,\"name\":\"Domovsk\u00e1 str\u00e1nka\",\"item\":\"https:\/\/domadesign.nl\/sk\/\"},{\"@type\":\"ListItem\",\"position\":2,\"name\":\"O n\u00e1s\"}]},{\"@type\":\"WebSite\",\"@id\":\"https:\/\/domadesign.nl\/#website\",\"url\":\"https:\/\/domadesign.nl\/\",\"name\":\"DOMA\",\"description\":\"Luxusn\u00fd interi\u00e9r\",\"potentialAction\":[{\"@type\":\"SearchAction\",\"target\":{\"@type\":\"EntryPoint\",\"urlTemplate\":\"https:\/\/domadesign.nl\/?s={search_term_string}\"},\"query-input\":\"required name=search_term_string\"}],\"inLanguage\":\"sk-SK\"}]}<\/script>\n<!-- \/ Yoast SEO plugin. -->","yoast_head_json":{"title":"O n\u00e1s - DOMA","robots":{"index":"index","follow":"follow","max-snippet":"max-snippet:-1","max-image-preview":"max-image-preview:large","max-video-preview":"max-video-preview:-1"},"canonical":"https:\/\/domadesign.nl\/sk\/o-nas\/","og_locale":"sk_SK","og_type":"article","og_title":"O n\u00e1s - DOMA","og_description":"O n\u00e1s Idea vzniku U\u017e viac ako dve desa\u0165ro\u010dia sa venujem rekon\u0161trukci\u00e1m interi\u00e9rov, preva\u017ene v Holandsku. Po\u010das t\u00fdchto rokov som mal mo\u017enos\u0165 vidie\u0165 mno\u017estvo kr\u00e1snych interi\u00e9rov, n\u00e1bytkov a bytov\u00fdch doplnkov od r\u00f4znych dizajn\u00e9rov a zna\u010diek. Napriek tejto bohatej in\u0161pir\u00e1cii ver\u00edm, \u017ee tu st\u00e1le existuje priestor na nie\u010do nov\u00e9. Pr\u00e1ve z tejto my\u0161lienky vznikol n\u00e1pad vytvori\u0165 [&hellip;]","og_url":"https:\/\/domadesign.nl\/sk\/o-nas\/","og_site_name":"DOMA","article_modified_time":"2025-05-24T19:28:24+00:00","og_image":[{"url":"https:\/\/domadesign.nl\/wp-content\/uploads\/2021\/10\/49314180_2146359272088693_5513755907957194752_n.jpg"}],"twitter_card":"summary_large_image","twitter_misc":{"Predpokladan\u00fd \u010das \u010d\u00edtania":"3 min\u00faty"},"schema":{"@context":"https:\/\/schema.org","@graph":[{"@type":"WebPage","@id":"https:\/\/domadesign.nl\/sk\/o-nas\/","url":"https:\/\/domadesign.nl\/sk\/o-nas\/","name":"O n\u00e1s - DOMA","isPartOf":{"@id":"https:\/\/domadesign.nl\/#website"},"datePublished":"2021-10-13T07:35:12+00:00","dateModified":"2025-05-24T19:28:24+00:00","breadcrumb":{"@id":"https:\/\/domadesign.nl\/sk\/o-nas\/#breadcrumb"},"inLanguage":"sk-SK","potentialAction":[{"@type":"ReadAction","target":["https:\/\/domadesign.nl\/sk\/o-nas\/"]}]},{"@type":"BreadcrumbList","@id":"https:\/\/domadesign.nl\/sk\/o-nas\/#breadcrumb","itemListElement":[{"@type":"ListItem","position":1,"name":"Domovsk\u00e1 str\u00e1nka","item":"https:\/\/domadesign.nl\/sk\/"},{"@type":"ListItem","position":2,"name":"O n\u00e1s"}]},{"@type":"WebSite","@id":"https:\/\/domadesign.nl\/#website","url":"https:\/\/domadesign.nl\/","name":"DOMA","description":"Luxusn\u00fd interi\u00e9r","potentialAction":[{"@type":"SearchAction","target":{"@type":"EntryPoint","urlTemplate":"https:\/\/domadesign.nl\/?s={search_term_string}"},"query-input":"required name=search_term_string"}],"inLanguage":"sk-SK"}]}},"_links":{"self":[{"href":"https:\/\/domadesign.nl\/sk\/wp-json\/wp\/v2\/pages\/54","targetHints":{"allow":["GET"]}}],"collection":[{"href":"https:\/\/domadesign.nl\/sk\/wp-json\/wp\/v2\/pages"}],"about":[{"href":"https:\/\/domadesign.nl\/sk\/wp-json\/wp\/v2\/types\/page"}],"author":[{"embeddable":true,"href":"https:\/\/domadesign.nl\/sk\/wp-json\/wp\/v2\/users\/1"}],"replies":[{"embeddable":true,"href":"https:\/\/domadesign.nl\/sk\/wp-json\/wp\/v2\/comments?post=54"}],"version-history":[{"count":49,"href":"https:\/\/domadesign.nl\/sk\/wp-json\/wp\/v2\/pages\/54\/revisions"}],"predecessor-version":[{"id":4898,"href":"https:\/\/domadesign.nl\/sk\/wp-json\/wp\/v2\/pages\/54\/revisions\/4898"}],"wp:attachment":[{"href":"https:\/\/domadesign.nl\/sk\/wp-json\/wp\/v2\/media?parent=54"}],"curies":[{"name":"wp","href":"https:\/\/api.w.org\/{rel}","templated":true}]}}