{"id":257,"date":"2021-10-13T13:41:36","date_gmt":"2021-10-13T11:41:36","guid":{"rendered":"https:\/\/doma.melonberries.sk\/?post_type=product&#038;p=257"},"modified":"2025-05-13T20:35:17","modified_gmt":"2025-05-13T18:35:17","slug":"nusakan","status":"publish","type":"product","link":"https:\/\/domadesign.nl\/sk\/produkt\/nusakan\/","title":{"rendered":"NUSAKAN"},"content":{"rendered":"<h6>Technick\u00e1 \u0161pecifik\u00e1cia<\/h6>\n<p>d\u013a\u017eka 1760 mm, \u0161\u00edrka 1100 mm, v\u00fd\u0161ka 430 mm, hmotnos\u0165 110 kg<\/p>\n<h6>Materi\u00e1l stolovej dosky<\/h6>\n<p>metalick\u00e1 farba, tekut\u00fd kov<\/p>\n<h6>Materi\u00e1l podno\u017ee<\/h6>\n<p>metalick\u00e1 farba, tekut\u00fd kov<\/p>\n<h6>Personaliz\u00e1cia<\/h6>\n<p>Rozmery stola, povrchov\u00e9 \u00fapravy stola je mo\u017en\u00e9 prisp\u00f4sobi\u0165 po\u017eiadavk\u00e1m z\u00e1kazn\u00edka. Na v\u00fdber je mno\u017estvo farebn\u00fdch preveden\u00ed. Pre bli\u017e\u0161ie inform\u00e1cie n\u00e1s pros\u00edm kontaktujte.<\/p>\n","protected":false},"excerpt":{"rendered":"<p>Konferen\u010dn\u00fd stol\u00edk NUSAKAN je tvoren\u00fd 3 samostatn\u00fdmi objektami organick\u00e9ho tvaru usporiadan\u00fdmi do jedn\u00e9ho celku tvoriaceho st\u00f4l s elipsovitou vrchnou plochou. Jednoduch\u00e9 l\u00ednie a farebn\u00fd minimalizmus upriamuj\u00fa pozornos\u0165\u2019 na ladn\u00e9 tvary stola.<\/p>\n<p>Z ka\u017ed\u00e9ho uhla poh\u013eadu je in\u00fd. Matn\u00e9 metalick\u00e9 prevedenie povrchu stola nedovol\u00ed zasahova\u0165&#8216; odleskom okolia do jeho tvaru a nech\u00e1 ho vynikn\u00fa\u0165\u2019 v priestore. Povrch stola je lakovan\u00fd vysoko odoln\u00fdm lakom.<\/p>\n","protected":false},"featured_media":4070,"template":"","meta":[],"product_brand":[],"product_cat":[21],"product_tag":[23],"class_list":{"0":"post-257","1":"product","2":"type-product","3":"status-publish","4":"has-post-thumbnail","6":"product_cat-nezaradene","7":"product_tag-domovoi","9":"first","10":"outofstock","11":"shipping-taxable","12":"purchasable","13":"product-type-simple"},"yoast_head":"<!-- This site is optimized with the Yoast SEO plugin v20.13 - https:\/\/yoast.com\/wordpress\/plugins\/seo\/ -->\n<title>NUSAKAN - DOMA<\/title>\n<meta name=\"robots\" content=\"index, follow, max-snippet:-1, max-image-preview:large, max-video-preview:-1\" \/>\n<link rel=\"canonical\" href=\"https:\/\/domadesign.nl\/sk\/produkt\/nusakan\/\" \/>\n<meta property=\"og:locale\" content=\"sk_SK\" \/>\n<meta property=\"og:type\" content=\"article\" \/>\n<meta property=\"og:title\" content=\"NUSAKAN - DOMA\" \/>\n<meta property=\"og:description\" content=\"Konferen\u010dn\u00fd stol\u00edk NUSAKAN je tvoren\u00fd 3 samostatn\u00fdmi objektami organick\u00e9ho tvaru usporiadan\u00fdmi do jedn\u00e9ho celku tvoriaceho st\u00f4l s elipsovitou vrchnou plochou. Jednoduch\u00e9 l\u00ednie a farebn\u00fd minimalizmus upriamuj\u00fa pozornos\u0165\u2019 na ladn\u00e9 tvary stola.  Z ka\u017ed\u00e9ho uhla poh\u013eadu je in\u00fd. Matn\u00e9 metalick\u00e9 prevedenie povrchu stola nedovol\u00ed zasahova\u0165&#039; odleskom okolia do jeho tvaru a nech\u00e1 ho vynikn\u00fa\u0165\u2019 v priestore. Povrch stola je lakovan\u00fd vysoko odoln\u00fdm lakom.\" \/>\n<meta property=\"og:url\" content=\"https:\/\/domadesign.nl\/sk\/produkt\/nusakan\/\" \/>\n<meta property=\"og:site_name\" content=\"DOMA\" \/>\n<meta property=\"article:modified_time\" content=\"2025-05-13T18:35:17+00:00\" \/>\n<meta property=\"og:image\" content=\"https:\/\/domadesign.nl\/wp-content\/uploads\/2021\/10\/14-NUSAKAN-sq.png\" \/>\n\t<meta property=\"og:image:width\" content=\"3300\" \/>\n\t<meta property=\"og:image:height\" content=\"3300\" \/>\n\t<meta property=\"og:image:type\" content=\"image\/png\" \/>\n<meta name=\"twitter:card\" content=\"summary_large_image\" \/>\n<meta name=\"twitter:label1\" content=\"Predpokladan\u00fd \u010das \u010d\u00edtania\" \/>\n\t<meta name=\"twitter:data1\" content=\"1 min\u00fata\" \/>\n<script type=\"application\/ld+json\" class=\"yoast-schema-graph\">{\"@context\":\"https:\/\/schema.org\",\"@graph\":[{\"@type\":\"WebPage\",\"@id\":\"https:\/\/domadesign.nl\/sk\/produkt\/nusakan\/\",\"url\":\"https:\/\/domadesign.nl\/sk\/produkt\/nusakan\/\",\"name\":\"NUSAKAN - DOMA\",\"isPartOf\":{\"@id\":\"https:\/\/domadesign.nl\/#website\"},\"datePublished\":\"2021-10-13T11:41:36+00:00\",\"dateModified\":\"2025-05-13T18:35:17+00:00\",\"breadcrumb\":{\"@id\":\"https:\/\/domadesign.nl\/sk\/produkt\/nusakan\/#breadcrumb\"},\"inLanguage\":\"sk-SK\",\"potentialAction\":[{\"@type\":\"ReadAction\",\"target\":[\"https:\/\/domadesign.nl\/sk\/produkt\/nusakan\/\"]}]},{\"@type\":\"BreadcrumbList\",\"@id\":\"https:\/\/domadesign.nl\/sk\/produkt\/nusakan\/#breadcrumb\",\"itemListElement\":[{\"@type\":\"ListItem\",\"position\":1,\"name\":\"Domovsk\u00e1 str\u00e1nka\",\"item\":\"https:\/\/domadesign.nl\/sk\/\"},{\"@type\":\"ListItem\",\"position\":2,\"name\":\"Obchod\",\"item\":\"https:\/\/domadesign.nl\/obchod\/\"},{\"@type\":\"ListItem\",\"position\":3,\"name\":\"NUSAKAN\"}]},{\"@type\":\"WebSite\",\"@id\":\"https:\/\/domadesign.nl\/#website\",\"url\":\"https:\/\/domadesign.nl\/\",\"name\":\"DOMA\",\"description\":\"Luxusn\u00fd interi\u00e9r\",\"potentialAction\":[{\"@type\":\"SearchAction\",\"target\":{\"@type\":\"EntryPoint\",\"urlTemplate\":\"https:\/\/domadesign.nl\/?s={search_term_string}\"},\"query-input\":\"required name=search_term_string\"}],\"inLanguage\":\"sk-SK\"}]}<\/script>\n<!-- \/ Yoast SEO plugin. -->","yoast_head_json":{"title":"NUSAKAN - DOMA","robots":{"index":"index","follow":"follow","max-snippet":"max-snippet:-1","max-image-preview":"max-image-preview:large","max-video-preview":"max-video-preview:-1"},"canonical":"https:\/\/domadesign.nl\/sk\/produkt\/nusakan\/","og_locale":"sk_SK","og_type":"article","og_title":"NUSAKAN - DOMA","og_description":"Konferen\u010dn\u00fd stol\u00edk NUSAKAN je tvoren\u00fd 3 samostatn\u00fdmi objektami organick\u00e9ho tvaru usporiadan\u00fdmi do jedn\u00e9ho celku tvoriaceho st\u00f4l s elipsovitou vrchnou plochou. Jednoduch\u00e9 l\u00ednie a farebn\u00fd minimalizmus upriamuj\u00fa pozornos\u0165\u2019 na ladn\u00e9 tvary stola.  Z ka\u017ed\u00e9ho uhla poh\u013eadu je in\u00fd. Matn\u00e9 metalick\u00e9 prevedenie povrchu stola nedovol\u00ed zasahova\u0165' odleskom okolia do jeho tvaru a nech\u00e1 ho vynikn\u00fa\u0165\u2019 v priestore. Povrch stola je lakovan\u00fd vysoko odoln\u00fdm lakom.","og_url":"https:\/\/domadesign.nl\/sk\/produkt\/nusakan\/","og_site_name":"DOMA","article_modified_time":"2025-05-13T18:35:17+00:00","og_image":[{"width":3300,"height":3300,"url":"https:\/\/domadesign.nl\/wp-content\/uploads\/2021\/10\/14-NUSAKAN-sq.png","type":"image\/png"}],"twitter_card":"summary_large_image","twitter_misc":{"Predpokladan\u00fd \u010das \u010d\u00edtania":"1 min\u00fata"},"schema":{"@context":"https:\/\/schema.org","@graph":[{"@type":"WebPage","@id":"https:\/\/domadesign.nl\/sk\/produkt\/nusakan\/","url":"https:\/\/domadesign.nl\/sk\/produkt\/nusakan\/","name":"NUSAKAN - DOMA","isPartOf":{"@id":"https:\/\/domadesign.nl\/#website"},"datePublished":"2021-10-13T11:41:36+00:00","dateModified":"2025-05-13T18:35:17+00:00","breadcrumb":{"@id":"https:\/\/domadesign.nl\/sk\/produkt\/nusakan\/#breadcrumb"},"inLanguage":"sk-SK","potentialAction":[{"@type":"ReadAction","target":["https:\/\/domadesign.nl\/sk\/produkt\/nusakan\/"]}]},{"@type":"BreadcrumbList","@id":"https:\/\/domadesign.nl\/sk\/produkt\/nusakan\/#breadcrumb","itemListElement":[{"@type":"ListItem","position":1,"name":"Domovsk\u00e1 str\u00e1nka","item":"https:\/\/domadesign.nl\/sk\/"},{"@type":"ListItem","position":2,"name":"Obchod","item":"https:\/\/domadesign.nl\/obchod\/"},{"@type":"ListItem","position":3,"name":"NUSAKAN"}]},{"@type":"WebSite","@id":"https:\/\/domadesign.nl\/#website","url":"https:\/\/domadesign.nl\/","name":"DOMA","description":"Luxusn\u00fd interi\u00e9r","potentialAction":[{"@type":"SearchAction","target":{"@type":"EntryPoint","urlTemplate":"https:\/\/domadesign.nl\/?s={search_term_string}"},"query-input":"required name=search_term_string"}],"inLanguage":"sk-SK"}]}},"_links":{"self":[{"href":"https:\/\/domadesign.nl\/sk\/wp-json\/wp\/v2\/product\/257","targetHints":{"allow":["GET"]}}],"collection":[{"href":"https:\/\/domadesign.nl\/sk\/wp-json\/wp\/v2\/product"}],"about":[{"href":"https:\/\/domadesign.nl\/sk\/wp-json\/wp\/v2\/types\/product"}],"wp:featuredmedia":[{"embeddable":true,"href":"https:\/\/domadesign.nl\/sk\/wp-json\/wp\/v2\/media\/4070"}],"wp:attachment":[{"href":"https:\/\/domadesign.nl\/sk\/wp-json\/wp\/v2\/media?parent=257"}],"wp:term":[{"taxonomy":"product_brand","embeddable":true,"href":"https:\/\/domadesign.nl\/sk\/wp-json\/wp\/v2\/product_brand?post=257"},{"taxonomy":"product_cat","embeddable":true,"href":"https:\/\/domadesign.nl\/sk\/wp-json\/wp\/v2\/product_cat?post=257"},{"taxonomy":"product_tag","embeddable":true,"href":"https:\/\/domadesign.nl\/sk\/wp-json\/wp\/v2\/product_tag?post=257"}],"curies":[{"name":"wp","href":"https:\/\/api.w.org\/{rel}","templated":true}]}}