{"id":2943,"date":"2024-05-22T12:30:13","date_gmt":"2024-05-22T10:30:13","guid":{"rendered":"https:\/\/domadesign.nl\/?post_type=product&#038;p=2943"},"modified":"2025-01-13T15:31:40","modified_gmt":"2025-01-13T14:31:40","slug":"postel-panorama-tatry-xxl","status":"publish","type":"product","link":"https:\/\/domadesign.nl\/sk\/produkt\/postel-panorama-tatry-xxl\/","title":{"rendered":"POSTE\u013d PANOR\u00c1MA TATRY XXL"},"content":{"rendered":"","protected":false},"excerpt":{"rendered":"<p>Poste\u013e vytvoren\u00e1 do priestoru na cel\u00fa stenu z dreviny dub a intarziou panor\u00e1my z orecha.<\/p>\n<p>S\u00fa\u010das\u0165ou postele s \u00falo\u017en\u00fdm priestorom, z boku v\u00fdklopn\u00fdmi lamelov\u00fdmi ro\u0161tami, s\u00fa no\u010dn\u00e9 stol\u00edky a svietenie s ovl\u00e1dan\u00edm.<\/p>\n","protected":false},"featured_media":2945,"template":"","meta":[],"product_brand":[],"product_cat":[21],"product_tag":[34],"class_list":{"0":"post-2943","1":"product","2":"type-product","3":"status-publish","4":"has-post-thumbnail","6":"product_cat-nezaradene","7":"product_tag-kolac","9":"first","10":"outofstock","11":"shipping-taxable","12":"purchasable","13":"product-type-simple"},"yoast_head":"<!-- This site is optimized with the Yoast SEO plugin v20.13 - https:\/\/yoast.com\/wordpress\/plugins\/seo\/ -->\n<title>POSTE\u013d PANOR\u00c1MA TATRY XXL - DOMA<\/title>\n<meta name=\"robots\" content=\"index, follow, max-snippet:-1, max-image-preview:large, max-video-preview:-1\" \/>\n<link rel=\"canonical\" href=\"https:\/\/domadesign.nl\/sk\/produkt\/postel-panorama-tatry-xxl\/\" \/>\n<meta property=\"og:locale\" content=\"sk_SK\" \/>\n<meta property=\"og:type\" content=\"article\" \/>\n<meta property=\"og:title\" content=\"POSTE\u013d PANOR\u00c1MA TATRY XXL - DOMA\" \/>\n<meta property=\"og:description\" content=\"Poste\u013e vytvoren\u00e1 do priestoru na cel\u00fa stenu z dreviny dub a intarziou panor\u00e1my z orecha.  S\u00fa\u010das\u0165ou postele s \u00falo\u017en\u00fdm priestorom, z boku v\u00fdklopn\u00fdmi lamelov\u00fdmi ro\u0161tami, s\u00fa no\u010dn\u00e9 stol\u00edky a svietenie s ovl\u00e1dan\u00edm.\" \/>\n<meta property=\"og:url\" content=\"https:\/\/domadesign.nl\/sk\/produkt\/postel-panorama-tatry-xxl\/\" \/>\n<meta property=\"og:site_name\" content=\"DOMA\" \/>\n<meta property=\"article:modified_time\" content=\"2025-01-13T14:31:40+00:00\" \/>\n<meta property=\"og:image\" content=\"https:\/\/domadesign.nl\/wp-content\/uploads\/2024\/05\/Nahlad-3-scaled.jpg\" \/>\n\t<meta property=\"og:image:width\" content=\"2560\" \/>\n\t<meta property=\"og:image:height\" content=\"2560\" \/>\n\t<meta property=\"og:image:type\" content=\"image\/jpeg\" \/>\n<meta name=\"twitter:card\" content=\"summary_large_image\" \/>\n<script type=\"application\/ld+json\" class=\"yoast-schema-graph\">{\"@context\":\"https:\/\/schema.org\",\"@graph\":[{\"@type\":\"WebPage\",\"@id\":\"https:\/\/domadesign.nl\/sk\/produkt\/postel-panorama-tatry-xxl\/\",\"url\":\"https:\/\/domadesign.nl\/sk\/produkt\/postel-panorama-tatry-xxl\/\",\"name\":\"POSTE\u013d PANOR\u00c1MA TATRY XXL - DOMA\",\"isPartOf\":{\"@id\":\"https:\/\/domadesign.nl\/#website\"},\"datePublished\":\"2024-05-22T10:30:13+00:00\",\"dateModified\":\"2025-01-13T14:31:40+00:00\",\"breadcrumb\":{\"@id\":\"https:\/\/domadesign.nl\/sk\/produkt\/postel-panorama-tatry-xxl\/#breadcrumb\"},\"inLanguage\":\"sk-SK\",\"potentialAction\":[{\"@type\":\"ReadAction\",\"target\":[\"https:\/\/domadesign.nl\/sk\/produkt\/postel-panorama-tatry-xxl\/\"]}]},{\"@type\":\"BreadcrumbList\",\"@id\":\"https:\/\/domadesign.nl\/sk\/produkt\/postel-panorama-tatry-xxl\/#breadcrumb\",\"itemListElement\":[{\"@type\":\"ListItem\",\"position\":1,\"name\":\"Domovsk\u00e1 str\u00e1nka\",\"item\":\"https:\/\/domadesign.nl\/sk\/\"},{\"@type\":\"ListItem\",\"position\":2,\"name\":\"Obchod\",\"item\":\"https:\/\/domadesign.nl\/obchod\/\"},{\"@type\":\"ListItem\",\"position\":3,\"name\":\"POSTE\u013d PANOR\u00c1MA TATRY XXL\"}]},{\"@type\":\"WebSite\",\"@id\":\"https:\/\/domadesign.nl\/#website\",\"url\":\"https:\/\/domadesign.nl\/\",\"name\":\"DOMA\",\"description\":\"Luxusn\u00fd interi\u00e9r\",\"potentialAction\":[{\"@type\":\"SearchAction\",\"target\":{\"@type\":\"EntryPoint\",\"urlTemplate\":\"https:\/\/domadesign.nl\/?s={search_term_string}\"},\"query-input\":\"required name=search_term_string\"}],\"inLanguage\":\"sk-SK\"}]}<\/script>\n<!-- \/ Yoast SEO plugin. -->","yoast_head_json":{"title":"POSTE\u013d PANOR\u00c1MA TATRY XXL - DOMA","robots":{"index":"index","follow":"follow","max-snippet":"max-snippet:-1","max-image-preview":"max-image-preview:large","max-video-preview":"max-video-preview:-1"},"canonical":"https:\/\/domadesign.nl\/sk\/produkt\/postel-panorama-tatry-xxl\/","og_locale":"sk_SK","og_type":"article","og_title":"POSTE\u013d PANOR\u00c1MA TATRY XXL - DOMA","og_description":"Poste\u013e vytvoren\u00e1 do priestoru na cel\u00fa stenu z dreviny dub a intarziou panor\u00e1my z orecha.  S\u00fa\u010das\u0165ou postele s \u00falo\u017en\u00fdm priestorom, z boku v\u00fdklopn\u00fdmi lamelov\u00fdmi ro\u0161tami, s\u00fa no\u010dn\u00e9 stol\u00edky a svietenie s ovl\u00e1dan\u00edm.","og_url":"https:\/\/domadesign.nl\/sk\/produkt\/postel-panorama-tatry-xxl\/","og_site_name":"DOMA","article_modified_time":"2025-01-13T14:31:40+00:00","og_image":[{"width":2560,"height":2560,"url":"https:\/\/domadesign.nl\/wp-content\/uploads\/2024\/05\/Nahlad-3-scaled.jpg","type":"image\/jpeg"}],"twitter_card":"summary_large_image","schema":{"@context":"https:\/\/schema.org","@graph":[{"@type":"WebPage","@id":"https:\/\/domadesign.nl\/sk\/produkt\/postel-panorama-tatry-xxl\/","url":"https:\/\/domadesign.nl\/sk\/produkt\/postel-panorama-tatry-xxl\/","name":"POSTE\u013d PANOR\u00c1MA TATRY XXL - DOMA","isPartOf":{"@id":"https:\/\/domadesign.nl\/#website"},"datePublished":"2024-05-22T10:30:13+00:00","dateModified":"2025-01-13T14:31:40+00:00","breadcrumb":{"@id":"https:\/\/domadesign.nl\/sk\/produkt\/postel-panorama-tatry-xxl\/#breadcrumb"},"inLanguage":"sk-SK","potentialAction":[{"@type":"ReadAction","target":["https:\/\/domadesign.nl\/sk\/produkt\/postel-panorama-tatry-xxl\/"]}]},{"@type":"BreadcrumbList","@id":"https:\/\/domadesign.nl\/sk\/produkt\/postel-panorama-tatry-xxl\/#breadcrumb","itemListElement":[{"@type":"ListItem","position":1,"name":"Domovsk\u00e1 str\u00e1nka","item":"https:\/\/domadesign.nl\/sk\/"},{"@type":"ListItem","position":2,"name":"Obchod","item":"https:\/\/domadesign.nl\/obchod\/"},{"@type":"ListItem","position":3,"name":"POSTE\u013d PANOR\u00c1MA TATRY XXL"}]},{"@type":"WebSite","@id":"https:\/\/domadesign.nl\/#website","url":"https:\/\/domadesign.nl\/","name":"DOMA","description":"Luxusn\u00fd interi\u00e9r","potentialAction":[{"@type":"SearchAction","target":{"@type":"EntryPoint","urlTemplate":"https:\/\/domadesign.nl\/?s={search_term_string}"},"query-input":"required name=search_term_string"}],"inLanguage":"sk-SK"}]}},"_links":{"self":[{"href":"https:\/\/domadesign.nl\/sk\/wp-json\/wp\/v2\/product\/2943","targetHints":{"allow":["GET"]}}],"collection":[{"href":"https:\/\/domadesign.nl\/sk\/wp-json\/wp\/v2\/product"}],"about":[{"href":"https:\/\/domadesign.nl\/sk\/wp-json\/wp\/v2\/types\/product"}],"wp:featuredmedia":[{"embeddable":true,"href":"https:\/\/domadesign.nl\/sk\/wp-json\/wp\/v2\/media\/2945"}],"wp:attachment":[{"href":"https:\/\/domadesign.nl\/sk\/wp-json\/wp\/v2\/media?parent=2943"}],"wp:term":[{"taxonomy":"product_brand","embeddable":true,"href":"https:\/\/domadesign.nl\/sk\/wp-json\/wp\/v2\/product_brand?post=2943"},{"taxonomy":"product_cat","embeddable":true,"href":"https:\/\/domadesign.nl\/sk\/wp-json\/wp\/v2\/product_cat?post=2943"},{"taxonomy":"product_tag","embeddable":true,"href":"https:\/\/domadesign.nl\/sk\/wp-json\/wp\/v2\/product_tag?post=2943"}],"curies":[{"name":"wp","href":"https:\/\/api.w.org\/{rel}","templated":true}]}}