{"id":355,"date":"2021-10-28T12:20:06","date_gmt":"2021-10-28T10:20:06","guid":{"rendered":"https:\/\/doma.melonberries.sk\/?post_type=product&#038;p=355"},"modified":"2025-05-13T21:54:16","modified_gmt":"2025-05-13T19:54:16","slug":"meridiana","status":"publish","type":"product","link":"https:\/\/domadesign.nl\/sk\/produkt\/meridiana\/","title":{"rendered":"MERIDIANA"},"content":{"rendered":"<h6>Technick\u00e1 \u0161pecifik\u00e1cia<\/h6>\n<p>d\u013a\u017eka 3700 mm, \u0161\u00edrka 1220 mm, v\u00fd\u0161ka 760 mm, hmotnos\u0165 550 kg<\/p>\n<h6>Materi\u00e1l stolovej dosky<\/h6>\n<p>dreven\u00fd mas\u00edv<\/p>\n<h6>Materi\u00e1l podno\u017ee<\/h6>\n<p>tekut\u00fd kov<\/p>\n<h6>Personaliz\u00e1cia<\/h6>\n<p>Rozmery stola, povrchov\u00e9 \u00fapravy stola je mo\u017en\u00e9 prisp\u00f4sobi\u0165 po\u017eiadavk\u00e1m z\u00e1kazn\u00edka. Na v\u00fdber je mno\u017estvo farebn\u00fdch preveden\u00ed. Pre bli\u017e\u0161ie inform\u00e1cie n\u00e1s pros\u00edm kontaktujte.<\/p>\n","protected":false},"excerpt":{"rendered":"<p>M\u00f4\u017ee byt\u2019 drevo dobr\u00e1 invest\u00edcia? Som presved\u010den\u00fd, \u017ee \u00e1no a preto som vytvorili jed\u00e1lensky st\u00f4l MERIDIANA, ktor\u00e9ho podno\u017e sa sklad\u00e1 z dvoch samostatne stojacich organick\u00fdch objektov, ktor\u00fdch tvar je in\u0161pirovan\u00fd rozvetvuj\u00facim sa kme\u0148om stromu. Je povrchovo upraven\u00e1 le\u0161ten\u00fdm tekut\u00fdm kovom, aby \u010do najmenej uberala pozornos\u0165\u2019 v\u00fdnimo\u010dnej vrchnej doske a poh\u013eady nasmerovala na kr\u00e1sne drevo.<\/p>\n<p>Doska tohto stola je v\u017edy z jedn\u00e9ho kusa pozd\u013a\u017ene rezan\u00e9ho kme\u0148a, v\u017edy jedine\u010dn\u00e1 a neopakovate\u013en\u00e1. Rozmer dosky m\u00f4\u017ee byt\u2019 a\u017e 6000x1500x100mm. Pri v\u00fdbere dosiek na tento st\u00f4l kladiem d\u00f4raz na p\u00f4vod, tvar dosky, v\u00fdnimo\u010dn\u00fa kresbu a \u0161trukt\u00faru, in\u0161pirujem sa pocitmi vych\u00e1dzaj\u00facimi z re\u0161pektu a obdivu k v\u00fdtvorom pr\u00edrody. D\u00e1vam jej mo\u017enos\u0165\u2019 prenies\u0165\u2019 sa a\u017e do na\u0161ich domovov v celej svojej dokonalosti. Pon\u00fakam mo\u017enos\u0165\u2019 vidie\u0165\u2019 cel\u00fa hist\u00f3riu stromu a od chv\u00edle, ke\u010f bude s n\u00edm na\u0161a pr\u00edtomnos\u0165\u2019 vz\u00e1jomne prepojen\u00e1 m\u00f4\u017eeme na\u010falej vn\u00edma\u0165\u2019 jeho \u010dist\u00fd dotyk, bohat\u00e9 farby a pr\u00edjemn\u00e9 teplo.<\/p>\n","protected":false},"featured_media":4033,"template":"","meta":[],"product_brand":[],"product_cat":[21],"product_tag":[23],"class_list":{"0":"post-355","1":"product","2":"type-product","3":"status-publish","4":"has-post-thumbnail","6":"product_cat-nezaradene","7":"product_tag-domovoi","9":"first","10":"outofstock","11":"shipping-taxable","12":"purchasable","13":"product-type-simple"},"yoast_head":"<!-- This site is optimized with the Yoast SEO plugin v20.13 - https:\/\/yoast.com\/wordpress\/plugins\/seo\/ -->\n<title>MERIDIANA - DOMA<\/title>\n<meta name=\"robots\" content=\"index, follow, max-snippet:-1, max-image-preview:large, max-video-preview:-1\" \/>\n<link rel=\"canonical\" href=\"https:\/\/domadesign.nl\/sk\/produkt\/meridiana\/\" \/>\n<meta property=\"og:locale\" content=\"sk_SK\" \/>\n<meta property=\"og:type\" content=\"article\" \/>\n<meta property=\"og:title\" content=\"MERIDIANA - DOMA\" \/>\n<meta property=\"og:description\" content=\"M\u00f4\u017ee byt\u2019 drevo dobr\u00e1 invest\u00edcia? Som presved\u010den\u00fd, \u017ee \u00e1no a preto som vytvorili jed\u00e1lensky st\u00f4l MERIDIANA, ktor\u00e9ho podno\u017e sa sklad\u00e1 z dvoch samostatne stojacich organick\u00fdch objektov, ktor\u00fdch tvar je in\u0161pirovan\u00fd rozvetvuj\u00facim sa kme\u0148om stromu. Je povrchovo upraven\u00e1 le\u0161ten\u00fdm tekut\u00fdm kovom, aby \u010do najmenej uberala pozornos\u0165\u2019 v\u00fdnimo\u010dnej vrchnej doske a poh\u013eady nasmerovala na kr\u00e1sne drevo.  Doska tohto stola je v\u017edy z jedn\u00e9ho kusa pozd\u013a\u017ene rezan\u00e9ho kme\u0148a, v\u017edy jedine\u010dn\u00e1 a neopakovate\u013en\u00e1. Rozmer dosky m\u00f4\u017ee byt\u2019 a\u017e 6000x1500x100mm. Pri v\u00fdbere dosiek na tento st\u00f4l kladiem d\u00f4raz na p\u00f4vod, tvar dosky, v\u00fdnimo\u010dn\u00fa kresbu a \u0161trukt\u00faru, in\u0161pirujem sa pocitmi vych\u00e1dzaj\u00facimi z re\u0161pektu a obdivu k v\u00fdtvorom pr\u00edrody. D\u00e1vam jej mo\u017enos\u0165\u2019 prenies\u0165\u2019 sa a\u017e do na\u0161ich domovov v celej svojej dokonalosti. Pon\u00fakam mo\u017enos\u0165\u2019 vidie\u0165\u2019 cel\u00fa hist\u00f3riu stromu a od chv\u00edle, ke\u010f bude s n\u00edm na\u0161a pr\u00edtomnos\u0165\u2019 vz\u00e1jomne prepojen\u00e1 m\u00f4\u017eeme na\u010falej vn\u00edma\u0165\u2019 jeho \u010dist\u00fd dotyk, bohat\u00e9 farby a pr\u00edjemn\u00e9 teplo.\" \/>\n<meta property=\"og:url\" content=\"https:\/\/domadesign.nl\/sk\/produkt\/meridiana\/\" \/>\n<meta property=\"og:site_name\" content=\"DOMA\" \/>\n<meta property=\"article:modified_time\" content=\"2025-05-13T19:54:16+00:00\" \/>\n<meta property=\"og:image\" content=\"https:\/\/domadesign.nl\/wp-content\/uploads\/2021\/10\/07-MERIDIANA-sq.png\" \/>\n\t<meta property=\"og:image:width\" content=\"3300\" \/>\n\t<meta property=\"og:image:height\" content=\"3300\" \/>\n\t<meta property=\"og:image:type\" content=\"image\/png\" \/>\n<meta name=\"twitter:card\" content=\"summary_large_image\" \/>\n<meta name=\"twitter:label1\" content=\"Predpokladan\u00fd \u010das \u010d\u00edtania\" \/>\n\t<meta name=\"twitter:data1\" content=\"1 min\u00fata\" \/>\n<script type=\"application\/ld+json\" class=\"yoast-schema-graph\">{\"@context\":\"https:\/\/schema.org\",\"@graph\":[{\"@type\":\"WebPage\",\"@id\":\"https:\/\/domadesign.nl\/sk\/produkt\/meridiana\/\",\"url\":\"https:\/\/domadesign.nl\/sk\/produkt\/meridiana\/\",\"name\":\"MERIDIANA - DOMA\",\"isPartOf\":{\"@id\":\"https:\/\/domadesign.nl\/#website\"},\"datePublished\":\"2021-10-28T10:20:06+00:00\",\"dateModified\":\"2025-05-13T19:54:16+00:00\",\"breadcrumb\":{\"@id\":\"https:\/\/domadesign.nl\/sk\/produkt\/meridiana\/#breadcrumb\"},\"inLanguage\":\"sk-SK\",\"potentialAction\":[{\"@type\":\"ReadAction\",\"target\":[\"https:\/\/domadesign.nl\/sk\/produkt\/meridiana\/\"]}]},{\"@type\":\"BreadcrumbList\",\"@id\":\"https:\/\/domadesign.nl\/sk\/produkt\/meridiana\/#breadcrumb\",\"itemListElement\":[{\"@type\":\"ListItem\",\"position\":1,\"name\":\"Domovsk\u00e1 str\u00e1nka\",\"item\":\"https:\/\/domadesign.nl\/sk\/\"},{\"@type\":\"ListItem\",\"position\":2,\"name\":\"Obchod\",\"item\":\"https:\/\/domadesign.nl\/obchod\/\"},{\"@type\":\"ListItem\",\"position\":3,\"name\":\"MERIDIANA\"}]},{\"@type\":\"WebSite\",\"@id\":\"https:\/\/domadesign.nl\/#website\",\"url\":\"https:\/\/domadesign.nl\/\",\"name\":\"DOMA\",\"description\":\"Luxusn\u00fd interi\u00e9r\",\"potentialAction\":[{\"@type\":\"SearchAction\",\"target\":{\"@type\":\"EntryPoint\",\"urlTemplate\":\"https:\/\/domadesign.nl\/?s={search_term_string}\"},\"query-input\":\"required name=search_term_string\"}],\"inLanguage\":\"sk-SK\"}]}<\/script>\n<!-- \/ Yoast SEO plugin. -->","yoast_head_json":{"title":"MERIDIANA - DOMA","robots":{"index":"index","follow":"follow","max-snippet":"max-snippet:-1","max-image-preview":"max-image-preview:large","max-video-preview":"max-video-preview:-1"},"canonical":"https:\/\/domadesign.nl\/sk\/produkt\/meridiana\/","og_locale":"sk_SK","og_type":"article","og_title":"MERIDIANA - DOMA","og_description":"M\u00f4\u017ee byt\u2019 drevo dobr\u00e1 invest\u00edcia? Som presved\u010den\u00fd, \u017ee \u00e1no a preto som vytvorili jed\u00e1lensky st\u00f4l MERIDIANA, ktor\u00e9ho podno\u017e sa sklad\u00e1 z dvoch samostatne stojacich organick\u00fdch objektov, ktor\u00fdch tvar je in\u0161pirovan\u00fd rozvetvuj\u00facim sa kme\u0148om stromu. Je povrchovo upraven\u00e1 le\u0161ten\u00fdm tekut\u00fdm kovom, aby \u010do najmenej uberala pozornos\u0165\u2019 v\u00fdnimo\u010dnej vrchnej doske a poh\u013eady nasmerovala na kr\u00e1sne drevo.  Doska tohto stola je v\u017edy z jedn\u00e9ho kusa pozd\u013a\u017ene rezan\u00e9ho kme\u0148a, v\u017edy jedine\u010dn\u00e1 a neopakovate\u013en\u00e1. Rozmer dosky m\u00f4\u017ee byt\u2019 a\u017e 6000x1500x100mm. Pri v\u00fdbere dosiek na tento st\u00f4l kladiem d\u00f4raz na p\u00f4vod, tvar dosky, v\u00fdnimo\u010dn\u00fa kresbu a \u0161trukt\u00faru, in\u0161pirujem sa pocitmi vych\u00e1dzaj\u00facimi z re\u0161pektu a obdivu k v\u00fdtvorom pr\u00edrody. D\u00e1vam jej mo\u017enos\u0165\u2019 prenies\u0165\u2019 sa a\u017e do na\u0161ich domovov v celej svojej dokonalosti. Pon\u00fakam mo\u017enos\u0165\u2019 vidie\u0165\u2019 cel\u00fa hist\u00f3riu stromu a od chv\u00edle, ke\u010f bude s n\u00edm na\u0161a pr\u00edtomnos\u0165\u2019 vz\u00e1jomne prepojen\u00e1 m\u00f4\u017eeme na\u010falej vn\u00edma\u0165\u2019 jeho \u010dist\u00fd dotyk, bohat\u00e9 farby a pr\u00edjemn\u00e9 teplo.","og_url":"https:\/\/domadesign.nl\/sk\/produkt\/meridiana\/","og_site_name":"DOMA","article_modified_time":"2025-05-13T19:54:16+00:00","og_image":[{"width":3300,"height":3300,"url":"https:\/\/domadesign.nl\/wp-content\/uploads\/2021\/10\/07-MERIDIANA-sq.png","type":"image\/png"}],"twitter_card":"summary_large_image","twitter_misc":{"Predpokladan\u00fd \u010das \u010d\u00edtania":"1 min\u00fata"},"schema":{"@context":"https:\/\/schema.org","@graph":[{"@type":"WebPage","@id":"https:\/\/domadesign.nl\/sk\/produkt\/meridiana\/","url":"https:\/\/domadesign.nl\/sk\/produkt\/meridiana\/","name":"MERIDIANA - DOMA","isPartOf":{"@id":"https:\/\/domadesign.nl\/#website"},"datePublished":"2021-10-28T10:20:06+00:00","dateModified":"2025-05-13T19:54:16+00:00","breadcrumb":{"@id":"https:\/\/domadesign.nl\/sk\/produkt\/meridiana\/#breadcrumb"},"inLanguage":"sk-SK","potentialAction":[{"@type":"ReadAction","target":["https:\/\/domadesign.nl\/sk\/produkt\/meridiana\/"]}]},{"@type":"BreadcrumbList","@id":"https:\/\/domadesign.nl\/sk\/produkt\/meridiana\/#breadcrumb","itemListElement":[{"@type":"ListItem","position":1,"name":"Domovsk\u00e1 str\u00e1nka","item":"https:\/\/domadesign.nl\/sk\/"},{"@type":"ListItem","position":2,"name":"Obchod","item":"https:\/\/domadesign.nl\/obchod\/"},{"@type":"ListItem","position":3,"name":"MERIDIANA"}]},{"@type":"WebSite","@id":"https:\/\/domadesign.nl\/#website","url":"https:\/\/domadesign.nl\/","name":"DOMA","description":"Luxusn\u00fd interi\u00e9r","potentialAction":[{"@type":"SearchAction","target":{"@type":"EntryPoint","urlTemplate":"https:\/\/domadesign.nl\/?s={search_term_string}"},"query-input":"required name=search_term_string"}],"inLanguage":"sk-SK"}]}},"_links":{"self":[{"href":"https:\/\/domadesign.nl\/sk\/wp-json\/wp\/v2\/product\/355","targetHints":{"allow":["GET"]}}],"collection":[{"href":"https:\/\/domadesign.nl\/sk\/wp-json\/wp\/v2\/product"}],"about":[{"href":"https:\/\/domadesign.nl\/sk\/wp-json\/wp\/v2\/types\/product"}],"wp:featuredmedia":[{"embeddable":true,"href":"https:\/\/domadesign.nl\/sk\/wp-json\/wp\/v2\/media\/4033"}],"wp:attachment":[{"href":"https:\/\/domadesign.nl\/sk\/wp-json\/wp\/v2\/media?parent=355"}],"wp:term":[{"taxonomy":"product_brand","embeddable":true,"href":"https:\/\/domadesign.nl\/sk\/wp-json\/wp\/v2\/product_brand?post=355"},{"taxonomy":"product_cat","embeddable":true,"href":"https:\/\/domadesign.nl\/sk\/wp-json\/wp\/v2\/product_cat?post=355"},{"taxonomy":"product_tag","embeddable":true,"href":"https:\/\/domadesign.nl\/sk\/wp-json\/wp\/v2\/product_tag?post=355"}],"curies":[{"name":"wp","href":"https:\/\/api.w.org\/{rel}","templated":true}]}}