{"id":358,"date":"2021-10-28T12:20:40","date_gmt":"2021-10-28T10:20:40","guid":{"rendered":"https:\/\/doma.melonberries.sk\/?post_type=product&#038;p=358"},"modified":"2025-05-13T20:50:49","modified_gmt":"2025-05-13T18:50:49","slug":"kamuy","status":"publish","type":"product","link":"https:\/\/domadesign.nl\/sk\/produkt\/kamuy\/","title":{"rendered":"KAMUY"},"content":{"rendered":"<h6>Technick\u00e1 \u0161pecifik\u00e1cia<\/h6>\n<p>d\u013a\u017eka 2100 mm, \u0161\u00edrka 790 mm, v\u00fd\u0161ka 760 mm, hmotnos\u0165 95 kg<\/p>\n<h6>Materi\u00e1l stolovej dosky<\/h6>\n<p>dreven\u00e1 d\u00fdha, orechov\u00fd mas\u00edv<\/p>\n<h6>Materi\u00e1l podno\u017ee<\/h6>\n<p>pl\u00e1tkov\u00e9 24 kar\u00e1tov\u00e9 zlato<\/p>\n<h6>Personaliz\u00e1cia<\/h6>\n<p>Rozmery stola, povrchov\u00e9 \u00fapravy stola je mo\u017en\u00e9 prisp\u00f4sobi\u0165 po\u017eiadavk\u00e1m z\u00e1kazn\u00edka. Na v\u00fdber je mno\u017estvo farebn\u00fdch preveden\u00ed. Pre bli\u017e\u0161ie inform\u00e1cie n\u00e1s pros\u00edm kontaktujte.<\/p>\n","protected":false},"excerpt":{"rendered":"<p>Kto by si neprial ma\u0165 aspo\u0148 na chv\u00ed\u013eu kr\u00eddla? Tie mot\u00fdlie s\u00fa kr\u00e1sne, krehk\u00e9, ale pri tom je v nich to\u013eko ve\u013ea sily. Ich ladn\u00e9 tvary s\u00fa predmetom obdivu u\u017e odprad\u00e1vna a tvoria hlavn\u00fa ideu p\u00edsacieho stola KAMUY.<\/p>\n<p>Vrchn\u00e1 d\u00fdhovan\u00e1 doska je povrchovo upraven\u00e1 matn\u00fdm lakom Votteler Holzeffekt. Tvar dosky je navrhnut\u00fd tak, aby bol dokonale ergonomick\u00fd pre pr\u00e1cu. Pukliny v doske s\u00fa vyplnen\u00e9 epoxidovou \u017eivicou s metalick\u00fdm efektom v rovnakej farbe, ako m\u00e1 \u010dal\u00fanenie vn\u00fatra \u0161upl\u00edkov. Oce\u013eov\u00e1 podno\u017e stola je pozl\u00e1ten\u00e1 650 k\u00faskami 24 kar\u00e1tov\u00e9ho trojit\u00e9ho pl\u00e1tkov\u00e9ho zlata. V podno\u017ei s\u00fa integrovan\u00e9 3 z\u00e1suvky \u010dal\u00fanen\u00e9 tyrkysov\u00fdm zamatom, alebo alcantarou. Z\u00e1suvky maj\u00fa rozmer 500x280x40mm, 500x280x40mm a 220x200x40mm.<\/p>\n","protected":false},"featured_media":4116,"template":"","meta":[],"product_brand":[],"product_cat":[21],"product_tag":[23],"class_list":{"0":"post-358","1":"product","2":"type-product","3":"status-publish","4":"has-post-thumbnail","6":"product_cat-nezaradene","7":"product_tag-domovoi","9":"first","10":"outofstock","11":"shipping-taxable","12":"purchasable","13":"product-type-simple"},"yoast_head":"<!-- This site is optimized with the Yoast SEO plugin v20.13 - https:\/\/yoast.com\/wordpress\/plugins\/seo\/ -->\n<title>KAMUY - DOMA<\/title>\n<meta name=\"robots\" content=\"index, follow, max-snippet:-1, max-image-preview:large, max-video-preview:-1\" \/>\n<link rel=\"canonical\" href=\"https:\/\/domadesign.nl\/sk\/produkt\/kamuy\/\" \/>\n<meta property=\"og:locale\" content=\"sk_SK\" \/>\n<meta property=\"og:type\" content=\"article\" \/>\n<meta property=\"og:title\" content=\"KAMUY - DOMA\" \/>\n<meta property=\"og:description\" content=\"Kto by si neprial ma\u0165 aspo\u0148 na chv\u00ed\u013eu kr\u00eddla? Tie mot\u00fdlie s\u00fa kr\u00e1sne, krehk\u00e9, ale pri tom je v nich to\u013eko ve\u013ea sily. Ich ladn\u00e9 tvary s\u00fa predmetom obdivu u\u017e odprad\u00e1vna a tvoria hlavn\u00fa ideu p\u00edsacieho stola KAMUY.  Vrchn\u00e1 d\u00fdhovan\u00e1 doska je povrchovo upraven\u00e1 matn\u00fdm lakom Votteler Holzeffekt. Tvar dosky je navrhnut\u00fd tak, aby bol dokonale ergonomick\u00fd pre pr\u00e1cu. Pukliny v doske s\u00fa vyplnen\u00e9 epoxidovou \u017eivicou s metalick\u00fdm efektom v rovnakej farbe, ako m\u00e1 \u010dal\u00fanenie vn\u00fatra \u0161upl\u00edkov. Oce\u013eov\u00e1 podno\u017e stola je pozl\u00e1ten\u00e1 650 k\u00faskami 24 kar\u00e1tov\u00e9ho trojit\u00e9ho pl\u00e1tkov\u00e9ho zlata. V podno\u017ei s\u00fa integrovan\u00e9 3 z\u00e1suvky \u010dal\u00fanen\u00e9 tyrkysov\u00fdm zamatom, alebo alcantarou. Z\u00e1suvky maj\u00fa rozmer 500x280x40mm, 500x280x40mm a 220x200x40mm.\" \/>\n<meta property=\"og:url\" content=\"https:\/\/domadesign.nl\/sk\/produkt\/kamuy\/\" \/>\n<meta property=\"og:site_name\" content=\"DOMA\" \/>\n<meta property=\"article:modified_time\" content=\"2025-05-13T18:50:49+00:00\" \/>\n<meta property=\"og:image\" content=\"https:\/\/domadesign.nl\/wp-content\/uploads\/2021\/10\/10-KAMUY-sq.png\" \/>\n\t<meta property=\"og:image:width\" content=\"3300\" \/>\n\t<meta property=\"og:image:height\" content=\"3300\" \/>\n\t<meta property=\"og:image:type\" content=\"image\/png\" \/>\n<meta name=\"twitter:card\" content=\"summary_large_image\" \/>\n<meta name=\"twitter:label1\" content=\"Predpokladan\u00fd \u010das \u010d\u00edtania\" \/>\n\t<meta name=\"twitter:data1\" content=\"1 min\u00fata\" \/>\n<script type=\"application\/ld+json\" class=\"yoast-schema-graph\">{\"@context\":\"https:\/\/schema.org\",\"@graph\":[{\"@type\":\"WebPage\",\"@id\":\"https:\/\/domadesign.nl\/sk\/produkt\/kamuy\/\",\"url\":\"https:\/\/domadesign.nl\/sk\/produkt\/kamuy\/\",\"name\":\"KAMUY - DOMA\",\"isPartOf\":{\"@id\":\"https:\/\/domadesign.nl\/#website\"},\"datePublished\":\"2021-10-28T10:20:40+00:00\",\"dateModified\":\"2025-05-13T18:50:49+00:00\",\"breadcrumb\":{\"@id\":\"https:\/\/domadesign.nl\/sk\/produkt\/kamuy\/#breadcrumb\"},\"inLanguage\":\"sk-SK\",\"potentialAction\":[{\"@type\":\"ReadAction\",\"target\":[\"https:\/\/domadesign.nl\/sk\/produkt\/kamuy\/\"]}]},{\"@type\":\"BreadcrumbList\",\"@id\":\"https:\/\/domadesign.nl\/sk\/produkt\/kamuy\/#breadcrumb\",\"itemListElement\":[{\"@type\":\"ListItem\",\"position\":1,\"name\":\"Domovsk\u00e1 str\u00e1nka\",\"item\":\"https:\/\/domadesign.nl\/sk\/\"},{\"@type\":\"ListItem\",\"position\":2,\"name\":\"Obchod\",\"item\":\"https:\/\/domadesign.nl\/obchod\/\"},{\"@type\":\"ListItem\",\"position\":3,\"name\":\"KAMUY\"}]},{\"@type\":\"WebSite\",\"@id\":\"https:\/\/domadesign.nl\/#website\",\"url\":\"https:\/\/domadesign.nl\/\",\"name\":\"DOMA\",\"description\":\"Luxusn\u00fd interi\u00e9r\",\"potentialAction\":[{\"@type\":\"SearchAction\",\"target\":{\"@type\":\"EntryPoint\",\"urlTemplate\":\"https:\/\/domadesign.nl\/?s={search_term_string}\"},\"query-input\":\"required name=search_term_string\"}],\"inLanguage\":\"sk-SK\"}]}<\/script>\n<!-- \/ Yoast SEO plugin. -->","yoast_head_json":{"title":"KAMUY - DOMA","robots":{"index":"index","follow":"follow","max-snippet":"max-snippet:-1","max-image-preview":"max-image-preview:large","max-video-preview":"max-video-preview:-1"},"canonical":"https:\/\/domadesign.nl\/sk\/produkt\/kamuy\/","og_locale":"sk_SK","og_type":"article","og_title":"KAMUY - DOMA","og_description":"Kto by si neprial ma\u0165 aspo\u0148 na chv\u00ed\u013eu kr\u00eddla? Tie mot\u00fdlie s\u00fa kr\u00e1sne, krehk\u00e9, ale pri tom je v nich to\u013eko ve\u013ea sily. Ich ladn\u00e9 tvary s\u00fa predmetom obdivu u\u017e odprad\u00e1vna a tvoria hlavn\u00fa ideu p\u00edsacieho stola KAMUY.  Vrchn\u00e1 d\u00fdhovan\u00e1 doska je povrchovo upraven\u00e1 matn\u00fdm lakom Votteler Holzeffekt. Tvar dosky je navrhnut\u00fd tak, aby bol dokonale ergonomick\u00fd pre pr\u00e1cu. Pukliny v doske s\u00fa vyplnen\u00e9 epoxidovou \u017eivicou s metalick\u00fdm efektom v rovnakej farbe, ako m\u00e1 \u010dal\u00fanenie vn\u00fatra \u0161upl\u00edkov. Oce\u013eov\u00e1 podno\u017e stola je pozl\u00e1ten\u00e1 650 k\u00faskami 24 kar\u00e1tov\u00e9ho trojit\u00e9ho pl\u00e1tkov\u00e9ho zlata. V podno\u017ei s\u00fa integrovan\u00e9 3 z\u00e1suvky \u010dal\u00fanen\u00e9 tyrkysov\u00fdm zamatom, alebo alcantarou. Z\u00e1suvky maj\u00fa rozmer 500x280x40mm, 500x280x40mm a 220x200x40mm.","og_url":"https:\/\/domadesign.nl\/sk\/produkt\/kamuy\/","og_site_name":"DOMA","article_modified_time":"2025-05-13T18:50:49+00:00","og_image":[{"width":3300,"height":3300,"url":"https:\/\/domadesign.nl\/wp-content\/uploads\/2021\/10\/10-KAMUY-sq.png","type":"image\/png"}],"twitter_card":"summary_large_image","twitter_misc":{"Predpokladan\u00fd \u010das \u010d\u00edtania":"1 min\u00fata"},"schema":{"@context":"https:\/\/schema.org","@graph":[{"@type":"WebPage","@id":"https:\/\/domadesign.nl\/sk\/produkt\/kamuy\/","url":"https:\/\/domadesign.nl\/sk\/produkt\/kamuy\/","name":"KAMUY - DOMA","isPartOf":{"@id":"https:\/\/domadesign.nl\/#website"},"datePublished":"2021-10-28T10:20:40+00:00","dateModified":"2025-05-13T18:50:49+00:00","breadcrumb":{"@id":"https:\/\/domadesign.nl\/sk\/produkt\/kamuy\/#breadcrumb"},"inLanguage":"sk-SK","potentialAction":[{"@type":"ReadAction","target":["https:\/\/domadesign.nl\/sk\/produkt\/kamuy\/"]}]},{"@type":"BreadcrumbList","@id":"https:\/\/domadesign.nl\/sk\/produkt\/kamuy\/#breadcrumb","itemListElement":[{"@type":"ListItem","position":1,"name":"Domovsk\u00e1 str\u00e1nka","item":"https:\/\/domadesign.nl\/sk\/"},{"@type":"ListItem","position":2,"name":"Obchod","item":"https:\/\/domadesign.nl\/obchod\/"},{"@type":"ListItem","position":3,"name":"KAMUY"}]},{"@type":"WebSite","@id":"https:\/\/domadesign.nl\/#website","url":"https:\/\/domadesign.nl\/","name":"DOMA","description":"Luxusn\u00fd interi\u00e9r","potentialAction":[{"@type":"SearchAction","target":{"@type":"EntryPoint","urlTemplate":"https:\/\/domadesign.nl\/?s={search_term_string}"},"query-input":"required name=search_term_string"}],"inLanguage":"sk-SK"}]}},"_links":{"self":[{"href":"https:\/\/domadesign.nl\/sk\/wp-json\/wp\/v2\/product\/358","targetHints":{"allow":["GET"]}}],"collection":[{"href":"https:\/\/domadesign.nl\/sk\/wp-json\/wp\/v2\/product"}],"about":[{"href":"https:\/\/domadesign.nl\/sk\/wp-json\/wp\/v2\/types\/product"}],"wp:featuredmedia":[{"embeddable":true,"href":"https:\/\/domadesign.nl\/sk\/wp-json\/wp\/v2\/media\/4116"}],"wp:attachment":[{"href":"https:\/\/domadesign.nl\/sk\/wp-json\/wp\/v2\/media?parent=358"}],"wp:term":[{"taxonomy":"product_brand","embeddable":true,"href":"https:\/\/domadesign.nl\/sk\/wp-json\/wp\/v2\/product_brand?post=358"},{"taxonomy":"product_cat","embeddable":true,"href":"https:\/\/domadesign.nl\/sk\/wp-json\/wp\/v2\/product_cat?post=358"},{"taxonomy":"product_tag","embeddable":true,"href":"https:\/\/domadesign.nl\/sk\/wp-json\/wp\/v2\/product_tag?post=358"}],"curies":[{"name":"wp","href":"https:\/\/api.w.org\/{rel}","templated":true}]}}