{"id":359,"date":"2021-10-28T12:21:07","date_gmt":"2021-10-28T10:21:07","guid":{"rendered":"https:\/\/doma.melonberries.sk\/?post_type=product&#038;p=359"},"modified":"2025-05-13T20:55:42","modified_gmt":"2025-05-13T18:55:42","slug":"asterope","status":"publish","type":"product","link":"https:\/\/domadesign.nl\/sk\/produkt\/asterope\/","title":{"rendered":"ASTEROPE"},"content":{"rendered":"<h6>Technick\u00e1 \u0161pecifik\u00e1cia<\/h6>\n<p>d\u013a\u017eka 4200 mm, \u0161\u00edrka 1200 mm, v\u00fd\u0161ka 760 mm, hmotnos\u0165 275 kg<\/p>\n<h6>Materi\u00e1l stolovej dosky<\/h6>\n<p>kalen\u00e9 sklo Planibel bronz<\/p>\n<h6>Materi\u00e1l podno\u017ee<\/h6>\n<p>tekut\u00fd kov bronz<\/p>\n<h6>Personaliz\u00e1cia<\/h6>\n<p>Rozmery stola, povrchov\u00e9 \u00fapravy stola je mo\u017en\u00e9 prisp\u00f4sobi\u0165 po\u017eiadavk\u00e1m z\u00e1kazn\u00edka. Na v\u00fdber je mno\u017estvo farebn\u00fdch preveden\u00ed. Pre bli\u017e\u0161ie inform\u00e1cie n\u00e1s pros\u00edm kontaktujte.<\/p>\n","protected":false},"excerpt":{"rendered":"<p>Sope\u010dn\u00e1 erupcia je \u00fa\u017easn\u00fdm zobrazen\u00edm sily Zeme. Pri erupci\u00e1ch sa nahromaden\u00e1 magma dost\u00e1va v\u00fdbuchom na povrch a st\u00fapa do vzduchu stovky metrov. V majest\u00e1tnosti kovov\u00e9ho objektu tvoriaceho podno\u017e jed\u00e1lensk\u00e9ho stola ASTEROPE som sa sna\u017eil zachyti\u0165&#8216; tento proces.<\/p>\n<p>Vrchn\u00e1 sklenen\u00e1 20mm hrub\u00e1 doska z tmav\u00e9ho skla Planibel bronz je ulo\u017een\u00e1 na monolitickej centr\u00e1lnej podno\u017ei povrchovo upravenej \u0161trukt\u00farovan\u00fdm tekut\u00fdm kovom bronz antik. Tvar podno\u017ee zabezpe\u010d\u00ed dostato\u010dn\u00fa stabilitu stola a komfortn\u00fd priestor pre nohy pou\u017e\u00edvate\u013eov, pri akomko\u013evek rozmiestnen\u00ed stoli\u010diek. Cez sklenen\u00fa dosku m\u00f4\u017eete vn\u00edma\u0165\u2019 tvar a \u0161trukt\u00faru podno\u017ee z ka\u017ed\u00e9ho uhla poh\u013eadu.<\/p>\n","protected":false},"featured_media":4020,"template":"","meta":[],"product_brand":[],"product_cat":[21],"product_tag":[23],"class_list":{"0":"post-359","1":"product","2":"type-product","3":"status-publish","4":"has-post-thumbnail","6":"product_cat-nezaradene","7":"product_tag-domovoi","9":"first","10":"outofstock","11":"shipping-taxable","12":"purchasable","13":"product-type-simple"},"yoast_head":"<!-- This site is optimized with the Yoast SEO plugin v20.13 - https:\/\/yoast.com\/wordpress\/plugins\/seo\/ -->\n<title>ASTEROPE - DOMA<\/title>\n<meta name=\"robots\" content=\"index, follow, max-snippet:-1, max-image-preview:large, max-video-preview:-1\" \/>\n<link rel=\"canonical\" href=\"https:\/\/domadesign.nl\/sk\/produkt\/asterope\/\" \/>\n<meta property=\"og:locale\" content=\"sk_SK\" \/>\n<meta property=\"og:type\" content=\"article\" \/>\n<meta property=\"og:title\" content=\"ASTEROPE - DOMA\" \/>\n<meta property=\"og:description\" content=\"Sope\u010dn\u00e1 erupcia je \u00fa\u017easn\u00fdm zobrazen\u00edm sily Zeme. Pri erupci\u00e1ch sa nahromaden\u00e1 magma dost\u00e1va v\u00fdbuchom na povrch a st\u00fapa do vzduchu stovky metrov. V majest\u00e1tnosti kovov\u00e9ho objektu tvoriaceho podno\u017e jed\u00e1lensk\u00e9ho stola ASTEROPE som sa sna\u017eil zachyti\u0165&#039; tento proces.  Vrchn\u00e1 sklenen\u00e1 20mm hrub\u00e1 doska z tmav\u00e9ho skla Planibel bronz je ulo\u017een\u00e1 na monolitickej centr\u00e1lnej podno\u017ei povrchovo upravenej \u0161trukt\u00farovan\u00fdm tekut\u00fdm kovom bronz antik. Tvar podno\u017ee zabezpe\u010d\u00ed dostato\u010dn\u00fa stabilitu stola a komfortn\u00fd priestor pre nohy pou\u017e\u00edvate\u013eov, pri akomko\u013evek rozmiestnen\u00ed stoli\u010diek. Cez sklenen\u00fa dosku m\u00f4\u017eete vn\u00edma\u0165\u2019 tvar a \u0161trukt\u00faru podno\u017ee z ka\u017ed\u00e9ho uhla poh\u013eadu.\" \/>\n<meta property=\"og:url\" content=\"https:\/\/domadesign.nl\/sk\/produkt\/asterope\/\" \/>\n<meta property=\"og:site_name\" content=\"DOMA\" \/>\n<meta property=\"article:modified_time\" content=\"2025-05-13T18:55:42+00:00\" \/>\n<meta property=\"og:image\" content=\"https:\/\/domadesign.nl\/wp-content\/uploads\/2021\/10\/01-ASTEROPE-sq.png\" \/>\n\t<meta property=\"og:image:width\" content=\"3300\" \/>\n\t<meta property=\"og:image:height\" content=\"3300\" \/>\n\t<meta property=\"og:image:type\" content=\"image\/png\" \/>\n<meta name=\"twitter:card\" content=\"summary_large_image\" \/>\n<meta name=\"twitter:label1\" content=\"Predpokladan\u00fd \u010das \u010d\u00edtania\" \/>\n\t<meta name=\"twitter:data1\" content=\"1 min\u00fata\" \/>\n<script type=\"application\/ld+json\" class=\"yoast-schema-graph\">{\"@context\":\"https:\/\/schema.org\",\"@graph\":[{\"@type\":\"WebPage\",\"@id\":\"https:\/\/domadesign.nl\/sk\/produkt\/asterope\/\",\"url\":\"https:\/\/domadesign.nl\/sk\/produkt\/asterope\/\",\"name\":\"ASTEROPE - DOMA\",\"isPartOf\":{\"@id\":\"https:\/\/domadesign.nl\/#website\"},\"datePublished\":\"2021-10-28T10:21:07+00:00\",\"dateModified\":\"2025-05-13T18:55:42+00:00\",\"breadcrumb\":{\"@id\":\"https:\/\/domadesign.nl\/sk\/produkt\/asterope\/#breadcrumb\"},\"inLanguage\":\"sk-SK\",\"potentialAction\":[{\"@type\":\"ReadAction\",\"target\":[\"https:\/\/domadesign.nl\/sk\/produkt\/asterope\/\"]}]},{\"@type\":\"BreadcrumbList\",\"@id\":\"https:\/\/domadesign.nl\/sk\/produkt\/asterope\/#breadcrumb\",\"itemListElement\":[{\"@type\":\"ListItem\",\"position\":1,\"name\":\"Domovsk\u00e1 str\u00e1nka\",\"item\":\"https:\/\/domadesign.nl\/sk\/\"},{\"@type\":\"ListItem\",\"position\":2,\"name\":\"Obchod\",\"item\":\"https:\/\/domadesign.nl\/obchod\/\"},{\"@type\":\"ListItem\",\"position\":3,\"name\":\"ASTEROPE\"}]},{\"@type\":\"WebSite\",\"@id\":\"https:\/\/domadesign.nl\/#website\",\"url\":\"https:\/\/domadesign.nl\/\",\"name\":\"DOMA\",\"description\":\"Luxusn\u00fd interi\u00e9r\",\"potentialAction\":[{\"@type\":\"SearchAction\",\"target\":{\"@type\":\"EntryPoint\",\"urlTemplate\":\"https:\/\/domadesign.nl\/?s={search_term_string}\"},\"query-input\":\"required name=search_term_string\"}],\"inLanguage\":\"sk-SK\"}]}<\/script>\n<!-- \/ Yoast SEO plugin. -->","yoast_head_json":{"title":"ASTEROPE - DOMA","robots":{"index":"index","follow":"follow","max-snippet":"max-snippet:-1","max-image-preview":"max-image-preview:large","max-video-preview":"max-video-preview:-1"},"canonical":"https:\/\/domadesign.nl\/sk\/produkt\/asterope\/","og_locale":"sk_SK","og_type":"article","og_title":"ASTEROPE - DOMA","og_description":"Sope\u010dn\u00e1 erupcia je \u00fa\u017easn\u00fdm zobrazen\u00edm sily Zeme. Pri erupci\u00e1ch sa nahromaden\u00e1 magma dost\u00e1va v\u00fdbuchom na povrch a st\u00fapa do vzduchu stovky metrov. V majest\u00e1tnosti kovov\u00e9ho objektu tvoriaceho podno\u017e jed\u00e1lensk\u00e9ho stola ASTEROPE som sa sna\u017eil zachyti\u0165' tento proces.  Vrchn\u00e1 sklenen\u00e1 20mm hrub\u00e1 doska z tmav\u00e9ho skla Planibel bronz je ulo\u017een\u00e1 na monolitickej centr\u00e1lnej podno\u017ei povrchovo upravenej \u0161trukt\u00farovan\u00fdm tekut\u00fdm kovom bronz antik. Tvar podno\u017ee zabezpe\u010d\u00ed dostato\u010dn\u00fa stabilitu stola a komfortn\u00fd priestor pre nohy pou\u017e\u00edvate\u013eov, pri akomko\u013evek rozmiestnen\u00ed stoli\u010diek. Cez sklenen\u00fa dosku m\u00f4\u017eete vn\u00edma\u0165\u2019 tvar a \u0161trukt\u00faru podno\u017ee z ka\u017ed\u00e9ho uhla poh\u013eadu.","og_url":"https:\/\/domadesign.nl\/sk\/produkt\/asterope\/","og_site_name":"DOMA","article_modified_time":"2025-05-13T18:55:42+00:00","og_image":[{"width":3300,"height":3300,"url":"https:\/\/domadesign.nl\/wp-content\/uploads\/2021\/10\/01-ASTEROPE-sq.png","type":"image\/png"}],"twitter_card":"summary_large_image","twitter_misc":{"Predpokladan\u00fd \u010das \u010d\u00edtania":"1 min\u00fata"},"schema":{"@context":"https:\/\/schema.org","@graph":[{"@type":"WebPage","@id":"https:\/\/domadesign.nl\/sk\/produkt\/asterope\/","url":"https:\/\/domadesign.nl\/sk\/produkt\/asterope\/","name":"ASTEROPE - DOMA","isPartOf":{"@id":"https:\/\/domadesign.nl\/#website"},"datePublished":"2021-10-28T10:21:07+00:00","dateModified":"2025-05-13T18:55:42+00:00","breadcrumb":{"@id":"https:\/\/domadesign.nl\/sk\/produkt\/asterope\/#breadcrumb"},"inLanguage":"sk-SK","potentialAction":[{"@type":"ReadAction","target":["https:\/\/domadesign.nl\/sk\/produkt\/asterope\/"]}]},{"@type":"BreadcrumbList","@id":"https:\/\/domadesign.nl\/sk\/produkt\/asterope\/#breadcrumb","itemListElement":[{"@type":"ListItem","position":1,"name":"Domovsk\u00e1 str\u00e1nka","item":"https:\/\/domadesign.nl\/sk\/"},{"@type":"ListItem","position":2,"name":"Obchod","item":"https:\/\/domadesign.nl\/obchod\/"},{"@type":"ListItem","position":3,"name":"ASTEROPE"}]},{"@type":"WebSite","@id":"https:\/\/domadesign.nl\/#website","url":"https:\/\/domadesign.nl\/","name":"DOMA","description":"Luxusn\u00fd interi\u00e9r","potentialAction":[{"@type":"SearchAction","target":{"@type":"EntryPoint","urlTemplate":"https:\/\/domadesign.nl\/?s={search_term_string}"},"query-input":"required name=search_term_string"}],"inLanguage":"sk-SK"}]}},"_links":{"self":[{"href":"https:\/\/domadesign.nl\/sk\/wp-json\/wp\/v2\/product\/359","targetHints":{"allow":["GET"]}}],"collection":[{"href":"https:\/\/domadesign.nl\/sk\/wp-json\/wp\/v2\/product"}],"about":[{"href":"https:\/\/domadesign.nl\/sk\/wp-json\/wp\/v2\/types\/product"}],"wp:featuredmedia":[{"embeddable":true,"href":"https:\/\/domadesign.nl\/sk\/wp-json\/wp\/v2\/media\/4020"}],"wp:attachment":[{"href":"https:\/\/domadesign.nl\/sk\/wp-json\/wp\/v2\/media?parent=359"}],"wp:term":[{"taxonomy":"product_brand","embeddable":true,"href":"https:\/\/domadesign.nl\/sk\/wp-json\/wp\/v2\/product_brand?post=359"},{"taxonomy":"product_cat","embeddable":true,"href":"https:\/\/domadesign.nl\/sk\/wp-json\/wp\/v2\/product_cat?post=359"},{"taxonomy":"product_tag","embeddable":true,"href":"https:\/\/domadesign.nl\/sk\/wp-json\/wp\/v2\/product_tag?post=359"}],"curies":[{"name":"wp","href":"https:\/\/api.w.org\/{rel}","templated":true}]}}