{"id":362,"date":"2021-10-28T12:26:18","date_gmt":"2021-10-28T10:26:18","guid":{"rendered":"https:\/\/doma.melonberries.sk\/?post_type=product&#038;p=362"},"modified":"2025-05-13T21:00:34","modified_gmt":"2025-05-13T19:00:34","slug":"arcalis","status":"publish","type":"product","link":"https:\/\/domadesign.nl\/sk\/produkt\/arcalis\/","title":{"rendered":"ARCALIS"},"content":{"rendered":"<h6>Technick\u00e1 \u0161pecifik\u00e1cia<\/h6>\n<p>priemer 2010 mm, v\u00fd\u0161ka 430 mm, hmotnos\u0165 160 kg<\/p>\n<h6>Materi\u00e1l stolovej dosky<\/h6>\n<p>dreven\u00fd mas\u00edv<\/p>\n<h6>Materi\u00e1l podno\u017ee<\/h6>\n<p>meden\u00fd tekut\u00fd kov<\/p>\n<h6>Personaliz\u00e1cia<\/h6>\n<p>Rozmery stola, povrchov\u00e9 \u00fapravy stola je mo\u017en\u00e9 prisp\u00f4sobi\u0165 po\u017eiadavk\u00e1m z\u00e1kazn\u00edka. Na v\u00fdber je mno\u017estvo farebn\u00fdch preveden\u00ed. Pre bli\u017e\u0161ie inform\u00e1cie n\u00e1s pros\u00edm kontaktujte.<\/p>\n","protected":false},"excerpt":{"rendered":"<div class=\"page\" title=\"Page 16\">\n<div class=\"layoutArea\">\n<div class=\"column\">\n<p>Konferen\u010dn\u00fd stol\u00edk ARCALIS je tvoren\u00fd vrchnou doskou z mas\u00edvnej prie\u010dne rezanej dosky a podno\u017eou v tvare kore\u0148a stromu. Povrchovo je upraven\u00e1 le\u0161ten\u00fdm meden\u00fdm tekut\u00fdm kovom. Pri tvorbe tohto stola som i\u0161iel tou istou cestou, ako pri n\u00e1vrhu jed\u00e1lensk\u00e9ho stola Meridiana. Chcem pon\u00faknu\u0165\u2019 z\u00e1kazn\u00edkovi v\u00fdnimo\u010dn\u00fd kus dreva a podno\u017e m\u00e1 len jemne dotvori\u0165\u2019 tvar stol\u00edka a necha\u0165\u2019 vynikn\u00fa\u0165\u2019 vrchn\u00fa dosku. Doska tohto stola je v\u017edy z jedn\u00e9ho kusa prie\u010dne rezan\u00e9ho kme\u0148a, v\u017edy jedine\u010dn\u00e1 a neopakovate\u013en\u00e1.<\/p>\n<p>Pri v\u00fdbere dosiek na tento st\u00f4l kladiem d\u00f4raz na p\u00f4vod, tvar dosky, v\u00fdnimo\u010dn\u00fa kresbu a \u0161trukt\u00faru, in\u0161pirujem sa pocitmi vych\u00e1dzaj\u00facimi z re\u0161pektu a obdivu k v\u00fdtvorom pr\u00edrody. D\u00e1vam jej mo\u017enost\u2019 preniest\u2019 sa a\u017e do na\u0161ich domovov v celej svojej dokonalosti. Citlivo odkr\u00ffvam a zv\u00ffraz\u0103ujem siln\u00fa emociu, ktor\u00e1 je ukryt\u00e1 v ka\u017edom jedine\u010dnom kuse dreva. Pon\u00fakam mo\u017enost\u2019 vidiet\u2019 cel\u00fa hist\u00f3riu stromu a od chv\u00edle, ked\u2019 bude s n\u00edm na\u0161a pr\u00edtomnost\u2019 vz\u00e1jomne prepojen\u00e1 m\u00f4\u017eeme nad\u2019aIej vn\u00edmat\u2019 jeho \u010dist\u00ff dotyk, bohat\u00e9 farby a pr\u00edjemn\u00e9 teplo.<\/p>\n<\/div>\n<\/div>\n<\/div>\n","protected":false},"featured_media":4058,"template":"","meta":[],"product_brand":[],"product_cat":[21],"product_tag":[23],"class_list":{"0":"post-362","1":"product","2":"type-product","3":"status-publish","4":"has-post-thumbnail","6":"product_cat-nezaradene","7":"product_tag-domovoi","9":"first","10":"outofstock","11":"shipping-taxable","12":"purchasable","13":"product-type-simple"},"yoast_head":"<!-- This site is optimized with the Yoast SEO plugin v20.13 - https:\/\/yoast.com\/wordpress\/plugins\/seo\/ -->\n<title>ARCALIS - DOMA<\/title>\n<meta name=\"robots\" content=\"index, follow, max-snippet:-1, max-image-preview:large, max-video-preview:-1\" \/>\n<link rel=\"canonical\" href=\"https:\/\/domadesign.nl\/sk\/produkt\/arcalis\/\" \/>\n<meta property=\"og:locale\" content=\"sk_SK\" \/>\n<meta property=\"og:type\" content=\"article\" \/>\n<meta property=\"og:title\" content=\"ARCALIS - DOMA\" \/>\n<meta property=\"og:description\" content=\"Konferen\u010dn\u00fd stol\u00edk ARCALIS je tvoren\u00fd vrchnou doskou z mas\u00edvnej prie\u010dne rezanej dosky a podno\u017eou v tvare kore\u0148a stromu. Povrchovo je upraven\u00e1 le\u0161ten\u00fdm meden\u00fdm tekut\u00fdm kovom. Pri tvorbe tohto stola som i\u0161iel tou istou cestou, ako pri n\u00e1vrhu jed\u00e1lensk\u00e9ho stola Meridiana. Chcem pon\u00faknu\u0165\u2019 z\u00e1kazn\u00edkovi v\u00fdnimo\u010dn\u00fd kus dreva a podno\u017e m\u00e1 len jemne dotvori\u0165\u2019 tvar stol\u00edka a necha\u0165\u2019 vynikn\u00fa\u0165\u2019 vrchn\u00fa dosku. Doska tohto stola je v\u017edy z jedn\u00e9ho kusa prie\u010dne rezan\u00e9ho kme\u0148a, v\u017edy jedine\u010dn\u00e1 a neopakovate\u013en\u00e1.  Pri v\u00fdbere dosiek na tento st\u00f4l kladiem d\u00f4raz na p\u00f4vod, tvar dosky, v\u00fdnimo\u010dn\u00fa kresbu a \u0161trukt\u00faru, in\u0161pirujem sa pocitmi vych\u00e1dzaj\u00facimi z re\u0161pektu a obdivu k v\u00fdtvorom pr\u00edrody. D\u00e1vam jej mo\u017enost\u2019 preniest\u2019 sa a\u017e do na\u0161ich domovov v celej svojej dokonalosti. Citlivo odkr\u00ffvam a zv\u00ffraz\u0103ujem siln\u00fa emociu, ktor\u00e1 je ukryt\u00e1 v ka\u017edom jedine\u010dnom kuse dreva. Pon\u00fakam mo\u017enost\u2019 vidiet\u2019 cel\u00fa hist\u00f3riu stromu a od chv\u00edle, ked\u2019 bude s n\u00edm na\u0161a pr\u00edtomnost\u2019 vz\u00e1jomne prepojen\u00e1 m\u00f4\u017eeme nad\u2019aIej vn\u00edmat\u2019 jeho \u010dist\u00ff dotyk, bohat\u00e9 farby a pr\u00edjemn\u00e9 teplo.\" \/>\n<meta property=\"og:url\" content=\"https:\/\/domadesign.nl\/sk\/produkt\/arcalis\/\" \/>\n<meta property=\"og:site_name\" content=\"DOMA\" \/>\n<meta property=\"article:modified_time\" content=\"2025-05-13T19:00:34+00:00\" \/>\n<meta property=\"og:image\" content=\"https:\/\/domadesign.nl\/wp-content\/uploads\/2021\/10\/12-ARCALIS-sq.png\" \/>\n\t<meta property=\"og:image:width\" content=\"3300\" \/>\n\t<meta property=\"og:image:height\" content=\"3300\" \/>\n\t<meta property=\"og:image:type\" content=\"image\/png\" \/>\n<meta name=\"twitter:card\" content=\"summary_large_image\" \/>\n<meta name=\"twitter:label1\" content=\"Predpokladan\u00fd \u010das \u010d\u00edtania\" \/>\n\t<meta name=\"twitter:data1\" content=\"1 min\u00fata\" \/>\n<script type=\"application\/ld+json\" class=\"yoast-schema-graph\">{\"@context\":\"https:\/\/schema.org\",\"@graph\":[{\"@type\":\"WebPage\",\"@id\":\"https:\/\/domadesign.nl\/sk\/produkt\/arcalis\/\",\"url\":\"https:\/\/domadesign.nl\/sk\/produkt\/arcalis\/\",\"name\":\"ARCALIS - DOMA\",\"isPartOf\":{\"@id\":\"https:\/\/domadesign.nl\/#website\"},\"datePublished\":\"2021-10-28T10:26:18+00:00\",\"dateModified\":\"2025-05-13T19:00:34+00:00\",\"breadcrumb\":{\"@id\":\"https:\/\/domadesign.nl\/sk\/produkt\/arcalis\/#breadcrumb\"},\"inLanguage\":\"sk-SK\",\"potentialAction\":[{\"@type\":\"ReadAction\",\"target\":[\"https:\/\/domadesign.nl\/sk\/produkt\/arcalis\/\"]}]},{\"@type\":\"BreadcrumbList\",\"@id\":\"https:\/\/domadesign.nl\/sk\/produkt\/arcalis\/#breadcrumb\",\"itemListElement\":[{\"@type\":\"ListItem\",\"position\":1,\"name\":\"Domovsk\u00e1 str\u00e1nka\",\"item\":\"https:\/\/domadesign.nl\/sk\/\"},{\"@type\":\"ListItem\",\"position\":2,\"name\":\"Obchod\",\"item\":\"https:\/\/domadesign.nl\/obchod\/\"},{\"@type\":\"ListItem\",\"position\":3,\"name\":\"ARCALIS\"}]},{\"@type\":\"WebSite\",\"@id\":\"https:\/\/domadesign.nl\/#website\",\"url\":\"https:\/\/domadesign.nl\/\",\"name\":\"DOMA\",\"description\":\"Luxusn\u00fd interi\u00e9r\",\"potentialAction\":[{\"@type\":\"SearchAction\",\"target\":{\"@type\":\"EntryPoint\",\"urlTemplate\":\"https:\/\/domadesign.nl\/?s={search_term_string}\"},\"query-input\":\"required name=search_term_string\"}],\"inLanguage\":\"sk-SK\"}]}<\/script>\n<!-- \/ Yoast SEO plugin. -->","yoast_head_json":{"title":"ARCALIS - DOMA","robots":{"index":"index","follow":"follow","max-snippet":"max-snippet:-1","max-image-preview":"max-image-preview:large","max-video-preview":"max-video-preview:-1"},"canonical":"https:\/\/domadesign.nl\/sk\/produkt\/arcalis\/","og_locale":"sk_SK","og_type":"article","og_title":"ARCALIS - DOMA","og_description":"Konferen\u010dn\u00fd stol\u00edk ARCALIS je tvoren\u00fd vrchnou doskou z mas\u00edvnej prie\u010dne rezanej dosky a podno\u017eou v tvare kore\u0148a stromu. Povrchovo je upraven\u00e1 le\u0161ten\u00fdm meden\u00fdm tekut\u00fdm kovom. Pri tvorbe tohto stola som i\u0161iel tou istou cestou, ako pri n\u00e1vrhu jed\u00e1lensk\u00e9ho stola Meridiana. Chcem pon\u00faknu\u0165\u2019 z\u00e1kazn\u00edkovi v\u00fdnimo\u010dn\u00fd kus dreva a podno\u017e m\u00e1 len jemne dotvori\u0165\u2019 tvar stol\u00edka a necha\u0165\u2019 vynikn\u00fa\u0165\u2019 vrchn\u00fa dosku. Doska tohto stola je v\u017edy z jedn\u00e9ho kusa prie\u010dne rezan\u00e9ho kme\u0148a, v\u017edy jedine\u010dn\u00e1 a neopakovate\u013en\u00e1.  Pri v\u00fdbere dosiek na tento st\u00f4l kladiem d\u00f4raz na p\u00f4vod, tvar dosky, v\u00fdnimo\u010dn\u00fa kresbu a \u0161trukt\u00faru, in\u0161pirujem sa pocitmi vych\u00e1dzaj\u00facimi z re\u0161pektu a obdivu k v\u00fdtvorom pr\u00edrody. D\u00e1vam jej mo\u017enost\u2019 preniest\u2019 sa a\u017e do na\u0161ich domovov v celej svojej dokonalosti. Citlivo odkr\u00ffvam a zv\u00ffraz\u0103ujem siln\u00fa emociu, ktor\u00e1 je ukryt\u00e1 v ka\u017edom jedine\u010dnom kuse dreva. Pon\u00fakam mo\u017enost\u2019 vidiet\u2019 cel\u00fa hist\u00f3riu stromu a od chv\u00edle, ked\u2019 bude s n\u00edm na\u0161a pr\u00edtomnost\u2019 vz\u00e1jomne prepojen\u00e1 m\u00f4\u017eeme nad\u2019aIej vn\u00edmat\u2019 jeho \u010dist\u00ff dotyk, bohat\u00e9 farby a pr\u00edjemn\u00e9 teplo.","og_url":"https:\/\/domadesign.nl\/sk\/produkt\/arcalis\/","og_site_name":"DOMA","article_modified_time":"2025-05-13T19:00:34+00:00","og_image":[{"width":3300,"height":3300,"url":"https:\/\/domadesign.nl\/wp-content\/uploads\/2021\/10\/12-ARCALIS-sq.png","type":"image\/png"}],"twitter_card":"summary_large_image","twitter_misc":{"Predpokladan\u00fd \u010das \u010d\u00edtania":"1 min\u00fata"},"schema":{"@context":"https:\/\/schema.org","@graph":[{"@type":"WebPage","@id":"https:\/\/domadesign.nl\/sk\/produkt\/arcalis\/","url":"https:\/\/domadesign.nl\/sk\/produkt\/arcalis\/","name":"ARCALIS - DOMA","isPartOf":{"@id":"https:\/\/domadesign.nl\/#website"},"datePublished":"2021-10-28T10:26:18+00:00","dateModified":"2025-05-13T19:00:34+00:00","breadcrumb":{"@id":"https:\/\/domadesign.nl\/sk\/produkt\/arcalis\/#breadcrumb"},"inLanguage":"sk-SK","potentialAction":[{"@type":"ReadAction","target":["https:\/\/domadesign.nl\/sk\/produkt\/arcalis\/"]}]},{"@type":"BreadcrumbList","@id":"https:\/\/domadesign.nl\/sk\/produkt\/arcalis\/#breadcrumb","itemListElement":[{"@type":"ListItem","position":1,"name":"Domovsk\u00e1 str\u00e1nka","item":"https:\/\/domadesign.nl\/sk\/"},{"@type":"ListItem","position":2,"name":"Obchod","item":"https:\/\/domadesign.nl\/obchod\/"},{"@type":"ListItem","position":3,"name":"ARCALIS"}]},{"@type":"WebSite","@id":"https:\/\/domadesign.nl\/#website","url":"https:\/\/domadesign.nl\/","name":"DOMA","description":"Luxusn\u00fd interi\u00e9r","potentialAction":[{"@type":"SearchAction","target":{"@type":"EntryPoint","urlTemplate":"https:\/\/domadesign.nl\/?s={search_term_string}"},"query-input":"required name=search_term_string"}],"inLanguage":"sk-SK"}]}},"_links":{"self":[{"href":"https:\/\/domadesign.nl\/sk\/wp-json\/wp\/v2\/product\/362","targetHints":{"allow":["GET"]}}],"collection":[{"href":"https:\/\/domadesign.nl\/sk\/wp-json\/wp\/v2\/product"}],"about":[{"href":"https:\/\/domadesign.nl\/sk\/wp-json\/wp\/v2\/types\/product"}],"wp:featuredmedia":[{"embeddable":true,"href":"https:\/\/domadesign.nl\/sk\/wp-json\/wp\/v2\/media\/4058"}],"wp:attachment":[{"href":"https:\/\/domadesign.nl\/sk\/wp-json\/wp\/v2\/media?parent=362"}],"wp:term":[{"taxonomy":"product_brand","embeddable":true,"href":"https:\/\/domadesign.nl\/sk\/wp-json\/wp\/v2\/product_brand?post=362"},{"taxonomy":"product_cat","embeddable":true,"href":"https:\/\/domadesign.nl\/sk\/wp-json\/wp\/v2\/product_cat?post=362"},{"taxonomy":"product_tag","embeddable":true,"href":"https:\/\/domadesign.nl\/sk\/wp-json\/wp\/v2\/product_tag?post=362"}],"curies":[{"name":"wp","href":"https:\/\/api.w.org\/{rel}","templated":true}]}}