{"id":4149,"date":"2024-11-19T19:45:27","date_gmt":"2024-11-19T18:45:27","guid":{"rendered":"https:\/\/domadesign.nl\/?post_type=product&#038;p=4149"},"modified":"2025-05-13T21:00:45","modified_gmt":"2025-05-13T19:00:45","slug":"celaneo","status":"publish","type":"product","link":"https:\/\/domadesign.nl\/sk\/produkt\/celaneo\/","title":{"rendered":"CELANEO"},"content":{"rendered":"<h6>Technick\u00e1 \u0161pecifik\u00e1cia<\/h6>\n<p>d\u013a\u017eka 2556 mm, \u0161\u00edrka 550 mm, v\u00fd\u0161ka 850mm, hmotnos\u0165 75 kg<\/p>\n<h6>Materi\u00e1l stolovej dosky<\/h6>\n<p>Uni d\u00fdha<\/p>\n<h6>Materi\u00e1l podno\u017ee<\/h6>\n<p>tekut\u00fd kov<\/p>\n<h6>Personaliz\u00e1cia<\/h6>\n<p>Rozmery stola je mo\u017en\u00e9 prisp\u00f4sobi\u0165 po\u017eiadavk\u00e1m z\u00e1kazn\u00edka. Pre bli\u017e\u0161ie inform\u00e1cie n\u00e1s pros\u00edm kontaktujte.<\/p>\n","protected":false},"excerpt":{"rendered":"<p>Ladn\u00e9 tvary konzolov\u00e9ho stol\u00edka CLEANEO s\u00fa in\u0161pirovan\u00e9 zvlnen\u00fdm reli\u00e9fom zemsk\u00e9ho povrchu. Odr\u00e1\u017ea sa v \u0148om k\u00fasok krajiny. Horizont\u00e1lne krivky, vytvoren\u00e9 krajinou ud\u00e1vaj\u00fa l\u00ednie stola a vytv\u00e1raj\u00fa pocit pokoja. Telo stola je povrchovo upraven\u00e9 tekut\u00fdm kovom.<\/p>\n<p>Vrchn\u00e1 doska stola je dyhovan\u00e1 a lakovan\u00e1 matn\u00fdm lakom. Tvar stola neumo\u017e\u0148uje stolu st\u00e1\u0165\u2019 samostatne preto je potrebn\u00e9 kotvi\u0165\u2019 st\u00f4l k stene.<\/p>\n","protected":false},"featured_media":4152,"template":"","meta":[],"product_brand":[],"product_cat":[21],"product_tag":[23],"class_list":{"0":"post-4149","1":"product","2":"type-product","3":"status-publish","4":"has-post-thumbnail","6":"product_cat-nezaradene","7":"product_tag-domovoi","9":"first","10":"outofstock","11":"shipping-taxable","12":"purchasable","13":"product-type-simple"},"yoast_head":"<!-- This site is optimized with the Yoast SEO plugin v20.13 - https:\/\/yoast.com\/wordpress\/plugins\/seo\/ -->\n<title>CELANEO - DOMA<\/title>\n<meta name=\"robots\" content=\"index, follow, max-snippet:-1, max-image-preview:large, max-video-preview:-1\" \/>\n<link rel=\"canonical\" href=\"https:\/\/domadesign.nl\/sk\/produkt\/celaneo\/\" \/>\n<meta property=\"og:locale\" content=\"sk_SK\" \/>\n<meta property=\"og:type\" content=\"article\" \/>\n<meta property=\"og:title\" content=\"CELANEO - DOMA\" \/>\n<meta property=\"og:description\" content=\"Ladn\u00e9 tvary konzolov\u00e9ho stol\u00edka CLEANEO s\u00fa in\u0161pirovan\u00e9 zvlnen\u00fdm reli\u00e9fom zemsk\u00e9ho povrchu. Odr\u00e1\u017ea sa v \u0148om k\u00fasok krajiny. Horizont\u00e1lne krivky, vytvoren\u00e9 krajinou ud\u00e1vaj\u00fa l\u00ednie stola a vytv\u00e1raj\u00fa pocit pokoja. Telo stola je povrchovo upraven\u00e9 tekut\u00fdm kovom.  Vrchn\u00e1 doska stola je dyhovan\u00e1 a lakovan\u00e1 matn\u00fdm lakom. Tvar stola neumo\u017e\u0148uje stolu st\u00e1\u0165\u2019 samostatne preto je potrebn\u00e9 kotvi\u0165\u2019 st\u00f4l k stene.\" \/>\n<meta property=\"og:url\" content=\"https:\/\/domadesign.nl\/sk\/produkt\/celaneo\/\" \/>\n<meta property=\"og:site_name\" content=\"DOMA\" \/>\n<meta property=\"article:modified_time\" content=\"2025-05-13T19:00:45+00:00\" \/>\n<meta property=\"og:image\" content=\"https:\/\/domadesign.nl\/wp-content\/uploads\/2024\/11\/09-CELANEO-sq.png\" \/>\n\t<meta property=\"og:image:width\" content=\"3300\" \/>\n\t<meta property=\"og:image:height\" content=\"3300\" \/>\n\t<meta property=\"og:image:type\" content=\"image\/png\" \/>\n<meta name=\"twitter:card\" content=\"summary_large_image\" \/>\n<meta name=\"twitter:label1\" content=\"Predpokladan\u00fd \u010das \u010d\u00edtania\" \/>\n\t<meta name=\"twitter:data1\" content=\"1 min\u00fata\" \/>\n<script type=\"application\/ld+json\" class=\"yoast-schema-graph\">{\"@context\":\"https:\/\/schema.org\",\"@graph\":[{\"@type\":\"WebPage\",\"@id\":\"https:\/\/domadesign.nl\/sk\/produkt\/celaneo\/\",\"url\":\"https:\/\/domadesign.nl\/sk\/produkt\/celaneo\/\",\"name\":\"CELANEO - DOMA\",\"isPartOf\":{\"@id\":\"https:\/\/domadesign.nl\/#website\"},\"datePublished\":\"2024-11-19T18:45:27+00:00\",\"dateModified\":\"2025-05-13T19:00:45+00:00\",\"breadcrumb\":{\"@id\":\"https:\/\/domadesign.nl\/sk\/produkt\/celaneo\/#breadcrumb\"},\"inLanguage\":\"sk-SK\",\"potentialAction\":[{\"@type\":\"ReadAction\",\"target\":[\"https:\/\/domadesign.nl\/sk\/produkt\/celaneo\/\"]}]},{\"@type\":\"BreadcrumbList\",\"@id\":\"https:\/\/domadesign.nl\/sk\/produkt\/celaneo\/#breadcrumb\",\"itemListElement\":[{\"@type\":\"ListItem\",\"position\":1,\"name\":\"Domovsk\u00e1 str\u00e1nka\",\"item\":\"https:\/\/domadesign.nl\/sk\/\"},{\"@type\":\"ListItem\",\"position\":2,\"name\":\"Obchod\",\"item\":\"https:\/\/domadesign.nl\/obchod\/\"},{\"@type\":\"ListItem\",\"position\":3,\"name\":\"CELANEO\"}]},{\"@type\":\"WebSite\",\"@id\":\"https:\/\/domadesign.nl\/#website\",\"url\":\"https:\/\/domadesign.nl\/\",\"name\":\"DOMA\",\"description\":\"Luxusn\u00fd interi\u00e9r\",\"potentialAction\":[{\"@type\":\"SearchAction\",\"target\":{\"@type\":\"EntryPoint\",\"urlTemplate\":\"https:\/\/domadesign.nl\/?s={search_term_string}\"},\"query-input\":\"required name=search_term_string\"}],\"inLanguage\":\"sk-SK\"}]}<\/script>\n<!-- \/ Yoast SEO plugin. -->","yoast_head_json":{"title":"CELANEO - DOMA","robots":{"index":"index","follow":"follow","max-snippet":"max-snippet:-1","max-image-preview":"max-image-preview:large","max-video-preview":"max-video-preview:-1"},"canonical":"https:\/\/domadesign.nl\/sk\/produkt\/celaneo\/","og_locale":"sk_SK","og_type":"article","og_title":"CELANEO - DOMA","og_description":"Ladn\u00e9 tvary konzolov\u00e9ho stol\u00edka CLEANEO s\u00fa in\u0161pirovan\u00e9 zvlnen\u00fdm reli\u00e9fom zemsk\u00e9ho povrchu. Odr\u00e1\u017ea sa v \u0148om k\u00fasok krajiny. Horizont\u00e1lne krivky, vytvoren\u00e9 krajinou ud\u00e1vaj\u00fa l\u00ednie stola a vytv\u00e1raj\u00fa pocit pokoja. Telo stola je povrchovo upraven\u00e9 tekut\u00fdm kovom.  Vrchn\u00e1 doska stola je dyhovan\u00e1 a lakovan\u00e1 matn\u00fdm lakom. Tvar stola neumo\u017e\u0148uje stolu st\u00e1\u0165\u2019 samostatne preto je potrebn\u00e9 kotvi\u0165\u2019 st\u00f4l k stene.","og_url":"https:\/\/domadesign.nl\/sk\/produkt\/celaneo\/","og_site_name":"DOMA","article_modified_time":"2025-05-13T19:00:45+00:00","og_image":[{"width":3300,"height":3300,"url":"https:\/\/domadesign.nl\/wp-content\/uploads\/2024\/11\/09-CELANEO-sq.png","type":"image\/png"}],"twitter_card":"summary_large_image","twitter_misc":{"Predpokladan\u00fd \u010das \u010d\u00edtania":"1 min\u00fata"},"schema":{"@context":"https:\/\/schema.org","@graph":[{"@type":"WebPage","@id":"https:\/\/domadesign.nl\/sk\/produkt\/celaneo\/","url":"https:\/\/domadesign.nl\/sk\/produkt\/celaneo\/","name":"CELANEO - DOMA","isPartOf":{"@id":"https:\/\/domadesign.nl\/#website"},"datePublished":"2024-11-19T18:45:27+00:00","dateModified":"2025-05-13T19:00:45+00:00","breadcrumb":{"@id":"https:\/\/domadesign.nl\/sk\/produkt\/celaneo\/#breadcrumb"},"inLanguage":"sk-SK","potentialAction":[{"@type":"ReadAction","target":["https:\/\/domadesign.nl\/sk\/produkt\/celaneo\/"]}]},{"@type":"BreadcrumbList","@id":"https:\/\/domadesign.nl\/sk\/produkt\/celaneo\/#breadcrumb","itemListElement":[{"@type":"ListItem","position":1,"name":"Domovsk\u00e1 str\u00e1nka","item":"https:\/\/domadesign.nl\/sk\/"},{"@type":"ListItem","position":2,"name":"Obchod","item":"https:\/\/domadesign.nl\/obchod\/"},{"@type":"ListItem","position":3,"name":"CELANEO"}]},{"@type":"WebSite","@id":"https:\/\/domadesign.nl\/#website","url":"https:\/\/domadesign.nl\/","name":"DOMA","description":"Luxusn\u00fd interi\u00e9r","potentialAction":[{"@type":"SearchAction","target":{"@type":"EntryPoint","urlTemplate":"https:\/\/domadesign.nl\/?s={search_term_string}"},"query-input":"required name=search_term_string"}],"inLanguage":"sk-SK"}]}},"_links":{"self":[{"href":"https:\/\/domadesign.nl\/sk\/wp-json\/wp\/v2\/product\/4149","targetHints":{"allow":["GET"]}}],"collection":[{"href":"https:\/\/domadesign.nl\/sk\/wp-json\/wp\/v2\/product"}],"about":[{"href":"https:\/\/domadesign.nl\/sk\/wp-json\/wp\/v2\/types\/product"}],"wp:featuredmedia":[{"embeddable":true,"href":"https:\/\/domadesign.nl\/sk\/wp-json\/wp\/v2\/media\/4152"}],"wp:attachment":[{"href":"https:\/\/domadesign.nl\/sk\/wp-json\/wp\/v2\/media?parent=4149"}],"wp:term":[{"taxonomy":"product_brand","embeddable":true,"href":"https:\/\/domadesign.nl\/sk\/wp-json\/wp\/v2\/product_brand?post=4149"},{"taxonomy":"product_cat","embeddable":true,"href":"https:\/\/domadesign.nl\/sk\/wp-json\/wp\/v2\/product_cat?post=4149"},{"taxonomy":"product_tag","embeddable":true,"href":"https:\/\/domadesign.nl\/sk\/wp-json\/wp\/v2\/product_tag?post=4149"}],"curies":[{"name":"wp","href":"https:\/\/api.w.org\/{rel}","templated":true}]}}