{"id":4165,"date":"2024-11-19T19:56:49","date_gmt":"2024-11-19T18:56:49","guid":{"rendered":"https:\/\/domadesign.nl\/?post_type=product&#038;p=4165"},"modified":"2025-05-13T21:13:47","modified_gmt":"2025-05-13T19:13:47","slug":"castor","status":"publish","type":"product","link":"https:\/\/domadesign.nl\/sk\/produkt\/castor\/","title":{"rendered":"CASTOR"},"content":{"rendered":"<h6>Technick\u00e1 \u0161pecifik\u00e1cia<\/h6>\n<p>d\u013a\u017eka 3480 mm, \u0161\u00edrka 1100 mm, v\u00fd\u0161ka 760 mm, hmotnos\u0165 220 kg<\/p>\n<h6>Materi\u00e1l stolovej dosky<\/h6>\n<p>Klav\u00edrny lak<\/p>\n<h6>Materi\u00e1l podno\u017ee<\/h6>\n<p>Uni d\u00fdha, Pl\u00e1tkov\u00fd kov<\/p>\n<h6>Personaliz\u00e1cia<\/h6>\n<p>Rozmery stola, povrchov\u00e9 \u00fapravy stola je mo\u017en\u00e9 prisp\u00f4sobi\u0165 po\u017eiadavk\u00e1m z\u00e1kazn\u00edka. Pre bli\u017e\u0161ie inform\u00e1cie n\u00e1s pros\u00edm kontaktujte.<\/p>\n","protected":false},"excerpt":{"rendered":"<p>Dr\u00e1hy plan\u00e9t v na\u0161ej slne\u010dnej s\u00fastave (a ve\u013ek\u00e1 v\u00e4\u010d\u0161ina planet\u00e1rnych objektov vo vesm\u00edre) nie s\u00fa \u00faplne kruhov\u00e9, ale maj\u00fa orbit\u00e1lnu excentricitu, odborne sa tomu hovor\u00ed elipsa a pr\u00e1ve ona sa stala hlavn\u00fdm mot\u00edvom stol\u00edka CASTOR na tele ktor\u00e9ho sa objav\u00ed tri kr\u00e1t.<\/p>\n<p>Elipsa je tvar, ktor\u00fd je v pr\u00edpade stolovej dosky ve\u013emi vhodn\u00fd. Nielen \u017ee p\u00f4sob\u00ed elegantne, ale poskytuje okolo stola aj viac priestoru v porovnan\u00ed so stolovou doskou obd\u013a\u017enikov\u00e9ho tvaru. Vrchn\u00e1 dyhovan\u00e1 doska stola m\u00e1 hr\u00fabku 60mm a povrchovo je upraven\u00e1 matn\u00fdm lakom.<\/p>\n<p>Tvar vrchnej dosky pokra\u010duje v zmen\u0161enom tvare do centr\u00e1lnej podno\u017ee stola, ktor\u00e1 poskytuje stolu dokonal\u00fa stabilitu a ergon\u00f3miu. Do podno\u017ee je zakompovan\u00fd v\u00fdrez v tvare elipsy, ktor\u00fd od\u013eah\u010duje hmotu podno\u017ee a opticky st\u00f4l zjem\u0148uje. Podno\u017e je povrchovo upraven\u00e1 klav\u00edrnym lakom a elipsov\u00fd otvor pl\u00e1tkov\u00fdm zlatom.<\/p>\n","protected":false},"featured_media":4168,"template":"","meta":[],"product_brand":[],"product_cat":[21],"product_tag":[23],"class_list":{"0":"post-4165","1":"product","2":"type-product","3":"status-publish","4":"has-post-thumbnail","6":"product_cat-nezaradene","7":"product_tag-domovoi","9":"first","10":"outofstock","11":"shipping-taxable","12":"purchasable","13":"product-type-simple"},"yoast_head":"<!-- This site is optimized with the Yoast SEO plugin v20.13 - https:\/\/yoast.com\/wordpress\/plugins\/seo\/ -->\n<title>CASTOR - DOMA<\/title>\n<meta name=\"robots\" content=\"index, follow, max-snippet:-1, max-image-preview:large, max-video-preview:-1\" \/>\n<link rel=\"canonical\" href=\"https:\/\/domadesign.nl\/sk\/produkt\/castor\/\" \/>\n<meta property=\"og:locale\" content=\"sk_SK\" \/>\n<meta property=\"og:type\" content=\"article\" \/>\n<meta property=\"og:title\" content=\"CASTOR - DOMA\" \/>\n<meta property=\"og:description\" content=\"Dr\u00e1hy plan\u00e9t v na\u0161ej slne\u010dnej s\u00fastave (a ve\u013ek\u00e1 v\u00e4\u010d\u0161ina planet\u00e1rnych objektov vo vesm\u00edre) nie s\u00fa \u00faplne kruhov\u00e9, ale maj\u00fa orbit\u00e1lnu excentricitu, odborne sa tomu hovor\u00ed elipsa a pr\u00e1ve ona sa stala hlavn\u00fdm mot\u00edvom stol\u00edka CASTOR na tele ktor\u00e9ho sa objav\u00ed tri kr\u00e1t.  Elipsa je tvar, ktor\u00fd je v pr\u00edpade stolovej dosky ve\u013emi vhodn\u00fd. Nielen \u017ee p\u00f4sob\u00ed elegantne, ale poskytuje okolo stola aj viac priestoru v porovnan\u00ed so stolovou doskou obd\u013a\u017enikov\u00e9ho tvaru. Vrchn\u00e1 dyhovan\u00e1 doska stola m\u00e1 hr\u00fabku 60mm a povrchovo je upraven\u00e1 matn\u00fdm lakom.  Tvar vrchnej dosky pokra\u010duje v zmen\u0161enom tvare do centr\u00e1lnej podno\u017ee stola, ktor\u00e1 poskytuje stolu dokonal\u00fa stabilitu a ergon\u00f3miu. Do podno\u017ee je zakompovan\u00fd v\u00fdrez v tvare elipsy, ktor\u00fd od\u013eah\u010duje hmotu podno\u017ee a opticky st\u00f4l zjem\u0148uje. Podno\u017e je povrchovo upraven\u00e1 klav\u00edrnym lakom a elipsov\u00fd otvor pl\u00e1tkov\u00fdm zlatom.\" \/>\n<meta property=\"og:url\" content=\"https:\/\/domadesign.nl\/sk\/produkt\/castor\/\" \/>\n<meta property=\"og:site_name\" content=\"DOMA\" \/>\n<meta property=\"article:modified_time\" content=\"2025-05-13T19:13:47+00:00\" \/>\n<meta property=\"og:image\" content=\"https:\/\/domadesign.nl\/wp-content\/uploads\/2024\/11\/05-CASTOR-sq.png\" \/>\n\t<meta property=\"og:image:width\" content=\"3300\" \/>\n\t<meta property=\"og:image:height\" content=\"3300\" \/>\n\t<meta property=\"og:image:type\" content=\"image\/png\" \/>\n<meta name=\"twitter:card\" content=\"summary_large_image\" \/>\n<meta name=\"twitter:label1\" content=\"Predpokladan\u00fd \u010das \u010d\u00edtania\" \/>\n\t<meta name=\"twitter:data1\" content=\"1 min\u00fata\" \/>\n<script type=\"application\/ld+json\" class=\"yoast-schema-graph\">{\"@context\":\"https:\/\/schema.org\",\"@graph\":[{\"@type\":\"WebPage\",\"@id\":\"https:\/\/domadesign.nl\/sk\/produkt\/castor\/\",\"url\":\"https:\/\/domadesign.nl\/sk\/produkt\/castor\/\",\"name\":\"CASTOR - DOMA\",\"isPartOf\":{\"@id\":\"https:\/\/domadesign.nl\/#website\"},\"datePublished\":\"2024-11-19T18:56:49+00:00\",\"dateModified\":\"2025-05-13T19:13:47+00:00\",\"breadcrumb\":{\"@id\":\"https:\/\/domadesign.nl\/sk\/produkt\/castor\/#breadcrumb\"},\"inLanguage\":\"sk-SK\",\"potentialAction\":[{\"@type\":\"ReadAction\",\"target\":[\"https:\/\/domadesign.nl\/sk\/produkt\/castor\/\"]}]},{\"@type\":\"BreadcrumbList\",\"@id\":\"https:\/\/domadesign.nl\/sk\/produkt\/castor\/#breadcrumb\",\"itemListElement\":[{\"@type\":\"ListItem\",\"position\":1,\"name\":\"Domovsk\u00e1 str\u00e1nka\",\"item\":\"https:\/\/domadesign.nl\/sk\/\"},{\"@type\":\"ListItem\",\"position\":2,\"name\":\"Obchod\",\"item\":\"https:\/\/domadesign.nl\/obchod\/\"},{\"@type\":\"ListItem\",\"position\":3,\"name\":\"CASTOR\"}]},{\"@type\":\"WebSite\",\"@id\":\"https:\/\/domadesign.nl\/#website\",\"url\":\"https:\/\/domadesign.nl\/\",\"name\":\"DOMA\",\"description\":\"Luxusn\u00fd interi\u00e9r\",\"potentialAction\":[{\"@type\":\"SearchAction\",\"target\":{\"@type\":\"EntryPoint\",\"urlTemplate\":\"https:\/\/domadesign.nl\/?s={search_term_string}\"},\"query-input\":\"required name=search_term_string\"}],\"inLanguage\":\"sk-SK\"}]}<\/script>\n<!-- \/ Yoast SEO plugin. -->","yoast_head_json":{"title":"CASTOR - DOMA","robots":{"index":"index","follow":"follow","max-snippet":"max-snippet:-1","max-image-preview":"max-image-preview:large","max-video-preview":"max-video-preview:-1"},"canonical":"https:\/\/domadesign.nl\/sk\/produkt\/castor\/","og_locale":"sk_SK","og_type":"article","og_title":"CASTOR - DOMA","og_description":"Dr\u00e1hy plan\u00e9t v na\u0161ej slne\u010dnej s\u00fastave (a ve\u013ek\u00e1 v\u00e4\u010d\u0161ina planet\u00e1rnych objektov vo vesm\u00edre) nie s\u00fa \u00faplne kruhov\u00e9, ale maj\u00fa orbit\u00e1lnu excentricitu, odborne sa tomu hovor\u00ed elipsa a pr\u00e1ve ona sa stala hlavn\u00fdm mot\u00edvom stol\u00edka CASTOR na tele ktor\u00e9ho sa objav\u00ed tri kr\u00e1t.  Elipsa je tvar, ktor\u00fd je v pr\u00edpade stolovej dosky ve\u013emi vhodn\u00fd. Nielen \u017ee p\u00f4sob\u00ed elegantne, ale poskytuje okolo stola aj viac priestoru v porovnan\u00ed so stolovou doskou obd\u013a\u017enikov\u00e9ho tvaru. Vrchn\u00e1 dyhovan\u00e1 doska stola m\u00e1 hr\u00fabku 60mm a povrchovo je upraven\u00e1 matn\u00fdm lakom.  Tvar vrchnej dosky pokra\u010duje v zmen\u0161enom tvare do centr\u00e1lnej podno\u017ee stola, ktor\u00e1 poskytuje stolu dokonal\u00fa stabilitu a ergon\u00f3miu. Do podno\u017ee je zakompovan\u00fd v\u00fdrez v tvare elipsy, ktor\u00fd od\u013eah\u010duje hmotu podno\u017ee a opticky st\u00f4l zjem\u0148uje. Podno\u017e je povrchovo upraven\u00e1 klav\u00edrnym lakom a elipsov\u00fd otvor pl\u00e1tkov\u00fdm zlatom.","og_url":"https:\/\/domadesign.nl\/sk\/produkt\/castor\/","og_site_name":"DOMA","article_modified_time":"2025-05-13T19:13:47+00:00","og_image":[{"width":3300,"height":3300,"url":"https:\/\/domadesign.nl\/wp-content\/uploads\/2024\/11\/05-CASTOR-sq.png","type":"image\/png"}],"twitter_card":"summary_large_image","twitter_misc":{"Predpokladan\u00fd \u010das \u010d\u00edtania":"1 min\u00fata"},"schema":{"@context":"https:\/\/schema.org","@graph":[{"@type":"WebPage","@id":"https:\/\/domadesign.nl\/sk\/produkt\/castor\/","url":"https:\/\/domadesign.nl\/sk\/produkt\/castor\/","name":"CASTOR - DOMA","isPartOf":{"@id":"https:\/\/domadesign.nl\/#website"},"datePublished":"2024-11-19T18:56:49+00:00","dateModified":"2025-05-13T19:13:47+00:00","breadcrumb":{"@id":"https:\/\/domadesign.nl\/sk\/produkt\/castor\/#breadcrumb"},"inLanguage":"sk-SK","potentialAction":[{"@type":"ReadAction","target":["https:\/\/domadesign.nl\/sk\/produkt\/castor\/"]}]},{"@type":"BreadcrumbList","@id":"https:\/\/domadesign.nl\/sk\/produkt\/castor\/#breadcrumb","itemListElement":[{"@type":"ListItem","position":1,"name":"Domovsk\u00e1 str\u00e1nka","item":"https:\/\/domadesign.nl\/sk\/"},{"@type":"ListItem","position":2,"name":"Obchod","item":"https:\/\/domadesign.nl\/obchod\/"},{"@type":"ListItem","position":3,"name":"CASTOR"}]},{"@type":"WebSite","@id":"https:\/\/domadesign.nl\/#website","url":"https:\/\/domadesign.nl\/","name":"DOMA","description":"Luxusn\u00fd interi\u00e9r","potentialAction":[{"@type":"SearchAction","target":{"@type":"EntryPoint","urlTemplate":"https:\/\/domadesign.nl\/?s={search_term_string}"},"query-input":"required name=search_term_string"}],"inLanguage":"sk-SK"}]}},"_links":{"self":[{"href":"https:\/\/domadesign.nl\/sk\/wp-json\/wp\/v2\/product\/4165","targetHints":{"allow":["GET"]}}],"collection":[{"href":"https:\/\/domadesign.nl\/sk\/wp-json\/wp\/v2\/product"}],"about":[{"href":"https:\/\/domadesign.nl\/sk\/wp-json\/wp\/v2\/types\/product"}],"wp:featuredmedia":[{"embeddable":true,"href":"https:\/\/domadesign.nl\/sk\/wp-json\/wp\/v2\/media\/4168"}],"wp:attachment":[{"href":"https:\/\/domadesign.nl\/sk\/wp-json\/wp\/v2\/media?parent=4165"}],"wp:term":[{"taxonomy":"product_brand","embeddable":true,"href":"https:\/\/domadesign.nl\/sk\/wp-json\/wp\/v2\/product_brand?post=4165"},{"taxonomy":"product_cat","embeddable":true,"href":"https:\/\/domadesign.nl\/sk\/wp-json\/wp\/v2\/product_cat?post=4165"},{"taxonomy":"product_tag","embeddable":true,"href":"https:\/\/domadesign.nl\/sk\/wp-json\/wp\/v2\/product_tag?post=4165"}],"curies":[{"name":"wp","href":"https:\/\/api.w.org\/{rel}","templated":true}]}}