{"id":4180,"date":"2024-11-19T20:10:59","date_gmt":"2024-11-19T19:10:59","guid":{"rendered":"https:\/\/domadesign.nl\/?post_type=product&#038;p=4180"},"modified":"2025-05-13T21:17:42","modified_gmt":"2025-05-13T19:17:42","slug":"minelauva","status":"publish","type":"product","link":"https:\/\/domadesign.nl\/sk\/produkt\/minelauva\/","title":{"rendered":"MINELAUVA"},"content":{"rendered":"<h6>Technick\u00e1 \u0161pecifik\u00e1cia<\/h6>\n<p>d\u013a\u017eka 2120 mm, \u0161\u00edrka 900 mm, v\u00fd\u0161ka 760 mm, hmotnos\u0165 220 kg<\/p>\n<h6>Materi\u00e1l stolovej dosky<\/h6>\n<p>Uni d\u00fdha<\/p>\n<h6>Materi\u00e1l podno\u017ee<\/h6>\n<p>Biela lakovan\u00e1<\/p>\n<h6>Personaliz\u00e1cia<\/h6>\n<p>St\u00f4l je mo\u017en\u00e9 vytvori\u0165 aj ako konzolov\u00fd, alebo konferen\u010dn\u00fd. Rozmery stola, povrchov\u00e9 \u00fapravy stola je mo\u017en\u00e9 prisp\u00f4sobi\u0165 po\u017eiadavk\u00e1m z\u00e1kazn\u00edka. Pre bli\u017e\u0161ie inform\u00e1cie n\u00e1s pros\u00edm kontaktujte.<\/p>\n","protected":false},"excerpt":{"rendered":"<p>Trojuholn\u00edk je tvar, ktor\u00fd umo\u017e\u0148uje vytvorenie jednoduch\u00e9ho, ale elegantn\u00e9ho stola bez pou\u017eitia \u010fal\u0161\u00edch vizu\u00e1lnych komponentov, preto som ho ve\u013emi r\u00e1d vyu\u017eil pri n\u00e1vrhu jed\u00e1lensk\u00e9ho\/ rokovacieho stola MINELAUVA. Tvar trojuholn\u00edka je pre \u00fa\u010del vytvorenia stola upraven\u00fd do jeho 3D podoby &#8211; pyram\u00eddy.<\/p>\n<p>Telo stola je tvoren\u00e9 dvoma nepravideln\u00fdmi pyram\u00eddami. Vrchn\u00e1 v\u00e4\u010d\u0161ia pyram\u00edda tvoriaca vrchn\u00fa dosku stola je dyhovan\u00e1 a povrchovo upraven\u00e1 matn\u00fdm lakom. Druh\u00e1 pyram\u00edda tvoriaca podno\u017e je lakovan\u00e1 bielym matn\u00fdm lakom.<\/p>\n","protected":false},"featured_media":4192,"template":"","meta":[],"product_brand":[],"product_cat":[21],"product_tag":[23],"class_list":{"0":"post-4180","1":"product","2":"type-product","3":"status-publish","4":"has-post-thumbnail","6":"product_cat-nezaradene","7":"product_tag-domovoi","9":"first","10":"outofstock","11":"shipping-taxable","12":"purchasable","13":"product-type-simple"},"yoast_head":"<!-- This site is optimized with the Yoast SEO plugin v20.13 - https:\/\/yoast.com\/wordpress\/plugins\/seo\/ -->\n<title>MINELAUVA - DOMA<\/title>\n<meta name=\"robots\" content=\"index, follow, max-snippet:-1, max-image-preview:large, max-video-preview:-1\" \/>\n<link rel=\"canonical\" href=\"https:\/\/domadesign.nl\/sk\/produkt\/minelauva\/\" \/>\n<meta property=\"og:locale\" content=\"sk_SK\" \/>\n<meta property=\"og:type\" content=\"article\" \/>\n<meta property=\"og:title\" content=\"MINELAUVA - DOMA\" \/>\n<meta property=\"og:description\" content=\"Trojuholn\u00edk je tvar, ktor\u00fd umo\u017e\u0148uje vytvorenie jednoduch\u00e9ho, ale elegantn\u00e9ho stola bez pou\u017eitia \u010fal\u0161\u00edch vizu\u00e1lnych komponentov, preto som ho ve\u013emi r\u00e1d vyu\u017eil pri n\u00e1vrhu jed\u00e1lensk\u00e9ho\/ rokovacieho stola MINELAUVA. Tvar trojuholn\u00edka je pre \u00fa\u010del vytvorenia stola upraven\u00fd do jeho 3D podoby - pyram\u00eddy.  Telo stola je tvoren\u00e9 dvoma nepravideln\u00fdmi pyram\u00eddami. Vrchn\u00e1 v\u00e4\u010d\u0161ia pyram\u00edda tvoriaca vrchn\u00fa dosku stola je dyhovan\u00e1 a povrchovo upraven\u00e1 matn\u00fdm lakom. Druh\u00e1 pyram\u00edda tvoriaca podno\u017e je lakovan\u00e1 bielym matn\u00fdm lakom.\" \/>\n<meta property=\"og:url\" content=\"https:\/\/domadesign.nl\/sk\/produkt\/minelauva\/\" \/>\n<meta property=\"og:site_name\" content=\"DOMA\" \/>\n<meta property=\"article:modified_time\" content=\"2025-05-13T19:17:42+00:00\" \/>\n<meta property=\"og:image\" content=\"https:\/\/domadesign.nl\/wp-content\/uploads\/2024\/11\/03-MINELAUVA-sq.png\" \/>\n\t<meta property=\"og:image:width\" content=\"3300\" \/>\n\t<meta property=\"og:image:height\" content=\"3300\" \/>\n\t<meta property=\"og:image:type\" content=\"image\/png\" \/>\n<meta name=\"twitter:card\" content=\"summary_large_image\" \/>\n<meta name=\"twitter:label1\" content=\"Predpokladan\u00fd \u010das \u010d\u00edtania\" \/>\n\t<meta name=\"twitter:data1\" content=\"1 min\u00fata\" \/>\n<script type=\"application\/ld+json\" class=\"yoast-schema-graph\">{\"@context\":\"https:\/\/schema.org\",\"@graph\":[{\"@type\":\"WebPage\",\"@id\":\"https:\/\/domadesign.nl\/sk\/produkt\/minelauva\/\",\"url\":\"https:\/\/domadesign.nl\/sk\/produkt\/minelauva\/\",\"name\":\"MINELAUVA - DOMA\",\"isPartOf\":{\"@id\":\"https:\/\/domadesign.nl\/#website\"},\"datePublished\":\"2024-11-19T19:10:59+00:00\",\"dateModified\":\"2025-05-13T19:17:42+00:00\",\"breadcrumb\":{\"@id\":\"https:\/\/domadesign.nl\/sk\/produkt\/minelauva\/#breadcrumb\"},\"inLanguage\":\"sk-SK\",\"potentialAction\":[{\"@type\":\"ReadAction\",\"target\":[\"https:\/\/domadesign.nl\/sk\/produkt\/minelauva\/\"]}]},{\"@type\":\"BreadcrumbList\",\"@id\":\"https:\/\/domadesign.nl\/sk\/produkt\/minelauva\/#breadcrumb\",\"itemListElement\":[{\"@type\":\"ListItem\",\"position\":1,\"name\":\"Domovsk\u00e1 str\u00e1nka\",\"item\":\"https:\/\/domadesign.nl\/sk\/\"},{\"@type\":\"ListItem\",\"position\":2,\"name\":\"Obchod\",\"item\":\"https:\/\/domadesign.nl\/obchod\/\"},{\"@type\":\"ListItem\",\"position\":3,\"name\":\"MINELAUVA\"}]},{\"@type\":\"WebSite\",\"@id\":\"https:\/\/domadesign.nl\/#website\",\"url\":\"https:\/\/domadesign.nl\/\",\"name\":\"DOMA\",\"description\":\"Luxusn\u00fd interi\u00e9r\",\"potentialAction\":[{\"@type\":\"SearchAction\",\"target\":{\"@type\":\"EntryPoint\",\"urlTemplate\":\"https:\/\/domadesign.nl\/?s={search_term_string}\"},\"query-input\":\"required name=search_term_string\"}],\"inLanguage\":\"sk-SK\"}]}<\/script>\n<!-- \/ Yoast SEO plugin. -->","yoast_head_json":{"title":"MINELAUVA - DOMA","robots":{"index":"index","follow":"follow","max-snippet":"max-snippet:-1","max-image-preview":"max-image-preview:large","max-video-preview":"max-video-preview:-1"},"canonical":"https:\/\/domadesign.nl\/sk\/produkt\/minelauva\/","og_locale":"sk_SK","og_type":"article","og_title":"MINELAUVA - DOMA","og_description":"Trojuholn\u00edk je tvar, ktor\u00fd umo\u017e\u0148uje vytvorenie jednoduch\u00e9ho, ale elegantn\u00e9ho stola bez pou\u017eitia \u010fal\u0161\u00edch vizu\u00e1lnych komponentov, preto som ho ve\u013emi r\u00e1d vyu\u017eil pri n\u00e1vrhu jed\u00e1lensk\u00e9ho\/ rokovacieho stola MINELAUVA. Tvar trojuholn\u00edka je pre \u00fa\u010del vytvorenia stola upraven\u00fd do jeho 3D podoby - pyram\u00eddy.  Telo stola je tvoren\u00e9 dvoma nepravideln\u00fdmi pyram\u00eddami. Vrchn\u00e1 v\u00e4\u010d\u0161ia pyram\u00edda tvoriaca vrchn\u00fa dosku stola je dyhovan\u00e1 a povrchovo upraven\u00e1 matn\u00fdm lakom. Druh\u00e1 pyram\u00edda tvoriaca podno\u017e je lakovan\u00e1 bielym matn\u00fdm lakom.","og_url":"https:\/\/domadesign.nl\/sk\/produkt\/minelauva\/","og_site_name":"DOMA","article_modified_time":"2025-05-13T19:17:42+00:00","og_image":[{"width":3300,"height":3300,"url":"https:\/\/domadesign.nl\/wp-content\/uploads\/2024\/11\/03-MINELAUVA-sq.png","type":"image\/png"}],"twitter_card":"summary_large_image","twitter_misc":{"Predpokladan\u00fd \u010das \u010d\u00edtania":"1 min\u00fata"},"schema":{"@context":"https:\/\/schema.org","@graph":[{"@type":"WebPage","@id":"https:\/\/domadesign.nl\/sk\/produkt\/minelauva\/","url":"https:\/\/domadesign.nl\/sk\/produkt\/minelauva\/","name":"MINELAUVA - DOMA","isPartOf":{"@id":"https:\/\/domadesign.nl\/#website"},"datePublished":"2024-11-19T19:10:59+00:00","dateModified":"2025-05-13T19:17:42+00:00","breadcrumb":{"@id":"https:\/\/domadesign.nl\/sk\/produkt\/minelauva\/#breadcrumb"},"inLanguage":"sk-SK","potentialAction":[{"@type":"ReadAction","target":["https:\/\/domadesign.nl\/sk\/produkt\/minelauva\/"]}]},{"@type":"BreadcrumbList","@id":"https:\/\/domadesign.nl\/sk\/produkt\/minelauva\/#breadcrumb","itemListElement":[{"@type":"ListItem","position":1,"name":"Domovsk\u00e1 str\u00e1nka","item":"https:\/\/domadesign.nl\/sk\/"},{"@type":"ListItem","position":2,"name":"Obchod","item":"https:\/\/domadesign.nl\/obchod\/"},{"@type":"ListItem","position":3,"name":"MINELAUVA"}]},{"@type":"WebSite","@id":"https:\/\/domadesign.nl\/#website","url":"https:\/\/domadesign.nl\/","name":"DOMA","description":"Luxusn\u00fd interi\u00e9r","potentialAction":[{"@type":"SearchAction","target":{"@type":"EntryPoint","urlTemplate":"https:\/\/domadesign.nl\/?s={search_term_string}"},"query-input":"required name=search_term_string"}],"inLanguage":"sk-SK"}]}},"_links":{"self":[{"href":"https:\/\/domadesign.nl\/sk\/wp-json\/wp\/v2\/product\/4180","targetHints":{"allow":["GET"]}}],"collection":[{"href":"https:\/\/domadesign.nl\/sk\/wp-json\/wp\/v2\/product"}],"about":[{"href":"https:\/\/domadesign.nl\/sk\/wp-json\/wp\/v2\/types\/product"}],"wp:featuredmedia":[{"embeddable":true,"href":"https:\/\/domadesign.nl\/sk\/wp-json\/wp\/v2\/media\/4192"}],"wp:attachment":[{"href":"https:\/\/domadesign.nl\/sk\/wp-json\/wp\/v2\/media?parent=4180"}],"wp:term":[{"taxonomy":"product_brand","embeddable":true,"href":"https:\/\/domadesign.nl\/sk\/wp-json\/wp\/v2\/product_brand?post=4180"},{"taxonomy":"product_cat","embeddable":true,"href":"https:\/\/domadesign.nl\/sk\/wp-json\/wp\/v2\/product_cat?post=4180"},{"taxonomy":"product_tag","embeddable":true,"href":"https:\/\/domadesign.nl\/sk\/wp-json\/wp\/v2\/product_tag?post=4180"}],"curies":[{"name":"wp","href":"https:\/\/api.w.org\/{rel}","templated":true}]}}