{"id":4195,"date":"2024-11-19T20:44:04","date_gmt":"2024-11-19T19:44:04","guid":{"rendered":"https:\/\/domadesign.nl\/?post_type=product&#038;p=4195"},"modified":"2025-05-13T21:22:59","modified_gmt":"2025-05-13T19:22:59","slug":"gunibuu","status":"publish","type":"product","link":"https:\/\/domadesign.nl\/sk\/produkt\/gunibuu\/","title":{"rendered":"GUNIBUU"},"content":{"rendered":"<h6>Technick\u00e1 \u0161pecifik\u00e1cia<\/h6>\n<p>d\u013a\u017eka 3300 mm, \u0161\u00edrka 1450 mm, v\u00fd\u0161ka 760 mm, hmotnos\u0165 220 kg<\/p>\n<h6>Materi\u00e1l stolovej dosky<\/h6>\n<p>Orechov\u00e1 d\u00fdha<\/p>\n<h6>Materi\u00e1l podno\u017ee<\/h6>\n<p>Pl\u00e1tkov\u00fd kov<\/p>\n<h6>Personaliz\u00e1cia<\/h6>\n<p>Rozmery stola, povrchov\u00e9 \u00fapravy stola je mo\u017en\u00e9 prisp\u00f4sobi\u0165 po\u017eiadavk\u00e1m z\u00e1kazn\u00edka. Pre bli\u017e\u0161ie inform\u00e1cie n\u00e1s pros\u00edm kontaktujte.<\/p>\n","protected":false},"excerpt":{"rendered":"<p>Pri tvorbe jed\u00e1lensk\u00e9ho stola GUNIBUU som sa pracoval s geometrick\u00fdm \u00fatvarom kruh, ktor\u00fd je z d\u00f4vodu stability a ergon\u00f3mie stola podno\u017ee modifikovan\u00fd do nepravideln\u00e9ho tvaru.<\/p>\n<p>Jednotliv\u00e9 prstence podno\u017ee s\u00fa vz\u00e1jomne prepleten\u00e9 a vytv\u00e1raj\u00fa re\u0165az. Retiazky nosen\u00e9 ako \u0161perk maj\u00fa dlh\u00fa a fascinuj\u00facu hist\u00f3riu, ktor\u00e1 sa prel\u00edna s kult\u00farou a symbolikou. Nesl\u00fa\u017eili len ako ozdoby, ale boli aj symbolmi moci a statusu. S\u00fa nosite\u013emi a sprostredkovate\u013emi hist\u00f3rie, kult\u00fary, osobnej identity a umenia. V s\u00fa\u010dastnosti s\u00fa popul\u00e1rne hlavne ako m\u00f3dny doplnok, kde r\u00f4znorodos\u0165\u2019 materi\u00e1lov, ako s\u00fa zlato, striebro, alebo platina umo\u017e\u0148uj\u00fa tvorbu \u0161irokej \u0161k\u00e1ly \u0161t\u00fdlov a dizajnu.<\/p>\n<p>Podno\u017e nesie stolov\u00fa dosku v tvare nepravideln\u00e9ho kruhu s hr\u00fabkou 60mm. Stolov\u00e1 doska je d\u00ffhovan\u00e1 a povrchvo upraven\u00e1 matn\u00ffm lakom.<\/p>\n","protected":false},"featured_media":4277,"template":"","meta":[],"product_brand":[],"product_cat":[21],"product_tag":[23],"class_list":{"0":"post-4195","1":"product","2":"type-product","3":"status-publish","4":"has-post-thumbnail","6":"product_cat-nezaradene","7":"product_tag-domovoi","9":"first","10":"outofstock","11":"shipping-taxable","12":"purchasable","13":"product-type-simple"},"yoast_head":"<!-- This site is optimized with the Yoast SEO plugin v20.13 - https:\/\/yoast.com\/wordpress\/plugins\/seo\/ -->\n<title>GUNIBUU - DOMA<\/title>\n<meta name=\"robots\" content=\"index, follow, max-snippet:-1, max-image-preview:large, max-video-preview:-1\" \/>\n<link rel=\"canonical\" href=\"https:\/\/domadesign.nl\/sk\/produkt\/gunibuu\/\" \/>\n<meta property=\"og:locale\" content=\"sk_SK\" \/>\n<meta property=\"og:type\" content=\"article\" \/>\n<meta property=\"og:title\" content=\"GUNIBUU - DOMA\" \/>\n<meta property=\"og:description\" content=\"Pri tvorbe jed\u00e1lensk\u00e9ho stola GUNIBUU som sa pracoval s geometrick\u00fdm \u00fatvarom kruh, ktor\u00fd je z d\u00f4vodu stability a ergon\u00f3mie stola podno\u017ee modifikovan\u00fd do nepravideln\u00e9ho tvaru.  Jednotliv\u00e9 prstence podno\u017ee s\u00fa vz\u00e1jomne prepleten\u00e9 a vytv\u00e1raj\u00fa re\u0165az. Retiazky nosen\u00e9 ako \u0161perk maj\u00fa dlh\u00fa a fascinuj\u00facu hist\u00f3riu, ktor\u00e1 sa prel\u00edna s kult\u00farou a symbolikou. Nesl\u00fa\u017eili len ako ozdoby, ale boli aj symbolmi moci a statusu. S\u00fa nosite\u013emi a sprostredkovate\u013emi hist\u00f3rie, kult\u00fary, osobnej identity a umenia. V s\u00fa\u010dastnosti s\u00fa popul\u00e1rne hlavne ako m\u00f3dny doplnok, kde r\u00f4znorodos\u0165\u2019 materi\u00e1lov, ako s\u00fa zlato, striebro, alebo platina umo\u017e\u0148uj\u00fa tvorbu \u0161irokej \u0161k\u00e1ly \u0161t\u00fdlov a dizajnu.  Podno\u017e nesie stolov\u00fa dosku v tvare nepravideln\u00e9ho kruhu s hr\u00fabkou 60mm. Stolov\u00e1 doska je d\u00ffhovan\u00e1 a povrchvo upraven\u00e1 matn\u00ffm lakom.\" \/>\n<meta property=\"og:url\" content=\"https:\/\/domadesign.nl\/sk\/produkt\/gunibuu\/\" \/>\n<meta property=\"og:site_name\" content=\"DOMA\" \/>\n<meta property=\"article:modified_time\" content=\"2025-05-13T19:22:59+00:00\" \/>\n<meta property=\"og:image\" content=\"https:\/\/domadesign.nl\/wp-content\/uploads\/2024\/11\/02-GUNIBUU-sq.png\" \/>\n\t<meta property=\"og:image:width\" content=\"3300\" \/>\n\t<meta property=\"og:image:height\" content=\"3300\" \/>\n\t<meta property=\"og:image:type\" content=\"image\/png\" \/>\n<meta name=\"twitter:card\" content=\"summary_large_image\" \/>\n<meta name=\"twitter:label1\" content=\"Predpokladan\u00fd \u010das \u010d\u00edtania\" \/>\n\t<meta name=\"twitter:data1\" content=\"1 min\u00fata\" \/>\n<script type=\"application\/ld+json\" class=\"yoast-schema-graph\">{\"@context\":\"https:\/\/schema.org\",\"@graph\":[{\"@type\":\"WebPage\",\"@id\":\"https:\/\/domadesign.nl\/sk\/produkt\/gunibuu\/\",\"url\":\"https:\/\/domadesign.nl\/sk\/produkt\/gunibuu\/\",\"name\":\"GUNIBUU - DOMA\",\"isPartOf\":{\"@id\":\"https:\/\/domadesign.nl\/#website\"},\"datePublished\":\"2024-11-19T19:44:04+00:00\",\"dateModified\":\"2025-05-13T19:22:59+00:00\",\"breadcrumb\":{\"@id\":\"https:\/\/domadesign.nl\/sk\/produkt\/gunibuu\/#breadcrumb\"},\"inLanguage\":\"sk-SK\",\"potentialAction\":[{\"@type\":\"ReadAction\",\"target\":[\"https:\/\/domadesign.nl\/sk\/produkt\/gunibuu\/\"]}]},{\"@type\":\"BreadcrumbList\",\"@id\":\"https:\/\/domadesign.nl\/sk\/produkt\/gunibuu\/#breadcrumb\",\"itemListElement\":[{\"@type\":\"ListItem\",\"position\":1,\"name\":\"Domovsk\u00e1 str\u00e1nka\",\"item\":\"https:\/\/domadesign.nl\/sk\/\"},{\"@type\":\"ListItem\",\"position\":2,\"name\":\"Obchod\",\"item\":\"https:\/\/domadesign.nl\/obchod\/\"},{\"@type\":\"ListItem\",\"position\":3,\"name\":\"GUNIBUU\"}]},{\"@type\":\"WebSite\",\"@id\":\"https:\/\/domadesign.nl\/#website\",\"url\":\"https:\/\/domadesign.nl\/\",\"name\":\"DOMA\",\"description\":\"Luxusn\u00fd interi\u00e9r\",\"potentialAction\":[{\"@type\":\"SearchAction\",\"target\":{\"@type\":\"EntryPoint\",\"urlTemplate\":\"https:\/\/domadesign.nl\/?s={search_term_string}\"},\"query-input\":\"required name=search_term_string\"}],\"inLanguage\":\"sk-SK\"}]}<\/script>\n<!-- \/ Yoast SEO plugin. -->","yoast_head_json":{"title":"GUNIBUU - DOMA","robots":{"index":"index","follow":"follow","max-snippet":"max-snippet:-1","max-image-preview":"max-image-preview:large","max-video-preview":"max-video-preview:-1"},"canonical":"https:\/\/domadesign.nl\/sk\/produkt\/gunibuu\/","og_locale":"sk_SK","og_type":"article","og_title":"GUNIBUU - DOMA","og_description":"Pri tvorbe jed\u00e1lensk\u00e9ho stola GUNIBUU som sa pracoval s geometrick\u00fdm \u00fatvarom kruh, ktor\u00fd je z d\u00f4vodu stability a ergon\u00f3mie stola podno\u017ee modifikovan\u00fd do nepravideln\u00e9ho tvaru.  Jednotliv\u00e9 prstence podno\u017ee s\u00fa vz\u00e1jomne prepleten\u00e9 a vytv\u00e1raj\u00fa re\u0165az. Retiazky nosen\u00e9 ako \u0161perk maj\u00fa dlh\u00fa a fascinuj\u00facu hist\u00f3riu, ktor\u00e1 sa prel\u00edna s kult\u00farou a symbolikou. Nesl\u00fa\u017eili len ako ozdoby, ale boli aj symbolmi moci a statusu. S\u00fa nosite\u013emi a sprostredkovate\u013emi hist\u00f3rie, kult\u00fary, osobnej identity a umenia. V s\u00fa\u010dastnosti s\u00fa popul\u00e1rne hlavne ako m\u00f3dny doplnok, kde r\u00f4znorodos\u0165\u2019 materi\u00e1lov, ako s\u00fa zlato, striebro, alebo platina umo\u017e\u0148uj\u00fa tvorbu \u0161irokej \u0161k\u00e1ly \u0161t\u00fdlov a dizajnu.  Podno\u017e nesie stolov\u00fa dosku v tvare nepravideln\u00e9ho kruhu s hr\u00fabkou 60mm. Stolov\u00e1 doska je d\u00ffhovan\u00e1 a povrchvo upraven\u00e1 matn\u00ffm lakom.","og_url":"https:\/\/domadesign.nl\/sk\/produkt\/gunibuu\/","og_site_name":"DOMA","article_modified_time":"2025-05-13T19:22:59+00:00","og_image":[{"width":3300,"height":3300,"url":"https:\/\/domadesign.nl\/wp-content\/uploads\/2024\/11\/02-GUNIBUU-sq.png","type":"image\/png"}],"twitter_card":"summary_large_image","twitter_misc":{"Predpokladan\u00fd \u010das \u010d\u00edtania":"1 min\u00fata"},"schema":{"@context":"https:\/\/schema.org","@graph":[{"@type":"WebPage","@id":"https:\/\/domadesign.nl\/sk\/produkt\/gunibuu\/","url":"https:\/\/domadesign.nl\/sk\/produkt\/gunibuu\/","name":"GUNIBUU - DOMA","isPartOf":{"@id":"https:\/\/domadesign.nl\/#website"},"datePublished":"2024-11-19T19:44:04+00:00","dateModified":"2025-05-13T19:22:59+00:00","breadcrumb":{"@id":"https:\/\/domadesign.nl\/sk\/produkt\/gunibuu\/#breadcrumb"},"inLanguage":"sk-SK","potentialAction":[{"@type":"ReadAction","target":["https:\/\/domadesign.nl\/sk\/produkt\/gunibuu\/"]}]},{"@type":"BreadcrumbList","@id":"https:\/\/domadesign.nl\/sk\/produkt\/gunibuu\/#breadcrumb","itemListElement":[{"@type":"ListItem","position":1,"name":"Domovsk\u00e1 str\u00e1nka","item":"https:\/\/domadesign.nl\/sk\/"},{"@type":"ListItem","position":2,"name":"Obchod","item":"https:\/\/domadesign.nl\/obchod\/"},{"@type":"ListItem","position":3,"name":"GUNIBUU"}]},{"@type":"WebSite","@id":"https:\/\/domadesign.nl\/#website","url":"https:\/\/domadesign.nl\/","name":"DOMA","description":"Luxusn\u00fd interi\u00e9r","potentialAction":[{"@type":"SearchAction","target":{"@type":"EntryPoint","urlTemplate":"https:\/\/domadesign.nl\/?s={search_term_string}"},"query-input":"required name=search_term_string"}],"inLanguage":"sk-SK"}]}},"_links":{"self":[{"href":"https:\/\/domadesign.nl\/sk\/wp-json\/wp\/v2\/product\/4195","targetHints":{"allow":["GET"]}}],"collection":[{"href":"https:\/\/domadesign.nl\/sk\/wp-json\/wp\/v2\/product"}],"about":[{"href":"https:\/\/domadesign.nl\/sk\/wp-json\/wp\/v2\/types\/product"}],"wp:featuredmedia":[{"embeddable":true,"href":"https:\/\/domadesign.nl\/sk\/wp-json\/wp\/v2\/media\/4277"}],"wp:attachment":[{"href":"https:\/\/domadesign.nl\/sk\/wp-json\/wp\/v2\/media?parent=4195"}],"wp:term":[{"taxonomy":"product_brand","embeddable":true,"href":"https:\/\/domadesign.nl\/sk\/wp-json\/wp\/v2\/product_brand?post=4195"},{"taxonomy":"product_cat","embeddable":true,"href":"https:\/\/domadesign.nl\/sk\/wp-json\/wp\/v2\/product_cat?post=4195"},{"taxonomy":"product_tag","embeddable":true,"href":"https:\/\/domadesign.nl\/sk\/wp-json\/wp\/v2\/product_tag?post=4195"}],"curies":[{"name":"wp","href":"https:\/\/api.w.org\/{rel}","templated":true}]}}