{"id":4225,"date":"2024-11-19T21:01:47","date_gmt":"2024-11-19T20:01:47","guid":{"rendered":"https:\/\/domadesign.nl\/?post_type=product&#038;p=4225"},"modified":"2025-05-13T21:30:54","modified_gmt":"2025-05-13T19:30:54","slug":"tapecue","status":"publish","type":"product","link":"https:\/\/domadesign.nl\/sk\/produkt\/tapecue\/","title":{"rendered":"TAPECUE"},"content":{"rendered":"<h6>Technick\u00e1 \u0161pecifik\u00e1cia<\/h6>\n<p>d\u013a\u017eka 3600 mm, \u0161\u00edrka 1500 mm, v\u00fd\u0161ka 760 mm, hmotnos\u0165 240 kg<\/p>\n<h6>Materi\u00e1l stolovej dosky<\/h6>\n<p>Kaln\u00e9 sklo Kerglas s potla\u010dou<\/p>\n<h6>Materi\u00e1l podno\u017ee<\/h6>\n<p>Oce\u013eov\u00e1, lakovan\u00e1 \u010diernou matnou pr\u00e1\u0161kovou farbou<\/p>\n<h6>Personaliz\u00e1cia<\/h6>\n<p>Rozmery stola, povrchov\u00e9 \u00fapravy vrchnej dosky a podno\u017ee je mo\u017en\u00e9 prisp\u00f4sobi\u0165 po\u017eiadavk\u00e1m z\u00e1kazn\u00edka. Na v\u00fdber je mno\u017estvo farebn\u00fdch preveden\u00ed d\u00fdhy, kame\u0148a a tekut\u00e9ho kovu. Pre bli\u017e\u0161ie inform\u00e1cie n\u00e1s pros\u00edm kontaktujte.<\/p>\n","protected":false},"excerpt":{"rendered":"<p>V umen\u00ed existuje mno\u017estvo r\u00f4znych I\u00edni\u00ed, z ktor\u00ffch v\u0161etky podnietia nejak\u00fa formu em\u00f3ci\u00ed. Organick\u00e9 vlnovky tvoriace podno\u017e stola vytv\u00e1raj\u00fa pokojn\u00fa atmosf\u00e9ru, neriadia sa \u017eiadnymi pravidlami a pripom\u00ednaj\u00fa veci, ktor\u00e9 vytvorila pr\u00edroda, vn\u00e1\u0161aj\u00fa do interi\u00e9ru hravos\u0165\u2019, pocit pohybu. Odmietnut\u00edm prav\u00fdch uhlov a ostr\u00fdch hr\u00e1n, vn\u00e1\u0161ame do interi\u00e9ru \u013eahkos\u0165\u2019, m\u00e4kkos\u0165\u2019 a pocit, \u017ee v\u0161etko plynie. Podno\u017e je povrchovo upraven\u00e1 \u010diernym matn\u00fdm lakom.<\/p>\n<p>Tvar vrchnej dosky vznikol spojen\u00edm dvoch tvarov pripom\u00ednaj\u00facich list stromu. Pou\u017eit\u00ff je materi\u00e1l Kerglass (fototla\u010d na kalen\u00e9 sklo), ktor\u00ff zabezpe\u017ei stolovej doske vysok\u00fa estetick\u00fa hodnotu a odolnost\u2019 proti mechanick\u00e9mu po\u0161kodeniu.<\/p>\n","protected":false},"featured_media":4237,"template":"","meta":[],"product_brand":[],"product_cat":[21],"product_tag":[23],"class_list":{"0":"post-4225","1":"product","2":"type-product","3":"status-publish","4":"has-post-thumbnail","6":"product_cat-nezaradene","7":"product_tag-domovoi","9":"first","10":"outofstock","11":"shipping-taxable","12":"purchasable","13":"product-type-simple"},"yoast_head":"<!-- This site is optimized with the Yoast SEO plugin v20.13 - https:\/\/yoast.com\/wordpress\/plugins\/seo\/ -->\n<title>TAPECUE - DOMA<\/title>\n<meta name=\"robots\" content=\"index, follow, max-snippet:-1, max-image-preview:large, max-video-preview:-1\" \/>\n<link rel=\"canonical\" href=\"https:\/\/domadesign.nl\/sk\/produkt\/tapecue\/\" \/>\n<meta property=\"og:locale\" content=\"sk_SK\" \/>\n<meta property=\"og:type\" content=\"article\" \/>\n<meta property=\"og:title\" content=\"TAPECUE - DOMA\" \/>\n<meta property=\"og:description\" content=\"V umen\u00ed existuje mno\u017estvo r\u00f4znych I\u00edni\u00ed, z ktor\u00ffch v\u0161etky podnietia nejak\u00fa formu em\u00f3ci\u00ed. Organick\u00e9 vlnovky tvoriace podno\u017e stola vytv\u00e1raj\u00fa pokojn\u00fa atmosf\u00e9ru, neriadia sa \u017eiadnymi pravidlami a pripom\u00ednaj\u00fa veci, ktor\u00e9 vytvorila pr\u00edroda, vn\u00e1\u0161aj\u00fa do interi\u00e9ru hravos\u0165\u2019, pocit pohybu. Odmietnut\u00edm prav\u00fdch uhlov a ostr\u00fdch hr\u00e1n, vn\u00e1\u0161ame do interi\u00e9ru \u013eahkos\u0165\u2019, m\u00e4kkos\u0165\u2019 a pocit, \u017ee v\u0161etko plynie. Podno\u017e je povrchovo upraven\u00e1 \u010diernym matn\u00fdm lakom.  Tvar vrchnej dosky vznikol spojen\u00edm dvoch tvarov pripom\u00ednaj\u00facich list stromu. Pou\u017eit\u00ff je materi\u00e1l Kerglass (fototla\u010d na kalen\u00e9 sklo), ktor\u00ff zabezpe\u017ei stolovej doske vysok\u00fa estetick\u00fa hodnotu a odolnost\u2019 proti mechanick\u00e9mu po\u0161kodeniu.\" \/>\n<meta property=\"og:url\" content=\"https:\/\/domadesign.nl\/sk\/produkt\/tapecue\/\" \/>\n<meta property=\"og:site_name\" content=\"DOMA\" \/>\n<meta property=\"article:modified_time\" content=\"2025-05-13T19:30:54+00:00\" \/>\n<meta property=\"og:image\" content=\"https:\/\/domadesign.nl\/wp-content\/uploads\/2024\/11\/08-TAPECUE-sq-2.png\" \/>\n\t<meta property=\"og:image:width\" content=\"3300\" \/>\n\t<meta property=\"og:image:height\" content=\"3300\" \/>\n\t<meta property=\"og:image:type\" content=\"image\/png\" \/>\n<meta name=\"twitter:card\" content=\"summary_large_image\" \/>\n<meta name=\"twitter:label1\" content=\"Predpokladan\u00fd \u010das \u010d\u00edtania\" \/>\n\t<meta name=\"twitter:data1\" content=\"1 min\u00fata\" \/>\n<script type=\"application\/ld+json\" class=\"yoast-schema-graph\">{\"@context\":\"https:\/\/schema.org\",\"@graph\":[{\"@type\":\"WebPage\",\"@id\":\"https:\/\/domadesign.nl\/sk\/produkt\/tapecue\/\",\"url\":\"https:\/\/domadesign.nl\/sk\/produkt\/tapecue\/\",\"name\":\"TAPECUE - DOMA\",\"isPartOf\":{\"@id\":\"https:\/\/domadesign.nl\/#website\"},\"datePublished\":\"2024-11-19T20:01:47+00:00\",\"dateModified\":\"2025-05-13T19:30:54+00:00\",\"breadcrumb\":{\"@id\":\"https:\/\/domadesign.nl\/sk\/produkt\/tapecue\/#breadcrumb\"},\"inLanguage\":\"sk-SK\",\"potentialAction\":[{\"@type\":\"ReadAction\",\"target\":[\"https:\/\/domadesign.nl\/sk\/produkt\/tapecue\/\"]}]},{\"@type\":\"BreadcrumbList\",\"@id\":\"https:\/\/domadesign.nl\/sk\/produkt\/tapecue\/#breadcrumb\",\"itemListElement\":[{\"@type\":\"ListItem\",\"position\":1,\"name\":\"Domovsk\u00e1 str\u00e1nka\",\"item\":\"https:\/\/domadesign.nl\/sk\/\"},{\"@type\":\"ListItem\",\"position\":2,\"name\":\"Obchod\",\"item\":\"https:\/\/domadesign.nl\/obchod\/\"},{\"@type\":\"ListItem\",\"position\":3,\"name\":\"TAPECUE\"}]},{\"@type\":\"WebSite\",\"@id\":\"https:\/\/domadesign.nl\/#website\",\"url\":\"https:\/\/domadesign.nl\/\",\"name\":\"DOMA\",\"description\":\"Luxusn\u00fd interi\u00e9r\",\"potentialAction\":[{\"@type\":\"SearchAction\",\"target\":{\"@type\":\"EntryPoint\",\"urlTemplate\":\"https:\/\/domadesign.nl\/?s={search_term_string}\"},\"query-input\":\"required name=search_term_string\"}],\"inLanguage\":\"sk-SK\"}]}<\/script>\n<!-- \/ Yoast SEO plugin. -->","yoast_head_json":{"title":"TAPECUE - DOMA","robots":{"index":"index","follow":"follow","max-snippet":"max-snippet:-1","max-image-preview":"max-image-preview:large","max-video-preview":"max-video-preview:-1"},"canonical":"https:\/\/domadesign.nl\/sk\/produkt\/tapecue\/","og_locale":"sk_SK","og_type":"article","og_title":"TAPECUE - DOMA","og_description":"V umen\u00ed existuje mno\u017estvo r\u00f4znych I\u00edni\u00ed, z ktor\u00ffch v\u0161etky podnietia nejak\u00fa formu em\u00f3ci\u00ed. Organick\u00e9 vlnovky tvoriace podno\u017e stola vytv\u00e1raj\u00fa pokojn\u00fa atmosf\u00e9ru, neriadia sa \u017eiadnymi pravidlami a pripom\u00ednaj\u00fa veci, ktor\u00e9 vytvorila pr\u00edroda, vn\u00e1\u0161aj\u00fa do interi\u00e9ru hravos\u0165\u2019, pocit pohybu. Odmietnut\u00edm prav\u00fdch uhlov a ostr\u00fdch hr\u00e1n, vn\u00e1\u0161ame do interi\u00e9ru \u013eahkos\u0165\u2019, m\u00e4kkos\u0165\u2019 a pocit, \u017ee v\u0161etko plynie. Podno\u017e je povrchovo upraven\u00e1 \u010diernym matn\u00fdm lakom.  Tvar vrchnej dosky vznikol spojen\u00edm dvoch tvarov pripom\u00ednaj\u00facich list stromu. Pou\u017eit\u00ff je materi\u00e1l Kerglass (fototla\u010d na kalen\u00e9 sklo), ktor\u00ff zabezpe\u017ei stolovej doske vysok\u00fa estetick\u00fa hodnotu a odolnost\u2019 proti mechanick\u00e9mu po\u0161kodeniu.","og_url":"https:\/\/domadesign.nl\/sk\/produkt\/tapecue\/","og_site_name":"DOMA","article_modified_time":"2025-05-13T19:30:54+00:00","og_image":[{"width":3300,"height":3300,"url":"https:\/\/domadesign.nl\/wp-content\/uploads\/2024\/11\/08-TAPECUE-sq-2.png","type":"image\/png"}],"twitter_card":"summary_large_image","twitter_misc":{"Predpokladan\u00fd \u010das \u010d\u00edtania":"1 min\u00fata"},"schema":{"@context":"https:\/\/schema.org","@graph":[{"@type":"WebPage","@id":"https:\/\/domadesign.nl\/sk\/produkt\/tapecue\/","url":"https:\/\/domadesign.nl\/sk\/produkt\/tapecue\/","name":"TAPECUE - DOMA","isPartOf":{"@id":"https:\/\/domadesign.nl\/#website"},"datePublished":"2024-11-19T20:01:47+00:00","dateModified":"2025-05-13T19:30:54+00:00","breadcrumb":{"@id":"https:\/\/domadesign.nl\/sk\/produkt\/tapecue\/#breadcrumb"},"inLanguage":"sk-SK","potentialAction":[{"@type":"ReadAction","target":["https:\/\/domadesign.nl\/sk\/produkt\/tapecue\/"]}]},{"@type":"BreadcrumbList","@id":"https:\/\/domadesign.nl\/sk\/produkt\/tapecue\/#breadcrumb","itemListElement":[{"@type":"ListItem","position":1,"name":"Domovsk\u00e1 str\u00e1nka","item":"https:\/\/domadesign.nl\/sk\/"},{"@type":"ListItem","position":2,"name":"Obchod","item":"https:\/\/domadesign.nl\/obchod\/"},{"@type":"ListItem","position":3,"name":"TAPECUE"}]},{"@type":"WebSite","@id":"https:\/\/domadesign.nl\/#website","url":"https:\/\/domadesign.nl\/","name":"DOMA","description":"Luxusn\u00fd interi\u00e9r","potentialAction":[{"@type":"SearchAction","target":{"@type":"EntryPoint","urlTemplate":"https:\/\/domadesign.nl\/?s={search_term_string}"},"query-input":"required name=search_term_string"}],"inLanguage":"sk-SK"}]}},"_links":{"self":[{"href":"https:\/\/domadesign.nl\/sk\/wp-json\/wp\/v2\/product\/4225","targetHints":{"allow":["GET"]}}],"collection":[{"href":"https:\/\/domadesign.nl\/sk\/wp-json\/wp\/v2\/product"}],"about":[{"href":"https:\/\/domadesign.nl\/sk\/wp-json\/wp\/v2\/types\/product"}],"wp:featuredmedia":[{"embeddable":true,"href":"https:\/\/domadesign.nl\/sk\/wp-json\/wp\/v2\/media\/4237"}],"wp:attachment":[{"href":"https:\/\/domadesign.nl\/sk\/wp-json\/wp\/v2\/media?parent=4225"}],"wp:term":[{"taxonomy":"product_brand","embeddable":true,"href":"https:\/\/domadesign.nl\/sk\/wp-json\/wp\/v2\/product_brand?post=4225"},{"taxonomy":"product_cat","embeddable":true,"href":"https:\/\/domadesign.nl\/sk\/wp-json\/wp\/v2\/product_cat?post=4225"},{"taxonomy":"product_tag","embeddable":true,"href":"https:\/\/domadesign.nl\/sk\/wp-json\/wp\/v2\/product_tag?post=4225"}],"curies":[{"name":"wp","href":"https:\/\/api.w.org\/{rel}","templated":true}]}}