{"id":4742,"date":"2025-02-28T15:21:48","date_gmt":"2025-02-28T14:21:48","guid":{"rendered":"https:\/\/domadesign.nl\/?post_type=product&#038;p=4742"},"modified":"2025-02-28T15:25:33","modified_gmt":"2025-02-28T14:25:33","slug":"jedalensky-stol-9","status":"publish","type":"product","link":"https:\/\/domadesign.nl\/sk\/produkt\/jedalensky-stol-9\/","title":{"rendered":"Jed\u00e1lensk\u00fd st\u00f4l 9"},"content":{"rendered":"","protected":false},"excerpt":{"rendered":"<p>o\u010dkov\u00fd topo\u013e s\u00a0epoxidom<\/p>\n<p>yantar epoxy<\/p>\n<p>200 x 110 cm<\/p>\n<p>Povrchov\u00e1 \u00faprava: Tvrd\u00fd voskov\u00fd olej<\/p>\n<p>&nbsp;<\/p>\n<p>&nbsp;<\/p>\n","protected":false},"featured_media":4745,"template":"","meta":[],"product_brand":[],"product_cat":[21],"product_tag":[29],"class_list":{"0":"post-4742","1":"product","2":"type-product","3":"status-publish","4":"has-post-thumbnail","6":"product_cat-nezaradene","7":"product_tag-st-vol","9":"first","10":"outofstock","11":"shipping-taxable","12":"purchasable","13":"product-type-simple"},"yoast_head":"<!-- This site is optimized with the Yoast SEO plugin v20.13 - https:\/\/yoast.com\/wordpress\/plugins\/seo\/ -->\n<title>Jed\u00e1lensk\u00fd st\u00f4l 9 - DOMA<\/title>\n<meta name=\"robots\" content=\"index, follow, max-snippet:-1, max-image-preview:large, max-video-preview:-1\" \/>\n<link rel=\"canonical\" href=\"https:\/\/domadesign.nl\/sk\/produkt\/jedalensky-stol-9\/\" \/>\n<meta property=\"og:locale\" content=\"sk_SK\" \/>\n<meta property=\"og:type\" content=\"article\" \/>\n<meta property=\"og:title\" content=\"Jed\u00e1lensk\u00fd st\u00f4l 9 - DOMA\" \/>\n<meta property=\"og:description\" content=\"o\u010dkov\u00fd topo\u013e s\u00a0epoxidom  yantar epoxy  200 x 110 cm  Povrchov\u00e1 \u00faprava: Tvrd\u00fd voskov\u00fd olej  &nbsp;  &nbsp;\" \/>\n<meta property=\"og:url\" content=\"https:\/\/domadesign.nl\/sk\/produkt\/jedalensky-stol-9\/\" \/>\n<meta property=\"og:site_name\" content=\"DOMA\" \/>\n<meta property=\"article:modified_time\" content=\"2025-02-28T14:25:33+00:00\" \/>\n<meta property=\"og:image\" content=\"https:\/\/domadesign.nl\/wp-content\/uploads\/2025\/02\/Nahlad-2.jpg\" \/>\n\t<meta property=\"og:image:width\" content=\"1873\" \/>\n\t<meta property=\"og:image:height\" content=\"1873\" \/>\n\t<meta property=\"og:image:type\" content=\"image\/jpeg\" \/>\n<meta name=\"twitter:card\" content=\"summary_large_image\" \/>\n<script type=\"application\/ld+json\" class=\"yoast-schema-graph\">{\"@context\":\"https:\/\/schema.org\",\"@graph\":[{\"@type\":\"WebPage\",\"@id\":\"https:\/\/domadesign.nl\/sk\/produkt\/jedalensky-stol-9\/\",\"url\":\"https:\/\/domadesign.nl\/sk\/produkt\/jedalensky-stol-9\/\",\"name\":\"Jed\u00e1lensk\u00fd st\u00f4l 9 - DOMA\",\"isPartOf\":{\"@id\":\"https:\/\/domadesign.nl\/#website\"},\"datePublished\":\"2025-02-28T14:21:48+00:00\",\"dateModified\":\"2025-02-28T14:25:33+00:00\",\"breadcrumb\":{\"@id\":\"https:\/\/domadesign.nl\/sk\/produkt\/jedalensky-stol-9\/#breadcrumb\"},\"inLanguage\":\"sk-SK\",\"potentialAction\":[{\"@type\":\"ReadAction\",\"target\":[\"https:\/\/domadesign.nl\/sk\/produkt\/jedalensky-stol-9\/\"]}]},{\"@type\":\"BreadcrumbList\",\"@id\":\"https:\/\/domadesign.nl\/sk\/produkt\/jedalensky-stol-9\/#breadcrumb\",\"itemListElement\":[{\"@type\":\"ListItem\",\"position\":1,\"name\":\"Domovsk\u00e1 str\u00e1nka\",\"item\":\"https:\/\/domadesign.nl\/sk\/\"},{\"@type\":\"ListItem\",\"position\":2,\"name\":\"Obchod\",\"item\":\"https:\/\/domadesign.nl\/obchod\/\"},{\"@type\":\"ListItem\",\"position\":3,\"name\":\"Jed\u00e1lensk\u00fd st\u00f4l 9\"}]},{\"@type\":\"WebSite\",\"@id\":\"https:\/\/domadesign.nl\/#website\",\"url\":\"https:\/\/domadesign.nl\/\",\"name\":\"DOMA\",\"description\":\"Luxusn\u00fd interi\u00e9r\",\"potentialAction\":[{\"@type\":\"SearchAction\",\"target\":{\"@type\":\"EntryPoint\",\"urlTemplate\":\"https:\/\/domadesign.nl\/?s={search_term_string}\"},\"query-input\":\"required name=search_term_string\"}],\"inLanguage\":\"sk-SK\"}]}<\/script>\n<!-- \/ Yoast SEO plugin. -->","yoast_head_json":{"title":"Jed\u00e1lensk\u00fd st\u00f4l 9 - DOMA","robots":{"index":"index","follow":"follow","max-snippet":"max-snippet:-1","max-image-preview":"max-image-preview:large","max-video-preview":"max-video-preview:-1"},"canonical":"https:\/\/domadesign.nl\/sk\/produkt\/jedalensky-stol-9\/","og_locale":"sk_SK","og_type":"article","og_title":"Jed\u00e1lensk\u00fd st\u00f4l 9 - DOMA","og_description":"o\u010dkov\u00fd topo\u013e s\u00a0epoxidom  yantar epoxy  200 x 110 cm  Povrchov\u00e1 \u00faprava: Tvrd\u00fd voskov\u00fd olej  &nbsp;  &nbsp;","og_url":"https:\/\/domadesign.nl\/sk\/produkt\/jedalensky-stol-9\/","og_site_name":"DOMA","article_modified_time":"2025-02-28T14:25:33+00:00","og_image":[{"width":1873,"height":1873,"url":"https:\/\/domadesign.nl\/wp-content\/uploads\/2025\/02\/Nahlad-2.jpg","type":"image\/jpeg"}],"twitter_card":"summary_large_image","schema":{"@context":"https:\/\/schema.org","@graph":[{"@type":"WebPage","@id":"https:\/\/domadesign.nl\/sk\/produkt\/jedalensky-stol-9\/","url":"https:\/\/domadesign.nl\/sk\/produkt\/jedalensky-stol-9\/","name":"Jed\u00e1lensk\u00fd st\u00f4l 9 - DOMA","isPartOf":{"@id":"https:\/\/domadesign.nl\/#website"},"datePublished":"2025-02-28T14:21:48+00:00","dateModified":"2025-02-28T14:25:33+00:00","breadcrumb":{"@id":"https:\/\/domadesign.nl\/sk\/produkt\/jedalensky-stol-9\/#breadcrumb"},"inLanguage":"sk-SK","potentialAction":[{"@type":"ReadAction","target":["https:\/\/domadesign.nl\/sk\/produkt\/jedalensky-stol-9\/"]}]},{"@type":"BreadcrumbList","@id":"https:\/\/domadesign.nl\/sk\/produkt\/jedalensky-stol-9\/#breadcrumb","itemListElement":[{"@type":"ListItem","position":1,"name":"Domovsk\u00e1 str\u00e1nka","item":"https:\/\/domadesign.nl\/sk\/"},{"@type":"ListItem","position":2,"name":"Obchod","item":"https:\/\/domadesign.nl\/obchod\/"},{"@type":"ListItem","position":3,"name":"Jed\u00e1lensk\u00fd st\u00f4l 9"}]},{"@type":"WebSite","@id":"https:\/\/domadesign.nl\/#website","url":"https:\/\/domadesign.nl\/","name":"DOMA","description":"Luxusn\u00fd interi\u00e9r","potentialAction":[{"@type":"SearchAction","target":{"@type":"EntryPoint","urlTemplate":"https:\/\/domadesign.nl\/?s={search_term_string}"},"query-input":"required name=search_term_string"}],"inLanguage":"sk-SK"}]}},"_links":{"self":[{"href":"https:\/\/domadesign.nl\/sk\/wp-json\/wp\/v2\/product\/4742","targetHints":{"allow":["GET"]}}],"collection":[{"href":"https:\/\/domadesign.nl\/sk\/wp-json\/wp\/v2\/product"}],"about":[{"href":"https:\/\/domadesign.nl\/sk\/wp-json\/wp\/v2\/types\/product"}],"wp:featuredmedia":[{"embeddable":true,"href":"https:\/\/domadesign.nl\/sk\/wp-json\/wp\/v2\/media\/4745"}],"wp:attachment":[{"href":"https:\/\/domadesign.nl\/sk\/wp-json\/wp\/v2\/media?parent=4742"}],"wp:term":[{"taxonomy":"product_brand","embeddable":true,"href":"https:\/\/domadesign.nl\/sk\/wp-json\/wp\/v2\/product_brand?post=4742"},{"taxonomy":"product_cat","embeddable":true,"href":"https:\/\/domadesign.nl\/sk\/wp-json\/wp\/v2\/product_cat?post=4742"},{"taxonomy":"product_tag","embeddable":true,"href":"https:\/\/domadesign.nl\/sk\/wp-json\/wp\/v2\/product_tag?post=4742"}],"curies":[{"name":"wp","href":"https:\/\/api.w.org\/{rel}","templated":true}]}}