{"id":4759,"date":"2025-03-27T20:54:08","date_gmt":"2025-03-27T19:54:08","guid":{"rendered":"https:\/\/domadesign.nl\/?post_type=product&#038;p=4759"},"modified":"2025-05-13T21:41:05","modified_gmt":"2025-05-13T19:41:05","slug":"suhail","status":"publish","type":"product","link":"https:\/\/domadesign.nl\/sk\/produkt\/suhail\/","title":{"rendered":"SUHAIL"},"content":{"rendered":"<h6>Technick\u00e1 \u0161pecifik\u00e1cia<\/h6>\n<p>D\u013a\u017eka: 4500mm, \u0160\u00edrka: 1120mm, V\u00fd\u0161ka: 760mm<\/p>\n<p>hmotnos\u0165: 450 kg<\/p>\n<h6>Materi\u00e1l stolovej dosky<\/h6>\n<p>Jase\u0148ov\u00e9 dosky<\/p>\n<h6>Materi\u00e1l podno\u017ee<\/h6>\n<p>Oce\u013e- hr\u00fabka 16mm<\/p>\n<h6>Personaliz\u00e1cia<\/h6>\n<p>Rozmery stola, povrchov\u00e9 \u00fapravy stola je mo\u017en\u00e9 prisp\u00f4sobi\u0165\u2019 po\u017eiadavk\u00e1m z\u00e1kazn\u00edka. Pre bli\u017e\u0161ie form\u00e1cie n\u00e1s pros\u00edm kontaktujte<\/p>\n<h6><\/h6>\n","protected":false},"excerpt":{"rendered":"<p>Jed\u00e1lensk\u00fd\/ rokovac\u00ed st\u00f4l SUHAIL<\/p>\n<p>Jednou z najd\u00f4le\u017eitej\u0161\u00edch funkci\u00ed kore\u0148a je pevn\u00e9 ukotvenie stromu v zemi za ka\u017ed\u00e9ho po\u010dasia, v da\u017edi, v snehu aj v silnom vetre. Stromy prostredn\u00edctvom kore\u0148ov\u00e9ho syst\u00e9mu navz\u00e1jom komunikuj\u00fa, \u010do je aj vedecky dok\u00e1zan\u00e9. Tento \u00fa\u017easn\u00fd v\u00fdtvor pr\u00edrody sme pou\u017eili, ako mot\u00edv pre podno\u017e jed\u00e1lensk\u00e9ho\/ rokovacieho stola SUHAIL.<\/p>\n<p>\u010cierna podno\u017e s jemnou \u0161trukt\u00farou je vyroben\u00e1 z ocele, ktor\u00e1 zabezpe\u010d\u00ed stolu dokonal\u00fa stabilitu a tuhos\u0165 a s \u013eahkos\u0165ou nesie vrchn\u00fa dosku tvoren\u00fa dvomi zrkadlovo zlepen\u00fdmi jase\u0148ov\u00fdmi doskami. Starostlivo vyberan\u00e9 dosky zabezpe\u010dia nielen vhodn\u00fd tvar, ale aj v\u00fdnimo\u010dn\u00fa \u0161trukt\u00faru a kresbu vrchnej dosky, ktor\u00e1 sa d\u00e1 dosiahnu\u0165 len spojen\u00edm dvoch sestersk\u00fdch dosiek odet\u00fdch do zamatovo matn\u00e9ho laku.<\/p>\n","protected":false},"featured_media":4762,"template":"","meta":[],"product_brand":[],"product_cat":[21],"product_tag":[23],"class_list":{"0":"post-4759","1":"product","2":"type-product","3":"status-publish","4":"has-post-thumbnail","6":"product_cat-nezaradene","7":"product_tag-domovoi","9":"first","10":"outofstock","11":"shipping-taxable","12":"purchasable","13":"product-type-simple"},"yoast_head":"<!-- This site is optimized with the Yoast SEO plugin v20.13 - https:\/\/yoast.com\/wordpress\/plugins\/seo\/ -->\n<title>SUHAIL - DOMA<\/title>\n<meta name=\"robots\" content=\"index, follow, max-snippet:-1, max-image-preview:large, max-video-preview:-1\" \/>\n<link rel=\"canonical\" href=\"https:\/\/domadesign.nl\/sk\/produkt\/suhail\/\" \/>\n<meta property=\"og:locale\" content=\"sk_SK\" \/>\n<meta property=\"og:type\" content=\"article\" \/>\n<meta property=\"og:title\" content=\"SUHAIL - DOMA\" \/>\n<meta property=\"og:description\" content=\"Jed\u00e1lensk\u00fd\/ rokovac\u00ed st\u00f4l SUHAIL  Jednou z najd\u00f4le\u017eitej\u0161\u00edch funkci\u00ed kore\u0148a je pevn\u00e9 ukotvenie stromu v zemi za ka\u017ed\u00e9ho po\u010dasia, v da\u017edi, v snehu aj v silnom vetre. Stromy prostredn\u00edctvom kore\u0148ov\u00e9ho syst\u00e9mu navz\u00e1jom komunikuj\u00fa, \u010do je aj vedecky dok\u00e1zan\u00e9. Tento \u00fa\u017easn\u00fd v\u00fdtvor pr\u00edrody sme pou\u017eili, ako mot\u00edv pre podno\u017e jed\u00e1lensk\u00e9ho\/ rokovacieho stola SUHAIL.  \u010cierna podno\u017e s jemnou \u0161trukt\u00farou je vyroben\u00e1 z ocele, ktor\u00e1 zabezpe\u010d\u00ed stolu dokonal\u00fa stabilitu a tuhos\u0165 a s \u013eahkos\u0165ou nesie vrchn\u00fa dosku tvoren\u00fa dvomi zrkadlovo zlepen\u00fdmi jase\u0148ov\u00fdmi doskami. Starostlivo vyberan\u00e9 dosky zabezpe\u010dia nielen vhodn\u00fd tvar, ale aj v\u00fdnimo\u010dn\u00fa \u0161trukt\u00faru a kresbu vrchnej dosky, ktor\u00e1 sa d\u00e1 dosiahnu\u0165 len spojen\u00edm dvoch sestersk\u00fdch dosiek odet\u00fdch do zamatovo matn\u00e9ho laku.\" \/>\n<meta property=\"og:url\" content=\"https:\/\/domadesign.nl\/sk\/produkt\/suhail\/\" \/>\n<meta property=\"og:site_name\" content=\"DOMA\" \/>\n<meta property=\"article:modified_time\" content=\"2025-05-13T19:41:05+00:00\" \/>\n<meta property=\"og:image\" content=\"https:\/\/domadesign.nl\/wp-content\/uploads\/2025\/03\/16-SUHAIL-sq.png\" \/>\n\t<meta property=\"og:image:width\" content=\"3300\" \/>\n\t<meta property=\"og:image:height\" content=\"3300\" \/>\n\t<meta property=\"og:image:type\" content=\"image\/png\" \/>\n<meta name=\"twitter:card\" content=\"summary_large_image\" \/>\n<meta name=\"twitter:label1\" content=\"Predpokladan\u00fd \u010das \u010d\u00edtania\" \/>\n\t<meta name=\"twitter:data1\" content=\"1 min\u00fata\" \/>\n<script type=\"application\/ld+json\" class=\"yoast-schema-graph\">{\"@context\":\"https:\/\/schema.org\",\"@graph\":[{\"@type\":\"WebPage\",\"@id\":\"https:\/\/domadesign.nl\/sk\/produkt\/suhail\/\",\"url\":\"https:\/\/domadesign.nl\/sk\/produkt\/suhail\/\",\"name\":\"SUHAIL - DOMA\",\"isPartOf\":{\"@id\":\"https:\/\/domadesign.nl\/#website\"},\"datePublished\":\"2025-03-27T19:54:08+00:00\",\"dateModified\":\"2025-05-13T19:41:05+00:00\",\"breadcrumb\":{\"@id\":\"https:\/\/domadesign.nl\/sk\/produkt\/suhail\/#breadcrumb\"},\"inLanguage\":\"sk-SK\",\"potentialAction\":[{\"@type\":\"ReadAction\",\"target\":[\"https:\/\/domadesign.nl\/sk\/produkt\/suhail\/\"]}]},{\"@type\":\"BreadcrumbList\",\"@id\":\"https:\/\/domadesign.nl\/sk\/produkt\/suhail\/#breadcrumb\",\"itemListElement\":[{\"@type\":\"ListItem\",\"position\":1,\"name\":\"Domovsk\u00e1 str\u00e1nka\",\"item\":\"https:\/\/domadesign.nl\/sk\/\"},{\"@type\":\"ListItem\",\"position\":2,\"name\":\"Obchod\",\"item\":\"https:\/\/domadesign.nl\/obchod\/\"},{\"@type\":\"ListItem\",\"position\":3,\"name\":\"SUHAIL\"}]},{\"@type\":\"WebSite\",\"@id\":\"https:\/\/domadesign.nl\/#website\",\"url\":\"https:\/\/domadesign.nl\/\",\"name\":\"DOMA\",\"description\":\"Luxusn\u00fd interi\u00e9r\",\"potentialAction\":[{\"@type\":\"SearchAction\",\"target\":{\"@type\":\"EntryPoint\",\"urlTemplate\":\"https:\/\/domadesign.nl\/?s={search_term_string}\"},\"query-input\":\"required name=search_term_string\"}],\"inLanguage\":\"sk-SK\"}]}<\/script>\n<!-- \/ Yoast SEO plugin. -->","yoast_head_json":{"title":"SUHAIL - DOMA","robots":{"index":"index","follow":"follow","max-snippet":"max-snippet:-1","max-image-preview":"max-image-preview:large","max-video-preview":"max-video-preview:-1"},"canonical":"https:\/\/domadesign.nl\/sk\/produkt\/suhail\/","og_locale":"sk_SK","og_type":"article","og_title":"SUHAIL - DOMA","og_description":"Jed\u00e1lensk\u00fd\/ rokovac\u00ed st\u00f4l SUHAIL  Jednou z najd\u00f4le\u017eitej\u0161\u00edch funkci\u00ed kore\u0148a je pevn\u00e9 ukotvenie stromu v zemi za ka\u017ed\u00e9ho po\u010dasia, v da\u017edi, v snehu aj v silnom vetre. Stromy prostredn\u00edctvom kore\u0148ov\u00e9ho syst\u00e9mu navz\u00e1jom komunikuj\u00fa, \u010do je aj vedecky dok\u00e1zan\u00e9. Tento \u00fa\u017easn\u00fd v\u00fdtvor pr\u00edrody sme pou\u017eili, ako mot\u00edv pre podno\u017e jed\u00e1lensk\u00e9ho\/ rokovacieho stola SUHAIL.  \u010cierna podno\u017e s jemnou \u0161trukt\u00farou je vyroben\u00e1 z ocele, ktor\u00e1 zabezpe\u010d\u00ed stolu dokonal\u00fa stabilitu a tuhos\u0165 a s \u013eahkos\u0165ou nesie vrchn\u00fa dosku tvoren\u00fa dvomi zrkadlovo zlepen\u00fdmi jase\u0148ov\u00fdmi doskami. Starostlivo vyberan\u00e9 dosky zabezpe\u010dia nielen vhodn\u00fd tvar, ale aj v\u00fdnimo\u010dn\u00fa \u0161trukt\u00faru a kresbu vrchnej dosky, ktor\u00e1 sa d\u00e1 dosiahnu\u0165 len spojen\u00edm dvoch sestersk\u00fdch dosiek odet\u00fdch do zamatovo matn\u00e9ho laku.","og_url":"https:\/\/domadesign.nl\/sk\/produkt\/suhail\/","og_site_name":"DOMA","article_modified_time":"2025-05-13T19:41:05+00:00","og_image":[{"width":3300,"height":3300,"url":"https:\/\/domadesign.nl\/wp-content\/uploads\/2025\/03\/16-SUHAIL-sq.png","type":"image\/png"}],"twitter_card":"summary_large_image","twitter_misc":{"Predpokladan\u00fd \u010das \u010d\u00edtania":"1 min\u00fata"},"schema":{"@context":"https:\/\/schema.org","@graph":[{"@type":"WebPage","@id":"https:\/\/domadesign.nl\/sk\/produkt\/suhail\/","url":"https:\/\/domadesign.nl\/sk\/produkt\/suhail\/","name":"SUHAIL - DOMA","isPartOf":{"@id":"https:\/\/domadesign.nl\/#website"},"datePublished":"2025-03-27T19:54:08+00:00","dateModified":"2025-05-13T19:41:05+00:00","breadcrumb":{"@id":"https:\/\/domadesign.nl\/sk\/produkt\/suhail\/#breadcrumb"},"inLanguage":"sk-SK","potentialAction":[{"@type":"ReadAction","target":["https:\/\/domadesign.nl\/sk\/produkt\/suhail\/"]}]},{"@type":"BreadcrumbList","@id":"https:\/\/domadesign.nl\/sk\/produkt\/suhail\/#breadcrumb","itemListElement":[{"@type":"ListItem","position":1,"name":"Domovsk\u00e1 str\u00e1nka","item":"https:\/\/domadesign.nl\/sk\/"},{"@type":"ListItem","position":2,"name":"Obchod","item":"https:\/\/domadesign.nl\/obchod\/"},{"@type":"ListItem","position":3,"name":"SUHAIL"}]},{"@type":"WebSite","@id":"https:\/\/domadesign.nl\/#website","url":"https:\/\/domadesign.nl\/","name":"DOMA","description":"Luxusn\u00fd interi\u00e9r","potentialAction":[{"@type":"SearchAction","target":{"@type":"EntryPoint","urlTemplate":"https:\/\/domadesign.nl\/?s={search_term_string}"},"query-input":"required name=search_term_string"}],"inLanguage":"sk-SK"}]}},"_links":{"self":[{"href":"https:\/\/domadesign.nl\/sk\/wp-json\/wp\/v2\/product\/4759","targetHints":{"allow":["GET"]}}],"collection":[{"href":"https:\/\/domadesign.nl\/sk\/wp-json\/wp\/v2\/product"}],"about":[{"href":"https:\/\/domadesign.nl\/sk\/wp-json\/wp\/v2\/types\/product"}],"wp:featuredmedia":[{"embeddable":true,"href":"https:\/\/domadesign.nl\/sk\/wp-json\/wp\/v2\/media\/4762"}],"wp:attachment":[{"href":"https:\/\/domadesign.nl\/sk\/wp-json\/wp\/v2\/media?parent=4759"}],"wp:term":[{"taxonomy":"product_brand","embeddable":true,"href":"https:\/\/domadesign.nl\/sk\/wp-json\/wp\/v2\/product_brand?post=4759"},{"taxonomy":"product_cat","embeddable":true,"href":"https:\/\/domadesign.nl\/sk\/wp-json\/wp\/v2\/product_cat?post=4759"},{"taxonomy":"product_tag","embeddable":true,"href":"https:\/\/domadesign.nl\/sk\/wp-json\/wp\/v2\/product_tag?post=4759"}],"curies":[{"name":"wp","href":"https:\/\/api.w.org\/{rel}","templated":true}]}}