{"id":793,"date":"2022-04-14T16:40:14","date_gmt":"2022-04-14T14:40:14","guid":{"rendered":"https:\/\/domadesign.nl\/?post_type=product&#038;p=793"},"modified":"2025-01-13T15:05:44","modified_gmt":"2025-01-13T14:05:44","slug":"postel-s-netradicnym-dizajnom","status":"publish","type":"product","link":"https:\/\/domadesign.nl\/sk\/produkt\/postel-s-netradicnym-dizajnom\/","title":{"rendered":"Poste\u013e s netradi\u010dn\u00fdm dizajnom"},"content":{"rendered":"","protected":false},"excerpt":{"rendered":"<p>Poste\u013e na rozmer matraca 180-200 cm v kombin\u00e1cii dreven\u00e1 la\u0165ovka a mas\u00edv dub-orech-meranti s netradi\u010dn\u00fdm dizajnom &#8222;Netradi\u010dn\u00e1&#8220;<\/p>\n<p>V\u00fd\u0161ka zadn\u00e9ho \u010dela postele 125 cm<\/p>\n<div>Mo\u017enos\u0165 dodania lamelov\u00fdch ro\u0161tov Double T5 za pr\u00edplatok 100 \u20ac<\/div>\n","protected":false},"featured_media":3037,"template":"","meta":[],"product_brand":[],"product_cat":[21],"product_tag":[34],"class_list":{"0":"post-793","1":"product","2":"type-product","3":"status-publish","4":"has-post-thumbnail","6":"product_cat-nezaradene","7":"product_tag-kolac","9":"first","10":"outofstock","11":"shipping-taxable","12":"purchasable","13":"product-type-simple"},"yoast_head":"<!-- This site is optimized with the Yoast SEO plugin v20.13 - https:\/\/yoast.com\/wordpress\/plugins\/seo\/ -->\n<title>Poste\u013e s netradi\u010dn\u00fdm dizajnom - DOMA<\/title>\n<meta name=\"robots\" content=\"index, follow, max-snippet:-1, max-image-preview:large, max-video-preview:-1\" \/>\n<link rel=\"canonical\" href=\"https:\/\/domadesign.nl\/sk\/produkt\/postel-s-netradicnym-dizajnom\/\" \/>\n<meta property=\"og:locale\" content=\"sk_SK\" \/>\n<meta property=\"og:type\" content=\"article\" \/>\n<meta property=\"og:title\" content=\"Poste\u013e s netradi\u010dn\u00fdm dizajnom - DOMA\" \/>\n<meta property=\"og:description\" content=\"Poste\u013e na rozmer matraca 180-200 cm v kombin\u00e1cii dreven\u00e1 la\u0165ovka a mas\u00edv dub-orech-meranti s netradi\u010dn\u00fdm dizajnom &quot;Netradi\u010dn\u00e1&quot;  V\u00fd\u0161ka zadn\u00e9ho \u010dela postele 125 cm Mo\u017enos\u0165 dodania lamelov\u00fdch ro\u0161tov Double T5 za pr\u00edplatok 100 \u20ac\" \/>\n<meta property=\"og:url\" content=\"https:\/\/domadesign.nl\/sk\/produkt\/postel-s-netradicnym-dizajnom\/\" \/>\n<meta property=\"og:site_name\" content=\"DOMA\" \/>\n<meta property=\"article:modified_time\" content=\"2025-01-13T14:05:44+00:00\" \/>\n<meta property=\"og:image\" content=\"https:\/\/domadesign.nl\/wp-content\/uploads\/2022\/04\/S-netradicnym-dizajnom-nahlad.jpg\" \/>\n\t<meta property=\"og:image:width\" content=\"667\" \/>\n\t<meta property=\"og:image:height\" content=\"667\" \/>\n\t<meta property=\"og:image:type\" content=\"image\/jpeg\" \/>\n<meta name=\"twitter:card\" content=\"summary_large_image\" \/>\n<script type=\"application\/ld+json\" class=\"yoast-schema-graph\">{\"@context\":\"https:\/\/schema.org\",\"@graph\":[{\"@type\":\"WebPage\",\"@id\":\"https:\/\/domadesign.nl\/sk\/produkt\/postel-s-netradicnym-dizajnom\/\",\"url\":\"https:\/\/domadesign.nl\/sk\/produkt\/postel-s-netradicnym-dizajnom\/\",\"name\":\"Poste\u013e s netradi\u010dn\u00fdm dizajnom - DOMA\",\"isPartOf\":{\"@id\":\"https:\/\/domadesign.nl\/#website\"},\"datePublished\":\"2022-04-14T14:40:14+00:00\",\"dateModified\":\"2025-01-13T14:05:44+00:00\",\"breadcrumb\":{\"@id\":\"https:\/\/domadesign.nl\/sk\/produkt\/postel-s-netradicnym-dizajnom\/#breadcrumb\"},\"inLanguage\":\"sk-SK\",\"potentialAction\":[{\"@type\":\"ReadAction\",\"target\":[\"https:\/\/domadesign.nl\/sk\/produkt\/postel-s-netradicnym-dizajnom\/\"]}]},{\"@type\":\"BreadcrumbList\",\"@id\":\"https:\/\/domadesign.nl\/sk\/produkt\/postel-s-netradicnym-dizajnom\/#breadcrumb\",\"itemListElement\":[{\"@type\":\"ListItem\",\"position\":1,\"name\":\"Domovsk\u00e1 str\u00e1nka\",\"item\":\"https:\/\/domadesign.nl\/sk\/\"},{\"@type\":\"ListItem\",\"position\":2,\"name\":\"Obchod\",\"item\":\"https:\/\/domadesign.nl\/obchod\/\"},{\"@type\":\"ListItem\",\"position\":3,\"name\":\"Poste\u013e s netradi\u010dn\u00fdm dizajnom\"}]},{\"@type\":\"WebSite\",\"@id\":\"https:\/\/domadesign.nl\/#website\",\"url\":\"https:\/\/domadesign.nl\/\",\"name\":\"DOMA\",\"description\":\"Luxusn\u00fd interi\u00e9r\",\"potentialAction\":[{\"@type\":\"SearchAction\",\"target\":{\"@type\":\"EntryPoint\",\"urlTemplate\":\"https:\/\/domadesign.nl\/?s={search_term_string}\"},\"query-input\":\"required name=search_term_string\"}],\"inLanguage\":\"sk-SK\"}]}<\/script>\n<!-- \/ Yoast SEO plugin. -->","yoast_head_json":{"title":"Poste\u013e s netradi\u010dn\u00fdm dizajnom - DOMA","robots":{"index":"index","follow":"follow","max-snippet":"max-snippet:-1","max-image-preview":"max-image-preview:large","max-video-preview":"max-video-preview:-1"},"canonical":"https:\/\/domadesign.nl\/sk\/produkt\/postel-s-netradicnym-dizajnom\/","og_locale":"sk_SK","og_type":"article","og_title":"Poste\u013e s netradi\u010dn\u00fdm dizajnom - DOMA","og_description":"Poste\u013e na rozmer matraca 180-200 cm v kombin\u00e1cii dreven\u00e1 la\u0165ovka a mas\u00edv dub-orech-meranti s netradi\u010dn\u00fdm dizajnom \"Netradi\u010dn\u00e1\"  V\u00fd\u0161ka zadn\u00e9ho \u010dela postele 125 cm Mo\u017enos\u0165 dodania lamelov\u00fdch ro\u0161tov Double T5 za pr\u00edplatok 100 \u20ac","og_url":"https:\/\/domadesign.nl\/sk\/produkt\/postel-s-netradicnym-dizajnom\/","og_site_name":"DOMA","article_modified_time":"2025-01-13T14:05:44+00:00","og_image":[{"width":667,"height":667,"url":"https:\/\/domadesign.nl\/wp-content\/uploads\/2022\/04\/S-netradicnym-dizajnom-nahlad.jpg","type":"image\/jpeg"}],"twitter_card":"summary_large_image","schema":{"@context":"https:\/\/schema.org","@graph":[{"@type":"WebPage","@id":"https:\/\/domadesign.nl\/sk\/produkt\/postel-s-netradicnym-dizajnom\/","url":"https:\/\/domadesign.nl\/sk\/produkt\/postel-s-netradicnym-dizajnom\/","name":"Poste\u013e s netradi\u010dn\u00fdm dizajnom - DOMA","isPartOf":{"@id":"https:\/\/domadesign.nl\/#website"},"datePublished":"2022-04-14T14:40:14+00:00","dateModified":"2025-01-13T14:05:44+00:00","breadcrumb":{"@id":"https:\/\/domadesign.nl\/sk\/produkt\/postel-s-netradicnym-dizajnom\/#breadcrumb"},"inLanguage":"sk-SK","potentialAction":[{"@type":"ReadAction","target":["https:\/\/domadesign.nl\/sk\/produkt\/postel-s-netradicnym-dizajnom\/"]}]},{"@type":"BreadcrumbList","@id":"https:\/\/domadesign.nl\/sk\/produkt\/postel-s-netradicnym-dizajnom\/#breadcrumb","itemListElement":[{"@type":"ListItem","position":1,"name":"Domovsk\u00e1 str\u00e1nka","item":"https:\/\/domadesign.nl\/sk\/"},{"@type":"ListItem","position":2,"name":"Obchod","item":"https:\/\/domadesign.nl\/obchod\/"},{"@type":"ListItem","position":3,"name":"Poste\u013e s netradi\u010dn\u00fdm dizajnom"}]},{"@type":"WebSite","@id":"https:\/\/domadesign.nl\/#website","url":"https:\/\/domadesign.nl\/","name":"DOMA","description":"Luxusn\u00fd interi\u00e9r","potentialAction":[{"@type":"SearchAction","target":{"@type":"EntryPoint","urlTemplate":"https:\/\/domadesign.nl\/?s={search_term_string}"},"query-input":"required name=search_term_string"}],"inLanguage":"sk-SK"}]}},"_links":{"self":[{"href":"https:\/\/domadesign.nl\/sk\/wp-json\/wp\/v2\/product\/793","targetHints":{"allow":["GET"]}}],"collection":[{"href":"https:\/\/domadesign.nl\/sk\/wp-json\/wp\/v2\/product"}],"about":[{"href":"https:\/\/domadesign.nl\/sk\/wp-json\/wp\/v2\/types\/product"}],"wp:featuredmedia":[{"embeddable":true,"href":"https:\/\/domadesign.nl\/sk\/wp-json\/wp\/v2\/media\/3037"}],"wp:attachment":[{"href":"https:\/\/domadesign.nl\/sk\/wp-json\/wp\/v2\/media?parent=793"}],"wp:term":[{"taxonomy":"product_brand","embeddable":true,"href":"https:\/\/domadesign.nl\/sk\/wp-json\/wp\/v2\/product_brand?post=793"},{"taxonomy":"product_cat","embeddable":true,"href":"https:\/\/domadesign.nl\/sk\/wp-json\/wp\/v2\/product_cat?post=793"},{"taxonomy":"product_tag","embeddable":true,"href":"https:\/\/domadesign.nl\/sk\/wp-json\/wp\/v2\/product_tag?post=793"}],"curies":[{"name":"wp","href":"https:\/\/api.w.org\/{rel}","templated":true}]}}