{"id":806,"date":"2022-04-14T16:44:37","date_gmt":"2022-04-14T14:44:37","guid":{"rendered":"https:\/\/domadesign.nl\/?post_type=product&#038;p=806"},"modified":"2025-01-13T15:14:13","modified_gmt":"2025-01-13T14:14:13","slug":"postel-z-8-druhov-drevin","status":"publish","type":"product","link":"https:\/\/domadesign.nl\/sk\/produkt\/postel-z-8-druhov-drevin\/","title":{"rendered":"Poste\u013e z 8 druhov drev\u00edn"},"content":{"rendered":"","protected":false},"excerpt":{"rendered":"<p>Poste\u013e na rozmer matraca 200-200 cm v intarzii z 8.druhov\u00a0drev\u00edn a no\u010dn\u00e9 stol\u00edky so svieten\u00edm<\/p>\n<p>V\u00fd\u0161ka zadn\u00e9ho \u010dela postele 142 cm<\/p>\n<div>Mo\u017enos\u0165 dodania lamelov\u00fdch ro\u0161tov Double T5 za pr\u00edplatok 100 \u20ac<\/div>\n","protected":false},"featured_media":807,"template":"","meta":[],"product_brand":[],"product_cat":[21],"product_tag":[34],"class_list":{"0":"post-806","1":"product","2":"type-product","3":"status-publish","4":"has-post-thumbnail","6":"product_cat-nezaradene","7":"product_tag-kolac","9":"first","10":"outofstock","11":"shipping-taxable","12":"purchasable","13":"product-type-simple"},"yoast_head":"<!-- This site is optimized with the Yoast SEO plugin v20.13 - https:\/\/yoast.com\/wordpress\/plugins\/seo\/ -->\n<title>Poste\u013e z 8 druhov drev\u00edn - DOMA<\/title>\n<meta name=\"robots\" content=\"index, follow, max-snippet:-1, max-image-preview:large, max-video-preview:-1\" \/>\n<link rel=\"canonical\" href=\"https:\/\/domadesign.nl\/sk\/produkt\/postel-z-8-druhov-drevin\/\" \/>\n<meta property=\"og:locale\" content=\"sk_SK\" \/>\n<meta property=\"og:type\" content=\"article\" \/>\n<meta property=\"og:title\" content=\"Poste\u013e z 8 druhov drev\u00edn - DOMA\" \/>\n<meta property=\"og:description\" content=\"Poste\u013e na rozmer matraca 200-200 cm v intarzii z 8.druhov\u00a0drev\u00edn a no\u010dn\u00e9 stol\u00edky so svieten\u00edm  V\u00fd\u0161ka zadn\u00e9ho \u010dela postele 142 cm Mo\u017enos\u0165 dodania lamelov\u00fdch ro\u0161tov Double T5 za pr\u00edplatok 100 \u20ac\" \/>\n<meta property=\"og:url\" content=\"https:\/\/domadesign.nl\/sk\/produkt\/postel-z-8-druhov-drevin\/\" \/>\n<meta property=\"og:site_name\" content=\"DOMA\" \/>\n<meta property=\"article:modified_time\" content=\"2025-01-13T14:14:13+00:00\" \/>\n<meta property=\"og:image\" content=\"https:\/\/domadesign.nl\/wp-content\/uploads\/2022\/04\/MG_5370.jpg\" \/>\n\t<meta property=\"og:image:width\" content=\"1100\" \/>\n\t<meta property=\"og:image:height\" content=\"704\" \/>\n\t<meta property=\"og:image:type\" content=\"image\/jpeg\" \/>\n<meta name=\"twitter:card\" content=\"summary_large_image\" \/>\n<script type=\"application\/ld+json\" class=\"yoast-schema-graph\">{\"@context\":\"https:\/\/schema.org\",\"@graph\":[{\"@type\":\"WebPage\",\"@id\":\"https:\/\/domadesign.nl\/sk\/produkt\/postel-z-8-druhov-drevin\/\",\"url\":\"https:\/\/domadesign.nl\/sk\/produkt\/postel-z-8-druhov-drevin\/\",\"name\":\"Poste\u013e z 8 druhov drev\u00edn - DOMA\",\"isPartOf\":{\"@id\":\"https:\/\/domadesign.nl\/#website\"},\"datePublished\":\"2022-04-14T14:44:37+00:00\",\"dateModified\":\"2025-01-13T14:14:13+00:00\",\"breadcrumb\":{\"@id\":\"https:\/\/domadesign.nl\/sk\/produkt\/postel-z-8-druhov-drevin\/#breadcrumb\"},\"inLanguage\":\"sk-SK\",\"potentialAction\":[{\"@type\":\"ReadAction\",\"target\":[\"https:\/\/domadesign.nl\/sk\/produkt\/postel-z-8-druhov-drevin\/\"]}]},{\"@type\":\"BreadcrumbList\",\"@id\":\"https:\/\/domadesign.nl\/sk\/produkt\/postel-z-8-druhov-drevin\/#breadcrumb\",\"itemListElement\":[{\"@type\":\"ListItem\",\"position\":1,\"name\":\"Domovsk\u00e1 str\u00e1nka\",\"item\":\"https:\/\/domadesign.nl\/sk\/\"},{\"@type\":\"ListItem\",\"position\":2,\"name\":\"Obchod\",\"item\":\"https:\/\/domadesign.nl\/obchod\/\"},{\"@type\":\"ListItem\",\"position\":3,\"name\":\"Poste\u013e z 8 druhov drev\u00edn\"}]},{\"@type\":\"WebSite\",\"@id\":\"https:\/\/domadesign.nl\/#website\",\"url\":\"https:\/\/domadesign.nl\/\",\"name\":\"DOMA\",\"description\":\"Luxusn\u00fd interi\u00e9r\",\"potentialAction\":[{\"@type\":\"SearchAction\",\"target\":{\"@type\":\"EntryPoint\",\"urlTemplate\":\"https:\/\/domadesign.nl\/?s={search_term_string}\"},\"query-input\":\"required name=search_term_string\"}],\"inLanguage\":\"sk-SK\"}]}<\/script>\n<!-- \/ Yoast SEO plugin. -->","yoast_head_json":{"title":"Poste\u013e z 8 druhov drev\u00edn - DOMA","robots":{"index":"index","follow":"follow","max-snippet":"max-snippet:-1","max-image-preview":"max-image-preview:large","max-video-preview":"max-video-preview:-1"},"canonical":"https:\/\/domadesign.nl\/sk\/produkt\/postel-z-8-druhov-drevin\/","og_locale":"sk_SK","og_type":"article","og_title":"Poste\u013e z 8 druhov drev\u00edn - DOMA","og_description":"Poste\u013e na rozmer matraca 200-200 cm v intarzii z 8.druhov\u00a0drev\u00edn a no\u010dn\u00e9 stol\u00edky so svieten\u00edm  V\u00fd\u0161ka zadn\u00e9ho \u010dela postele 142 cm Mo\u017enos\u0165 dodania lamelov\u00fdch ro\u0161tov Double T5 za pr\u00edplatok 100 \u20ac","og_url":"https:\/\/domadesign.nl\/sk\/produkt\/postel-z-8-druhov-drevin\/","og_site_name":"DOMA","article_modified_time":"2025-01-13T14:14:13+00:00","og_image":[{"width":1100,"height":704,"url":"https:\/\/domadesign.nl\/wp-content\/uploads\/2022\/04\/MG_5370.jpg","type":"image\/jpeg"}],"twitter_card":"summary_large_image","schema":{"@context":"https:\/\/schema.org","@graph":[{"@type":"WebPage","@id":"https:\/\/domadesign.nl\/sk\/produkt\/postel-z-8-druhov-drevin\/","url":"https:\/\/domadesign.nl\/sk\/produkt\/postel-z-8-druhov-drevin\/","name":"Poste\u013e z 8 druhov drev\u00edn - DOMA","isPartOf":{"@id":"https:\/\/domadesign.nl\/#website"},"datePublished":"2022-04-14T14:44:37+00:00","dateModified":"2025-01-13T14:14:13+00:00","breadcrumb":{"@id":"https:\/\/domadesign.nl\/sk\/produkt\/postel-z-8-druhov-drevin\/#breadcrumb"},"inLanguage":"sk-SK","potentialAction":[{"@type":"ReadAction","target":["https:\/\/domadesign.nl\/sk\/produkt\/postel-z-8-druhov-drevin\/"]}]},{"@type":"BreadcrumbList","@id":"https:\/\/domadesign.nl\/sk\/produkt\/postel-z-8-druhov-drevin\/#breadcrumb","itemListElement":[{"@type":"ListItem","position":1,"name":"Domovsk\u00e1 str\u00e1nka","item":"https:\/\/domadesign.nl\/sk\/"},{"@type":"ListItem","position":2,"name":"Obchod","item":"https:\/\/domadesign.nl\/obchod\/"},{"@type":"ListItem","position":3,"name":"Poste\u013e z 8 druhov drev\u00edn"}]},{"@type":"WebSite","@id":"https:\/\/domadesign.nl\/#website","url":"https:\/\/domadesign.nl\/","name":"DOMA","description":"Luxusn\u00fd interi\u00e9r","potentialAction":[{"@type":"SearchAction","target":{"@type":"EntryPoint","urlTemplate":"https:\/\/domadesign.nl\/?s={search_term_string}"},"query-input":"required name=search_term_string"}],"inLanguage":"sk-SK"}]}},"_links":{"self":[{"href":"https:\/\/domadesign.nl\/sk\/wp-json\/wp\/v2\/product\/806","targetHints":{"allow":["GET"]}}],"collection":[{"href":"https:\/\/domadesign.nl\/sk\/wp-json\/wp\/v2\/product"}],"about":[{"href":"https:\/\/domadesign.nl\/sk\/wp-json\/wp\/v2\/types\/product"}],"wp:featuredmedia":[{"embeddable":true,"href":"https:\/\/domadesign.nl\/sk\/wp-json\/wp\/v2\/media\/807"}],"wp:attachment":[{"href":"https:\/\/domadesign.nl\/sk\/wp-json\/wp\/v2\/media?parent=806"}],"wp:term":[{"taxonomy":"product_brand","embeddable":true,"href":"https:\/\/domadesign.nl\/sk\/wp-json\/wp\/v2\/product_brand?post=806"},{"taxonomy":"product_cat","embeddable":true,"href":"https:\/\/domadesign.nl\/sk\/wp-json\/wp\/v2\/product_cat?post=806"},{"taxonomy":"product_tag","embeddable":true,"href":"https:\/\/domadesign.nl\/sk\/wp-json\/wp\/v2\/product_tag?post=806"}],"curies":[{"name":"wp","href":"https:\/\/api.w.org\/{rel}","templated":true}]}}